{"id":940,"date":"2021-05-21T14:57:14","date_gmt":"2021-05-21T14:57:14","guid":{"rendered":"https:\/\/magikland.pt\/?page_id=940"},"modified":"2022-04-15T17:59:18","modified_gmt":"2022-04-15T17:59:18","slug":"rio-bravo","status":"publish","type":"page","link":"https:\/\/magikland.pt\/es\/rio-bravo\/","title":{"rendered":"Rio Bravo"},"content":{"rendered":"<div data-elementor-type=\"wp-page\" data-elementor-id=\"940\" class=\"elementor elementor-940\">\n\t\t\t\t\t\t<section class=\"elementor-section elementor-top-section elementor-element elementor-element-bf1e418 elementor-section-boxed elementor-section-height-default elementor-section-height-default\" data-id=\"bf1e418\" data-element_type=\"section\" data-e-type=\"section\">\n\t\t\t\t\t\t<div class=\"elementor-container elementor-column-gap-default\">\n\t\t\t\t\t<div class=\"elementor-column elementor-col-100 elementor-top-column elementor-element elementor-element-87a9659\" data-id=\"87a9659\" data-element_type=\"column\" data-e-type=\"column\">\n\t\t\t<div class=\"elementor-widget-wrap elementor-element-populated\">\n\t\t\t\t\t\t<div class=\"elementor-element elementor-element-3bdcd40 elementor-widget elementor-widget-spacer\" data-id=\"3bdcd40\" data-element_type=\"widget\" data-e-type=\"widget\" data-widget_type=\"spacer.default\">\n\t\t\t\t<div class=\"elementor-widget-container\">\n\t\t\t\t\t\t\t<div class=\"elementor-spacer\">\n\t\t\t<div class=\"elementor-spacer-inner\"><\/div>\n\t\t<\/div>\n\t\t\t\t\t\t<\/div>\n\t\t\t\t<\/div>\n\t\t\t\t\t<\/div>\n\t\t<\/div>\n\t\t\t\t\t<\/div>\n\t\t<\/section>\n\t\t\t\t<section class=\"elementor-section elementor-top-section elementor-element elementor-element-5316207 elementor-section-boxed elementor-section-height-default elementor-section-height-default\" data-id=\"5316207\" data-element_type=\"section\" data-e-type=\"section\">\n\t\t\t\t\t\t<div class=\"elementor-container elementor-column-gap-default\">\n\t\t\t\t\t<div class=\"elementor-column elementor-col-100 elementor-top-column elementor-element elementor-element-133185e\" data-id=\"133185e\" data-element_type=\"column\" data-e-type=\"column\">\n\t\t\t<div class=\"elementor-widget-wrap elementor-element-populated\">\n\t\t\t\t\t\t<div class=\"elementor-element elementor-element-45c0835 elementor-widget elementor-widget-video\" data-id=\"45c0835\" data-element_type=\"widget\" data-e-type=\"widget\" data-settings=\"{&quot;youtube_url&quot;:&quot;https:\\\/\\\/www.youtube.com\\\/watch?v=mGiqQR089yU&amp;t=2s&quot;,&quot;video_type&quot;:&quot;youtube&quot;,&quot;controls&quot;:&quot;yes&quot;}\" data-widget_type=\"video.default\">\n\t\t\t\t<div class=\"elementor-widget-container\">\n\t\t\t\t\t\t\t<div class=\"elementor-wrapper elementor-open-inline\">\n\t\t\t<div class=\"elementor-video\"><\/div>\t\t<\/div>\n\t\t\t\t\t\t<\/div>\n\t\t\t\t<\/div>\n\t\t\t\t\t<\/div>\n\t\t<\/div>\n\t\t\t\t\t<\/div>\n\t\t<\/section>\n\t\t\t\t<section class=\"elementor-section elementor-top-section elementor-element elementor-element-1a656676 elementor-section-content-middle elementor-reverse-mobile elementor-section-boxed elementor-section-height-default elementor-section-height-default\" data-id=\"1a656676\" data-element_type=\"section\" data-e-type=\"section\">\n\t\t\t\t\t\t<div class=\"elementor-container elementor-column-gap-no\">\n\t\t\t\t\t<div class=\"elementor-column elementor-col-33 elementor-top-column elementor-element elementor-element-5ce657c1\" data-id=\"5ce657c1\" data-element_type=\"column\" data-e-type=\"column\">\n\t\t\t<div class=\"elementor-widget-wrap elementor-element-populated\">\n\t\t\t\t\t\t<div class=\"elementor-element elementor-element-41434132 elementor-widget elementor-widget-heading\" data-id=\"41434132\" data-element_type=\"widget\" data-e-type=\"widget\" data-widget_type=\"heading.default\">\n\t\t\t\t<div class=\"elementor-widget-container\">\n\t\t\t\t\t<h4 class=\"elementor-heading-title elementor-size-default\">RIO BRAVO<\/h4>\t\t\t\t<\/div>\n\t\t\t\t<\/div>\n\t\t\t\t<div class=\"elementor-element elementor-element-5948fb86 elementor-widget elementor-widget-text-editor\" data-id=\"5948fb86\" data-element_type=\"widget\" data-e-type=\"widget\" data-widget_type=\"text-editor.default\">\n\t\t\t\t<div class=\"elementor-widget-container\">\n\t\t\t\t\t\t\t\t\t<p id=\"u7625-2\">Subir y descubrir el r\u00edo emergiendo\u2026<br \/>La densa vegetaci\u00f3n nos ense\u00f1a la bravura del lugar\u2026<br \/>Las aguas m\u00e1s turbias y revueltas provocan la adrenalina del descenso, que lo har\u00e1n repetir\u2026<br \/>Solamente lleno se quedar\u00e1 con la ropa mojada\u2026<\/p>\t\t\t\t\t\t\t\t<\/div>\n\t\t\t\t<\/div>\n\t\t\t\t\t<\/div>\n\t\t<\/div>\n\t\t\t\t<div class=\"elementor-column elementor-col-66 elementor-top-column elementor-element elementor-element-3cb64a62\" data-id=\"3cb64a62\" data-element_type=\"column\" data-e-type=\"column\">\n\t\t\t<div class=\"elementor-widget-wrap elementor-element-populated\">\n\t\t\t\t\t\t<div class=\"elementor-element elementor-element-63459dcc elementor-widget elementor-widget-image\" data-id=\"63459dcc\" data-element_type=\"widget\" data-e-type=\"widget\" data-widget_type=\"image.default\">\n\t\t\t\t<div class=\"elementor-widget-container\">\n\t\t\t\t\t\t\t\t\t\t\t\t\t\t\t<img fetchpriority=\"high\" decoding=\"async\" width=\"1024\" height=\"1024\" src=\"https:\/\/magikland.pt\/wp-content\/uploads\/2021\/05\/RIO-BRAVO1-1024x1024.png\" class=\"attachment-large size-large wp-image-742\" alt=\"\" srcset=\"https:\/\/magikland.pt\/wp-content\/uploads\/2021\/05\/RIO-BRAVO1-1024x1024.png 1024w, https:\/\/magikland.pt\/wp-content\/uploads\/2021\/05\/RIO-BRAVO1-300x300.png 300w, https:\/\/magikland.pt\/wp-content\/uploads\/2021\/05\/RIO-BRAVO1-150x150.png 150w, https:\/\/magikland.pt\/wp-content\/uploads\/2021\/05\/RIO-BRAVO1-768x768.png 768w, https:\/\/magikland.pt\/wp-content\/uploads\/2021\/05\/RIO-BRAVO1.png 1154w\" sizes=\"(max-width: 1024px) 100vw, 1024px\" \/>\t\t\t\t\t\t\t\t\t\t\t\t\t\t\t<\/div>\n\t\t\t\t<\/div>\n\t\t\t\t\t<\/div>\n\t\t<\/div>\n\t\t\t\t\t<\/div>\n\t\t<\/section>\n\t\t\t\t<section class=\"elementor-section elementor-top-section elementor-element elementor-element-f5be1a4 elementor-section-boxed elementor-section-height-default elementor-section-height-default\" data-id=\"f5be1a4\" data-element_type=\"section\" data-e-type=\"section\">\n\t\t\t\t\t\t<div class=\"elementor-container elementor-column-gap-default\">\n\t\t\t\t\t<div class=\"elementor-column elementor-col-33 elementor-top-column elementor-element elementor-element-bb7ccf8\" data-id=\"bb7ccf8\" data-element_type=\"column\" data-e-type=\"column\">\n\t\t\t<div class=\"elementor-widget-wrap elementor-element-populated\">\n\t\t\t\t\t\t<div class=\"elementor-element elementor-element-b7508f4 elementor-widget elementor-widget-text-editor\" data-id=\"b7508f4\" data-element_type=\"widget\" data-e-type=\"widget\" data-widget_type=\"text-editor.default\">\n\t\t\t\t<div class=\"elementor-widget-container\">\n\t\t\t\t\t\t\t\t\t<p id=\"u7625-12\"><strong><span id=\"u7625-11\">Ficha T\u00e9cnica:<br \/><\/span><\/strong><span id=\"u7625-14\"><strong>Apertura:<\/strong>\u00a0<\/span><span id=\"u7625-15\">10h30<br \/><\/span><span id=\"u7625-17\"><strong>Cerrado:<\/strong>\u00a0<\/span><span id=\"u7625-18\">12h00 \u00e1s 13h00<\/span><\/p><p id=\"u7625-23\"><strong><span id=\"u7625-21\">Edad:<\/span><\/strong>\u00a0Maiores que 4 A\u00f1os<br \/><strong><span id=\"u7625-24\">Altura M\u00ednima:<\/span><\/strong>\u00a01,20m.<\/p><p id=\"u7625-29\">Los ni\u00f1os deben estar acompa\u00f1ados por un adulto.<\/p><p id=\"u7625-32\"><strong>No es recomendable a personas:<br \/><\/strong>\u00a0\u00a0 \u2022 Con dolencias en las espaldas;<br \/>\u00a0\u00a0 \u2022 Con problemas cardiacos;<br \/>\u00a0\u00a0 \u2022 Embarazadas;<br \/>\u00a0\u00a0 \u2022 Postoperatorio.<\/p><p id=\"u7625-43\"><strong>No es permitido:<br \/><\/strong>\u00a0\u00a0 \u2022 Saque los brazos de la canoa;<br \/>\u00a0\u00a0 \u2022 Comer \/ Beber;<br \/>\u00a0\u00a0 \u2022 Utilizar objetos sueltos.<\/p><p id=\"u7625-53\">Durante su funcionamiento, debe permanecerse sentado, respectando todas las indicaciones del monitor.<\/p>\t\t\t\t\t\t\t\t<\/div>\n\t\t\t\t<\/div>\n\t\t\t\t\t<\/div>\n\t\t<\/div>\n\t\t\t\t<div class=\"elementor-column elementor-col-66 elementor-top-column elementor-element elementor-element-07f80c9\" data-id=\"07f80c9\" data-element_type=\"column\" data-e-type=\"column\">\n\t\t\t<div class=\"elementor-widget-wrap elementor-element-populated\">\n\t\t\t\t\t\t<div class=\"elementor-element elementor-element-88b7d44 elementor-widget elementor-widget-image-gallery\" data-id=\"88b7d44\" data-element_type=\"widget\" data-e-type=\"widget\" data-widget_type=\"image-gallery.default\">\n\t\t\t\t<div class=\"elementor-widget-container\">\n\t\t\t\t\t\t\t<div class=\"elementor-image-gallery\">\n\t\t\t<div id='gallery-1' class='gallery galleryid-940 gallery-columns-2 gallery-size-medium'><figure class='gallery-item'>\n\t\t\t<div class='gallery-icon landscape'>\n\t\t\t\t<a data-elementor-open-lightbox=\"yes\" data-elementor-lightbox-slideshow=\"88b7d44\" data-elementor-lightbox-title=\"dsc_0068_1\" data-e-action-hash=\"#elementor-action%3Aaction%3Dlightbox%26settings%3DeyJpZCI6OTQzLCJ1cmwiOiJodHRwczpcL1wvbWFnaWtsYW5kLnB0XC93cC1jb250ZW50XC91cGxvYWRzXC8yMDIxXC8wNVwvZHNjXzAwNjhfMS5qcGciLCJzbGlkZXNob3ciOiI4OGI3ZDQ0In0%3D\" href='https:\/\/magikland.pt\/wp-content\/uploads\/2021\/05\/dsc_0068_1.jpg'><img decoding=\"async\" width=\"300\" height=\"200\" src=\"https:\/\/magikland.pt\/wp-content\/uploads\/2021\/05\/dsc_0068_1-300x200.jpg\" class=\"attachment-medium size-medium\" alt=\"\" srcset=\"https:\/\/magikland.pt\/wp-content\/uploads\/2021\/05\/dsc_0068_1-300x200.jpg 300w, https:\/\/magikland.pt\/wp-content\/uploads\/2021\/05\/dsc_0068_1-768x512.jpg 768w, https:\/\/magikland.pt\/wp-content\/uploads\/2021\/05\/dsc_0068_1.jpg 800w\" sizes=\"(max-width: 300px) 100vw, 300px\" \/><\/a>\n\t\t\t<\/div><\/figure><figure class='gallery-item'>\n\t\t\t<div class='gallery-icon landscape'>\n\t\t\t\t<a data-elementor-open-lightbox=\"yes\" data-elementor-lightbox-slideshow=\"88b7d44\" data-elementor-lightbox-title=\"dsc_0070\" data-e-action-hash=\"#elementor-action%3Aaction%3Dlightbox%26settings%3DeyJpZCI6OTQ0LCJ1cmwiOiJodHRwczpcL1wvbWFnaWtsYW5kLnB0XC93cC1jb250ZW50XC91cGxvYWRzXC8yMDIxXC8wNVwvZHNjXzAwNzAuanBnIiwic2xpZGVzaG93IjoiODhiN2Q0NCJ9\" href='https:\/\/magikland.pt\/wp-content\/uploads\/2021\/05\/dsc_0070.jpg'><img decoding=\"async\" width=\"300\" height=\"200\" src=\"https:\/\/magikland.pt\/wp-content\/uploads\/2021\/05\/dsc_0070-300x200.jpg\" class=\"attachment-medium size-medium\" alt=\"\" srcset=\"https:\/\/magikland.pt\/wp-content\/uploads\/2021\/05\/dsc_0070-300x200.jpg 300w, https:\/\/magikland.pt\/wp-content\/uploads\/2021\/05\/dsc_0070-768x512.jpg 768w, https:\/\/magikland.pt\/wp-content\/uploads\/2021\/05\/dsc_0070.jpg 800w\" sizes=\"(max-width: 300px) 100vw, 300px\" \/><\/a>\n\t\t\t<\/div><\/figure><figure class='gallery-item'>\n\t\t\t<div class='gallery-icon landscape'>\n\t\t\t\t<a data-elementor-open-lightbox=\"yes\" data-elementor-lightbox-slideshow=\"88b7d44\" data-elementor-lightbox-title=\"dsc_0114\" data-e-action-hash=\"#elementor-action%3Aaction%3Dlightbox%26settings%3DeyJpZCI6OTQ1LCJ1cmwiOiJodHRwczpcL1wvbWFnaWtsYW5kLnB0XC93cC1jb250ZW50XC91cGxvYWRzXC8yMDIxXC8wNVwvZHNjXzAxMTQuanBnIiwic2xpZGVzaG93IjoiODhiN2Q0NCJ9\" href='https:\/\/magikland.pt\/wp-content\/uploads\/2021\/05\/dsc_0114.jpg'><img loading=\"lazy\" decoding=\"async\" width=\"300\" height=\"200\" src=\"https:\/\/magikland.pt\/wp-content\/uploads\/2021\/05\/dsc_0114-300x200.jpg\" class=\"attachment-medium size-medium\" alt=\"\" srcset=\"https:\/\/magikland.pt\/wp-content\/uploads\/2021\/05\/dsc_0114-300x200.jpg 300w, https:\/\/magikland.pt\/wp-content\/uploads\/2021\/05\/dsc_0114-768x512.jpg 768w, https:\/\/magikland.pt\/wp-content\/uploads\/2021\/05\/dsc_0114.jpg 800w\" sizes=\"(max-width: 300px) 100vw, 300px\" \/><\/a>\n\t\t\t<\/div><\/figure><figure class='gallery-item'>\n\t\t\t<div class='gallery-icon landscape'>\n\t\t\t\t<a data-elementor-open-lightbox=\"yes\" data-elementor-lightbox-slideshow=\"88b7d44\" data-elementor-lightbox-title=\"img_0266_1\" data-e-action-hash=\"#elementor-action%3Aaction%3Dlightbox%26settings%3DeyJpZCI6OTQ2LCJ1cmwiOiJodHRwczpcL1wvbWFnaWtsYW5kLnB0XC93cC1jb250ZW50XC91cGxvYWRzXC8yMDIxXC8wNVwvaW1nXzAyNjZfMS5qcGciLCJzbGlkZXNob3ciOiI4OGI3ZDQ0In0%3D\" href='https:\/\/magikland.pt\/wp-content\/uploads\/2021\/05\/img_0266_1.jpg'><img loading=\"lazy\" decoding=\"async\" width=\"300\" height=\"200\" src=\"https:\/\/magikland.pt\/wp-content\/uploads\/2021\/05\/img_0266_1-300x200.jpg\" class=\"attachment-medium size-medium\" alt=\"\" srcset=\"https:\/\/magikland.pt\/wp-content\/uploads\/2021\/05\/img_0266_1-300x200.jpg 300w, https:\/\/magikland.pt\/wp-content\/uploads\/2021\/05\/img_0266_1-768x512.jpg 768w, https:\/\/magikland.pt\/wp-content\/uploads\/2021\/05\/img_0266_1.jpg 800w\" sizes=\"(max-width: 300px) 100vw, 300px\" \/><\/a>\n\t\t\t<\/div><\/figure><figure class='gallery-item'>\n\t\t\t<div class='gallery-icon landscape'>\n\t\t\t\t<a data-elementor-open-lightbox=\"yes\" data-elementor-lightbox-slideshow=\"88b7d44\" data-elementor-lightbox-title=\"img_0274_1\" data-e-action-hash=\"#elementor-action%3Aaction%3Dlightbox%26settings%3DeyJpZCI6OTQ3LCJ1cmwiOiJodHRwczpcL1wvbWFnaWtsYW5kLnB0XC93cC1jb250ZW50XC91cGxvYWRzXC8yMDIxXC8wNVwvaW1nXzAyNzRfMS5qcGciLCJzbGlkZXNob3ciOiI4OGI3ZDQ0In0%3D\" href='https:\/\/magikland.pt\/wp-content\/uploads\/2021\/05\/img_0274_1.jpg'><img loading=\"lazy\" decoding=\"async\" width=\"300\" height=\"200\" src=\"https:\/\/magikland.pt\/wp-content\/uploads\/2021\/05\/img_0274_1-300x200.jpg\" class=\"attachment-medium size-medium\" alt=\"\" srcset=\"https:\/\/magikland.pt\/wp-content\/uploads\/2021\/05\/img_0274_1-300x200.jpg 300w, https:\/\/magikland.pt\/wp-content\/uploads\/2021\/05\/img_0274_1-768x512.jpg 768w, https:\/\/magikland.pt\/wp-content\/uploads\/2021\/05\/img_0274_1.jpg 800w\" sizes=\"(max-width: 300px) 100vw, 300px\" \/><\/a>\n\t\t\t<\/div><\/figure><figure class='gallery-item'>\n\t\t\t<div class='gallery-icon landscape'>\n\t\t\t\t<a data-elementor-open-lightbox=\"yes\" data-elementor-lightbox-slideshow=\"88b7d44\" data-elementor-lightbox-title=\"img_0279_1\" data-e-action-hash=\"#elementor-action%3Aaction%3Dlightbox%26settings%3DeyJpZCI6OTQ4LCJ1cmwiOiJodHRwczpcL1wvbWFnaWtsYW5kLnB0XC93cC1jb250ZW50XC91cGxvYWRzXC8yMDIxXC8wNVwvaW1nXzAyNzlfMS5qcGciLCJzbGlkZXNob3ciOiI4OGI3ZDQ0In0%3D\" href='https:\/\/magikland.pt\/wp-content\/uploads\/2021\/05\/img_0279_1.jpg'><img loading=\"lazy\" decoding=\"async\" width=\"300\" height=\"200\" src=\"https:\/\/magikland.pt\/wp-content\/uploads\/2021\/05\/img_0279_1-300x200.jpg\" class=\"attachment-medium size-medium\" alt=\"\" srcset=\"https:\/\/magikland.pt\/wp-content\/uploads\/2021\/05\/img_0279_1-300x200.jpg 300w, https:\/\/magikland.pt\/wp-content\/uploads\/2021\/05\/img_0279_1-768x512.jpg 768w, https:\/\/magikland.pt\/wp-content\/uploads\/2021\/05\/img_0279_1.jpg 800w\" sizes=\"(max-width: 300px) 100vw, 300px\" \/><\/a>\n\t\t\t<\/div><\/figure>\n\t\t<\/div>\n\t\t<\/div>\n\t\t\t\t\t\t<\/div>\n\t\t\t\t<\/div>\n\t\t\t\t\t<\/div>\n\t\t<\/div>\n\t\t\t\t\t<\/div>\n\t\t<\/section>\n\t\t\t\t<section class=\"elementor-section elementor-top-section elementor-element elementor-element-87970ec elementor-section-boxed elementor-section-height-default elementor-section-height-default\" data-id=\"87970ec\" data-element_type=\"section\" data-e-type=\"section\" data-settings=\"{&quot;background_background&quot;:&quot;classic&quot;}\">\n\t\t\t\t\t\t<div class=\"elementor-container elementor-column-gap-default\">\n\t\t\t\t\t<div class=\"elementor-column elementor-col-100 elementor-top-column elementor-element elementor-element-f4cb745\" data-id=\"f4cb745\" data-element_type=\"column\" data-e-type=\"column\">\n\t\t\t<div class=\"elementor-widget-wrap\">\n\t\t\t\t\t\t\t<\/div>\n\t\t<\/div>\n\t\t\t\t\t<\/div>\n\t\t<\/section>\n\t\t\t\t<\/div>","protected":false},"excerpt":{"rendered":"<p>RIO BRAVO Subir e descobrir o Rio a emergir\u2026A densa vegeta\u00e7\u00e3o mostra-nos a bravia daquele lugar\u2026As \u00e1guas mais turbas e revoltas provocam a adrenalina da descida que o far\u00e1 querer repetir\u2026S\u00f3 cheio ir\u00e1 molhar a roupa que estar\u00e1 a usar\u2026 Ficha T\u00e9cnica:Abertura:\u00a010h30Encerrado:\u00a012h00 \u00e1s 13h00 Idade:\u00a0Maiores que 4 AnosAltura M\u00ednima:\u00a01,20m. Crian\u00e7as acompanhadas por um adulto. N\u00e3o [&hellip;]<\/p>\n","protected":false},"author":1,"featured_media":0,"parent":0,"menu_order":0,"comment_status":"closed","ping_status":"closed","template":"","meta":{"site-sidebar-layout":"no-sidebar","site-content-layout":"page-builder","ast-site-content-layout":"default","site-content-style":"default","site-sidebar-style":"default","ast-global-header-display":"","ast-banner-title-visibility":"","ast-main-header-display":"","ast-hfb-above-header-display":"","ast-hfb-below-header-display":"","ast-hfb-mobile-header-display":"","site-post-title":"disabled","ast-breadcrumbs-content":"","ast-featured-img":"disabled","footer-sml-layout":"","ast-disable-related-posts":"","theme-transparent-header-meta":"default","adv-header-id-meta":"","stick-header-meta":"","header-above-stick-meta":"","header-main-stick-meta":"","header-below-stick-meta":"","astra-migrate-meta-layouts":"default","ast-page-background-enabled":"default","ast-page-background-meta":{"desktop":{"background-color":"","background-image":"","background-repeat":"repeat","background-position":"center center","background-size":"auto","background-attachment":"scroll","background-type":"","background-media":"","overlay-type":"","overlay-color":"","overlay-opacity":"","overlay-gradient":""},"tablet":{"background-color":"","background-image":"","background-repeat":"repeat","background-position":"center center","background-size":"auto","background-attachment":"scroll","background-type":"","background-media":"","overlay-type":"","overlay-color":"","overlay-opacity":"","overlay-gradient":""},"mobile":{"background-color":"","background-image":"","background-repeat":"repeat","background-position":"center center","background-size":"auto","background-attachment":"scroll","background-type":"","background-media":"","overlay-type":"","overlay-color":"","overlay-opacity":"","overlay-gradient":""}},"ast-content-background-meta":{"desktop":{"background-color":"var(--ast-global-color-5)","background-image":"","background-repeat":"repeat","background-position":"center center","background-size":"auto","background-attachment":"scroll","background-type":"","background-media":"","overlay-type":"","overlay-color":"","overlay-opacity":"","overlay-gradient":""},"tablet":{"background-color":"var(--ast-global-color-5)","background-image":"","background-repeat":"repeat","background-position":"center center","background-size":"auto","background-attachment":"scroll","background-type":"","background-media":"","overlay-type":"","overlay-color":"","overlay-opacity":"","overlay-gradient":""},"mobile":{"background-color":"var(--ast-global-color-5)","background-image":"","background-repeat":"repeat","background-position":"center center","background-size":"auto","background-attachment":"scroll","background-type":"","background-media":"","overlay-type":"","overlay-color":"","overlay-opacity":"","overlay-gradient":""}},"footnotes":""},"class_list":["post-940","page","type-page","status-publish","hentry"],"_links":{"self":[{"href":"https:\/\/magikland.pt\/es\/wp-json\/wp\/v2\/pages\/940","targetHints":{"allow":["GET"]}}],"collection":[{"href":"https:\/\/magikland.pt\/es\/wp-json\/wp\/v2\/pages"}],"about":[{"href":"https:\/\/magikland.pt\/es\/wp-json\/wp\/v2\/types\/page"}],"author":[{"embeddable":true,"href":"https:\/\/magikland.pt\/es\/wp-json\/wp\/v2\/users\/1"}],"replies":[{"embeddable":true,"href":"https:\/\/magikland.pt\/es\/wp-json\/wp\/v2\/comments?post=940"}],"version-history":[{"count":0,"href":"https:\/\/magikland.pt\/es\/wp-json\/wp\/v2\/pages\/940\/revisions"}],"wp:attachment":[{"href":"https:\/\/magikland.pt\/es\/wp-json\/wp\/v2\/media?parent=940"}],"curies":[{"name":"wp","href":"https:\/\/api.w.org\/{rel}","templated":true}]}}