{"id":928,"date":"2021-05-21T14:52:10","date_gmt":"2021-05-21T14:52:10","guid":{"rendered":"https:\/\/magikland.pt\/?page_id=928"},"modified":"2022-04-15T17:57:14","modified_gmt":"2022-04-15T17:57:14","slug":"caravana","status":"publish","type":"page","link":"https:\/\/magikland.pt\/es\/caravana\/","title":{"rendered":"Caravana"},"content":{"rendered":"\t\t<div data-elementor-type=\"wp-page\" data-elementor-id=\"928\" class=\"elementor elementor-928\">\n\t\t\t\t\t\t<section class=\"elementor-section elementor-top-section elementor-element elementor-element-2d3d132 elementor-section-boxed elementor-section-height-default elementor-section-height-default\" data-id=\"2d3d132\" data-element_type=\"section\" data-e-type=\"section\">\n\t\t\t\t\t\t<div class=\"elementor-container elementor-column-gap-default\">\n\t\t\t\t\t<div class=\"elementor-column elementor-col-100 elementor-top-column elementor-element elementor-element-e694276\" data-id=\"e694276\" data-element_type=\"column\" data-e-type=\"column\">\n\t\t\t<div class=\"elementor-widget-wrap elementor-element-populated\">\n\t\t\t\t\t\t<div class=\"elementor-element elementor-element-f2d8c67 elementor-widget elementor-widget-spacer\" data-id=\"f2d8c67\" data-element_type=\"widget\" data-e-type=\"widget\" data-widget_type=\"spacer.default\">\n\t\t\t\t<div class=\"elementor-widget-container\">\n\t\t\t\t\t\t\t<div class=\"elementor-spacer\">\n\t\t\t<div class=\"elementor-spacer-inner\"><\/div>\n\t\t<\/div>\n\t\t\t\t\t\t<\/div>\n\t\t\t\t<\/div>\n\t\t\t\t\t<\/div>\n\t\t<\/div>\n\t\t\t\t\t<\/div>\n\t\t<\/section>\n\t\t\t\t<section class=\"elementor-section elementor-top-section elementor-element elementor-element-5316207 elementor-section-boxed elementor-section-height-default elementor-section-height-default\" data-id=\"5316207\" data-element_type=\"section\" data-e-type=\"section\">\n\t\t\t\t\t\t<div class=\"elementor-container elementor-column-gap-default\">\n\t\t\t\t\t<div class=\"elementor-column elementor-col-100 elementor-top-column elementor-element elementor-element-133185e\" data-id=\"133185e\" data-element_type=\"column\" data-e-type=\"column\">\n\t\t\t<div class=\"elementor-widget-wrap elementor-element-populated\">\n\t\t\t\t\t\t<div class=\"elementor-element elementor-element-45c0835 elementor-widget elementor-widget-video\" data-id=\"45c0835\" data-element_type=\"widget\" data-e-type=\"widget\" data-settings=\"{&quot;youtube_url&quot;:&quot;https:\\\/\\\/www.youtube.com\\\/watch?v=jCfcynHpaH0&quot;,&quot;video_type&quot;:&quot;youtube&quot;,&quot;controls&quot;:&quot;yes&quot;}\" data-widget_type=\"video.default\">\n\t\t\t\t<div class=\"elementor-widget-container\">\n\t\t\t\t\t\t\t<div class=\"elementor-wrapper elementor-open-inline\">\n\t\t\t<div class=\"elementor-video\"><\/div>\t\t<\/div>\n\t\t\t\t\t\t<\/div>\n\t\t\t\t<\/div>\n\t\t\t\t\t<\/div>\n\t\t<\/div>\n\t\t\t\t\t<\/div>\n\t\t<\/section>\n\t\t\t\t<section class=\"elementor-section elementor-top-section elementor-element elementor-element-1a656676 elementor-section-content-middle elementor-reverse-mobile elementor-section-boxed elementor-section-height-default elementor-section-height-default\" data-id=\"1a656676\" data-element_type=\"section\" data-e-type=\"section\">\n\t\t\t\t\t\t<div class=\"elementor-container elementor-column-gap-no\">\n\t\t\t\t\t<div class=\"elementor-column elementor-col-33 elementor-top-column elementor-element elementor-element-5ce657c1\" data-id=\"5ce657c1\" data-element_type=\"column\" data-e-type=\"column\">\n\t\t\t<div class=\"elementor-widget-wrap elementor-element-populated\">\n\t\t\t\t\t\t<div class=\"elementor-element elementor-element-41434132 elementor-widget elementor-widget-heading\" data-id=\"41434132\" data-element_type=\"widget\" data-e-type=\"widget\" data-widget_type=\"heading.default\">\n\t\t\t\t<div class=\"elementor-widget-container\">\n\t\t\t\t\t<h4 class=\"elementor-heading-title elementor-size-default\">CARAVANA<\/h4>\t\t\t\t<\/div>\n\t\t\t\t<\/div>\n\t\t\t\t<div class=\"elementor-element elementor-element-5948fb86 elementor-widget elementor-widget-text-editor\" data-id=\"5948fb86\" data-element_type=\"widget\" data-e-type=\"widget\" data-widget_type=\"text-editor.default\">\n\t\t\t\t<div class=\"elementor-widget-container\">\n\t\t\t\t\t\t\t\t\t<p>As grandes migra\u00e7\u00f5es do long\u00ednquo oeste esperam pelos audazes.<\/p>\t\t\t\t\t\t\t\t<\/div>\n\t\t\t\t<\/div>\n\t\t\t\t\t<\/div>\n\t\t<\/div>\n\t\t\t\t<div class=\"elementor-column elementor-col-66 elementor-top-column elementor-element elementor-element-3cb64a62\" data-id=\"3cb64a62\" data-element_type=\"column\" data-e-type=\"column\">\n\t\t\t<div class=\"elementor-widget-wrap elementor-element-populated\">\n\t\t\t\t\t\t<div class=\"elementor-element elementor-element-63459dcc elementor-widget elementor-widget-image\" data-id=\"63459dcc\" data-element_type=\"widget\" data-e-type=\"widget\" data-widget_type=\"image.default\">\n\t\t\t\t<div class=\"elementor-widget-container\">\n\t\t\t\t\t\t\t\t\t\t\t\t\t\t\t<img fetchpriority=\"high\" decoding=\"async\" width=\"1024\" height=\"1024\" src=\"https:\/\/magikland.pt\/wp-content\/uploads\/2021\/05\/CARAVANA1-1024x1024.png\" class=\"attachment-large size-large wp-image-741\" alt=\"\" srcset=\"https:\/\/magikland.pt\/wp-content\/uploads\/2021\/05\/CARAVANA1-1024x1024.png 1024w, https:\/\/magikland.pt\/wp-content\/uploads\/2021\/05\/CARAVANA1-300x300.png 300w, https:\/\/magikland.pt\/wp-content\/uploads\/2021\/05\/CARAVANA1-150x150.png 150w, https:\/\/magikland.pt\/wp-content\/uploads\/2021\/05\/CARAVANA1-768x768.png 768w, https:\/\/magikland.pt\/wp-content\/uploads\/2021\/05\/CARAVANA1.png 1154w\" sizes=\"(max-width: 1024px) 100vw, 1024px\" \/>\t\t\t\t\t\t\t\t\t\t\t\t\t\t\t<\/div>\n\t\t\t\t<\/div>\n\t\t\t\t\t<\/div>\n\t\t<\/div>\n\t\t\t\t\t<\/div>\n\t\t<\/section>\n\t\t\t\t<section class=\"elementor-section elementor-top-section elementor-element elementor-element-f5be1a4 elementor-section-boxed elementor-section-height-default elementor-section-height-default\" data-id=\"f5be1a4\" data-element_type=\"section\" data-e-type=\"section\">\n\t\t\t\t\t\t<div class=\"elementor-container elementor-column-gap-default\">\n\t\t\t\t\t<div class=\"elementor-column elementor-col-33 elementor-top-column elementor-element elementor-element-bb7ccf8\" data-id=\"bb7ccf8\" data-element_type=\"column\" data-e-type=\"column\">\n\t\t\t<div class=\"elementor-widget-wrap elementor-element-populated\">\n\t\t\t\t\t\t<div class=\"elementor-element elementor-element-b7508f4 elementor-widget elementor-widget-text-editor\" data-id=\"b7508f4\" data-element_type=\"widget\" data-e-type=\"widget\" data-widget_type=\"text-editor.default\">\n\t\t\t\t<div class=\"elementor-widget-container\">\n\t\t\t\t\t\t\t\t\t<p id=\"u9388-11\"><strong><span id=\"u9388-10\">Ficha T\u00e9cnica:<br \/><\/span><\/strong><span id=\"u9388-13\"><strong>Lota\u00e7\u00e3o M\u00e1xima:<\/strong>\u00a0<\/span>24 lugares<br \/><strong><span id=\"u9388-16\">Idade:<\/span><\/strong>\u00a0[4 a 12] Anos<br \/><strong><span id=\"u9388-19\">Altura M\u00e1xima:<\/span><\/strong>\u00a01,40m.<\/p><p id=\"u9388-24\"><strong>N\u00e3o aconselh\u00e1vel a crian\u00e7as:<br \/><\/strong>\u00a0\u00a0 \u2022 Com problemas card\u00edacos;<br \/>\u00a0\u00a0 \u2022 P\u00f3s-operat\u00f3rio;<\/p><p id=\"u9388-31\"><strong>N\u00e3o \u00e9 permitido:<br \/><\/strong>\u00a0\u00a0 \u2022 Comer\/Beber;<br \/>\u00a0\u00a0 \u2022 Utilizar objetos soltos.<\/p><p id=\"u9388-38\">Durante o seu funcionamento deve permanecer sentado, respeitando todas as indica\u00e7\u00f5es do monitor.<\/p>\t\t\t\t\t\t\t\t<\/div>\n\t\t\t\t<\/div>\n\t\t\t\t\t<\/div>\n\t\t<\/div>\n\t\t\t\t<div class=\"elementor-column elementor-col-66 elementor-top-column elementor-element elementor-element-07f80c9\" data-id=\"07f80c9\" data-element_type=\"column\" data-e-type=\"column\">\n\t\t\t<div class=\"elementor-widget-wrap elementor-element-populated\">\n\t\t\t\t\t\t<div class=\"elementor-element elementor-element-88b7d44 elementor-widget elementor-widget-image-gallery\" data-id=\"88b7d44\" data-element_type=\"widget\" data-e-type=\"widget\" data-widget_type=\"image-gallery.default\">\n\t\t\t\t<div class=\"elementor-widget-container\">\n\t\t\t\t\t\t\t<div class=\"elementor-image-gallery\">\n\t\t\t<div id='gallery-1' class='gallery galleryid-928 gallery-columns-2 gallery-size-medium'><figure class='gallery-item'>\n\t\t\t<div class='gallery-icon landscape'>\n\t\t\t\t<a data-elementor-open-lightbox=\"yes\" data-elementor-lightbox-slideshow=\"88b7d44\" data-elementor-lightbox-title=\"114\" data-e-action-hash=\"#elementor-action%3Aaction%3Dlightbox%26settings%3DeyJpZCI6OTMxLCJ1cmwiOiJodHRwczpcL1wvbWFnaWtsYW5kLnB0XC93cC1jb250ZW50XC91cGxvYWRzXC8yMDIxXC8wNVwvMTE0LmpwZyIsInNsaWRlc2hvdyI6Ijg4YjdkNDQifQ%3D%3D\" href='https:\/\/magikland.pt\/wp-content\/uploads\/2021\/05\/114.jpg'><img decoding=\"async\" width=\"300\" height=\"200\" src=\"https:\/\/magikland.pt\/wp-content\/uploads\/2021\/05\/114-300x200.jpg\" class=\"attachment-medium size-medium\" alt=\"\" srcset=\"https:\/\/magikland.pt\/wp-content\/uploads\/2021\/05\/114-300x200.jpg 300w, https:\/\/magikland.pt\/wp-content\/uploads\/2021\/05\/114-768x512.jpg 768w, https:\/\/magikland.pt\/wp-content\/uploads\/2021\/05\/114.jpg 800w\" sizes=\"(max-width: 300px) 100vw, 300px\" \/><\/a>\n\t\t\t<\/div><\/figure><figure class='gallery-item'>\n\t\t\t<div class='gallery-icon landscape'>\n\t\t\t\t<a data-elementor-open-lightbox=\"yes\" data-elementor-lightbox-slideshow=\"88b7d44\" data-elementor-lightbox-title=\"212\" data-e-action-hash=\"#elementor-action%3Aaction%3Dlightbox%26settings%3DeyJpZCI6OTMyLCJ1cmwiOiJodHRwczpcL1wvbWFnaWtsYW5kLnB0XC93cC1jb250ZW50XC91cGxvYWRzXC8yMDIxXC8wNVwvMjEyLmpwZyIsInNsaWRlc2hvdyI6Ijg4YjdkNDQifQ%3D%3D\" href='https:\/\/magikland.pt\/wp-content\/uploads\/2021\/05\/212.jpg'><img decoding=\"async\" width=\"300\" height=\"200\" src=\"https:\/\/magikland.pt\/wp-content\/uploads\/2021\/05\/212-300x200.jpg\" class=\"attachment-medium size-medium\" alt=\"\" srcset=\"https:\/\/magikland.pt\/wp-content\/uploads\/2021\/05\/212-300x200.jpg 300w, https:\/\/magikland.pt\/wp-content\/uploads\/2021\/05\/212-768x512.jpg 768w, https:\/\/magikland.pt\/wp-content\/uploads\/2021\/05\/212.jpg 800w\" sizes=\"(max-width: 300px) 100vw, 300px\" \/><\/a>\n\t\t\t<\/div><\/figure><figure class='gallery-item'>\n\t\t\t<div class='gallery-icon landscape'>\n\t\t\t\t<a data-elementor-open-lightbox=\"yes\" data-elementor-lightbox-slideshow=\"88b7d44\" data-elementor-lightbox-title=\"dsc_0834_1\" data-e-action-hash=\"#elementor-action%3Aaction%3Dlightbox%26settings%3DeyJpZCI6OTMzLCJ1cmwiOiJodHRwczpcL1wvbWFnaWtsYW5kLnB0XC93cC1jb250ZW50XC91cGxvYWRzXC8yMDIxXC8wNVwvZHNjXzA4MzRfMS5qcGciLCJzbGlkZXNob3ciOiI4OGI3ZDQ0In0%3D\" href='https:\/\/magikland.pt\/wp-content\/uploads\/2021\/05\/dsc_0834_1.jpg'><img loading=\"lazy\" decoding=\"async\" width=\"300\" height=\"200\" src=\"https:\/\/magikland.pt\/wp-content\/uploads\/2021\/05\/dsc_0834_1-300x200.jpg\" class=\"attachment-medium size-medium\" alt=\"\" srcset=\"https:\/\/magikland.pt\/wp-content\/uploads\/2021\/05\/dsc_0834_1-300x200.jpg 300w, https:\/\/magikland.pt\/wp-content\/uploads\/2021\/05\/dsc_0834_1-768x512.jpg 768w, https:\/\/magikland.pt\/wp-content\/uploads\/2021\/05\/dsc_0834_1.jpg 800w\" sizes=\"(max-width: 300px) 100vw, 300px\" \/><\/a>\n\t\t\t<\/div><\/figure><figure class='gallery-item'>\n\t\t\t<div class='gallery-icon landscape'>\n\t\t\t\t<a data-elementor-open-lightbox=\"yes\" data-elementor-lightbox-slideshow=\"88b7d44\" data-elementor-lightbox-title=\"OLYMPUS DIGITAL CAMERA\" data-e-action-hash=\"#elementor-action%3Aaction%3Dlightbox%26settings%3DeyJpZCI6OTM0LCJ1cmwiOiJodHRwczpcL1wvbWFnaWtsYW5kLnB0XC93cC1jb250ZW50XC91cGxvYWRzXC8yMDIxXC8wNVwvcDEwMTAxNThfMS5qcGciLCJzbGlkZXNob3ciOiI4OGI3ZDQ0In0%3D\" href='https:\/\/magikland.pt\/wp-content\/uploads\/2021\/05\/p1010158_1.jpg'><img loading=\"lazy\" decoding=\"async\" width=\"300\" height=\"200\" src=\"https:\/\/magikland.pt\/wp-content\/uploads\/2021\/05\/p1010158_1-300x200.jpg\" class=\"attachment-medium size-medium\" alt=\"\" srcset=\"https:\/\/magikland.pt\/wp-content\/uploads\/2021\/05\/p1010158_1-300x200.jpg 300w, https:\/\/magikland.pt\/wp-content\/uploads\/2021\/05\/p1010158_1-768x511.jpg 768w, https:\/\/magikland.pt\/wp-content\/uploads\/2021\/05\/p1010158_1.jpg 800w\" sizes=\"(max-width: 300px) 100vw, 300px\" \/><\/a>\n\t\t\t<\/div><\/figure><figure class='gallery-item'>\n\t\t\t<div class='gallery-icon landscape'>\n\t\t\t\t<a data-elementor-open-lightbox=\"yes\" data-elementor-lightbox-slideshow=\"88b7d44\" data-elementor-lightbox-title=\"OLYMPUS DIGITAL CAMERA\" data-e-action-hash=\"#elementor-action%3Aaction%3Dlightbox%26settings%3DeyJpZCI6OTM1LCJ1cmwiOiJodHRwczpcL1wvbWFnaWtsYW5kLnB0XC93cC1jb250ZW50XC91cGxvYWRzXC8yMDIxXC8wNVwvcDEwMTAxNTlfMS5qcGciLCJzbGlkZXNob3ciOiI4OGI3ZDQ0In0%3D\" href='https:\/\/magikland.pt\/wp-content\/uploads\/2021\/05\/p1010159_1.jpg'><img loading=\"lazy\" decoding=\"async\" width=\"300\" height=\"200\" src=\"https:\/\/magikland.pt\/wp-content\/uploads\/2021\/05\/p1010159_1-300x200.jpg\" class=\"attachment-medium size-medium\" alt=\"\" srcset=\"https:\/\/magikland.pt\/wp-content\/uploads\/2021\/05\/p1010159_1-300x200.jpg 300w, https:\/\/magikland.pt\/wp-content\/uploads\/2021\/05\/p1010159_1-768x511.jpg 768w, https:\/\/magikland.pt\/wp-content\/uploads\/2021\/05\/p1010159_1.jpg 800w\" sizes=\"(max-width: 300px) 100vw, 300px\" \/><\/a>\n\t\t\t<\/div><\/figure><figure class='gallery-item'>\n\t\t\t<div class='gallery-icon landscape'>\n\t\t\t\t<a data-elementor-open-lightbox=\"yes\" data-elementor-lightbox-slideshow=\"88b7d44\" data-elementor-lightbox-title=\"OLYMPUS DIGITAL CAMERA\" data-e-action-hash=\"#elementor-action%3Aaction%3Dlightbox%26settings%3DeyJpZCI6OTM2LCJ1cmwiOiJodHRwczpcL1wvbWFnaWtsYW5kLnB0XC93cC1jb250ZW50XC91cGxvYWRzXC8yMDIxXC8wNVwvcDEwMTAxNjBfMS5qcGciLCJzbGlkZXNob3ciOiI4OGI3ZDQ0In0%3D\" href='https:\/\/magikland.pt\/wp-content\/uploads\/2021\/05\/p1010160_1.jpg'><img loading=\"lazy\" decoding=\"async\" width=\"300\" height=\"200\" src=\"https:\/\/magikland.pt\/wp-content\/uploads\/2021\/05\/p1010160_1-300x200.jpg\" class=\"attachment-medium size-medium\" alt=\"\" srcset=\"https:\/\/magikland.pt\/wp-content\/uploads\/2021\/05\/p1010160_1-300x200.jpg 300w, https:\/\/magikland.pt\/wp-content\/uploads\/2021\/05\/p1010160_1-768x511.jpg 768w, https:\/\/magikland.pt\/wp-content\/uploads\/2021\/05\/p1010160_1.jpg 800w\" sizes=\"(max-width: 300px) 100vw, 300px\" \/><\/a>\n\t\t\t<\/div><\/figure>\n\t\t<\/div>\n\t\t<\/div>\n\t\t\t\t\t\t<\/div>\n\t\t\t\t<\/div>\n\t\t\t\t\t<\/div>\n\t\t<\/div>\n\t\t\t\t\t<\/div>\n\t\t<\/section>\n\t\t\t\t<section class=\"elementor-section elementor-top-section elementor-element elementor-element-87970ec elementor-section-boxed elementor-section-height-default elementor-section-height-default\" data-id=\"87970ec\" data-element_type=\"section\" data-e-type=\"section\" data-settings=\"{&quot;background_background&quot;:&quot;classic&quot;}\">\n\t\t\t\t\t\t<div class=\"elementor-container elementor-column-gap-default\">\n\t\t\t\t\t<div class=\"elementor-column elementor-col-100 elementor-top-column elementor-element elementor-element-f4cb745\" data-id=\"f4cb745\" data-element_type=\"column\" data-e-type=\"column\">\n\t\t\t<div class=\"elementor-widget-wrap\">\n\t\t\t\t\t\t\t<\/div>\n\t\t<\/div>\n\t\t\t\t\t<\/div>\n\t\t<\/section>\n\t\t\t\t<\/div>\n\t\t","protected":false},"excerpt":{"rendered":"<p>CARAVANA As grandes migra\u00e7\u00f5es do long\u00ednquo oeste esperam pelos audazes. Ficha T\u00e9cnica:Lota\u00e7\u00e3o M\u00e1xima:\u00a024 lugaresIdade:\u00a0[4 a 12] AnosAltura M\u00e1xima:\u00a01,40m. N\u00e3o aconselh\u00e1vel a crian\u00e7as:\u00a0\u00a0 \u2022 Com problemas card\u00edacos;\u00a0\u00a0 \u2022 P\u00f3s-operat\u00f3rio; N\u00e3o \u00e9 permitido:\u00a0\u00a0 \u2022 Comer\/Beber;\u00a0\u00a0 \u2022 Utilizar objetos soltos. Durante o seu funcionamento deve permanecer sentado, respeitando todas as indica\u00e7\u00f5es do monitor.<\/p>\n","protected":false},"author":1,"featured_media":0,"parent":0,"menu_order":0,"comment_status":"closed","ping_status":"closed","template":"","meta":{"site-sidebar-layout":"no-sidebar","site-content-layout":"page-builder","ast-site-content-layout":"default","site-content-style":"default","site-sidebar-style":"default","ast-global-header-display":"","ast-banner-title-visibility":"","ast-main-header-display":"","ast-hfb-above-header-display":"","ast-hfb-below-header-display":"","ast-hfb-mobile-header-display":"","site-post-title":"disabled","ast-breadcrumbs-content":"","ast-featured-img":"disabled","footer-sml-layout":"","ast-disable-related-posts":"","theme-transparent-header-meta":"default","adv-header-id-meta":"","stick-header-meta":"","header-above-stick-meta":"","header-main-stick-meta":"","header-below-stick-meta":"","astra-migrate-meta-layouts":"default","ast-page-background-enabled":"default","ast-page-background-meta":{"desktop":{"background-color":"","background-image":"","background-repeat":"repeat","background-position":"center center","background-size":"auto","background-attachment":"scroll","background-type":"","background-media":"","overlay-type":"","overlay-color":"","overlay-opacity":"","overlay-gradient":""},"tablet":{"background-color":"","background-image":"","background-repeat":"repeat","background-position":"center center","background-size":"auto","background-attachment":"scroll","background-type":"","background-media":"","overlay-type":"","overlay-color":"","overlay-opacity":"","overlay-gradient":""},"mobile":{"background-color":"","background-image":"","background-repeat":"repeat","background-position":"center center","background-size":"auto","background-attachment":"scroll","background-type":"","background-media":"","overlay-type":"","overlay-color":"","overlay-opacity":"","overlay-gradient":""}},"ast-content-background-meta":{"desktop":{"background-color":"var(--ast-global-color-5)","background-image":"","background-repeat":"repeat","background-position":"center center","background-size":"auto","background-attachment":"scroll","background-type":"","background-media":"","overlay-type":"","overlay-color":"","overlay-opacity":"","overlay-gradient":""},"tablet":{"background-color":"var(--ast-global-color-5)","background-image":"","background-repeat":"repeat","background-position":"center center","background-size":"auto","background-attachment":"scroll","background-type":"","background-media":"","overlay-type":"","overlay-color":"","overlay-opacity":"","overlay-gradient":""},"mobile":{"background-color":"var(--ast-global-color-5)","background-image":"","background-repeat":"repeat","background-position":"center center","background-size":"auto","background-attachment":"scroll","background-type":"","background-media":"","overlay-type":"","overlay-color":"","overlay-opacity":"","overlay-gradient":""}},"footnotes":""},"class_list":["post-928","page","type-page","status-publish","hentry"],"_links":{"self":[{"href":"https:\/\/magikland.pt\/es\/wp-json\/wp\/v2\/pages\/928","targetHints":{"allow":["GET"]}}],"collection":[{"href":"https:\/\/magikland.pt\/es\/wp-json\/wp\/v2\/pages"}],"about":[{"href":"https:\/\/magikland.pt\/es\/wp-json\/wp\/v2\/types\/page"}],"author":[{"embeddable":true,"href":"https:\/\/magikland.pt\/es\/wp-json\/wp\/v2\/users\/1"}],"replies":[{"embeddable":true,"href":"https:\/\/magikland.pt\/es\/wp-json\/wp\/v2\/comments?post=928"}],"version-history":[{"count":0,"href":"https:\/\/magikland.pt\/es\/wp-json\/wp\/v2\/pages\/928\/revisions"}],"wp:attachment":[{"href":"https:\/\/magikland.pt\/es\/wp-json\/wp\/v2\/media?parent=928"}],"curies":[{"name":"wp","href":"https:\/\/api.w.org\/{rel}","templated":true}]}}