{"id":902,"date":"2021-05-21T14:42:16","date_gmt":"2021-05-21T14:42:16","guid":{"rendered":"https:\/\/magikland.pt\/?page_id=902"},"modified":"2022-03-11T17:37:14","modified_gmt":"2022-03-11T17:37:14","slug":"magikpool","status":"publish","type":"page","link":"https:\/\/magikland.pt\/es\/magikpool\/","title":{"rendered":"Magikpool"},"content":{"rendered":"<div data-elementor-type=\"wp-page\" data-elementor-id=\"902\" class=\"elementor elementor-902\">\n\t\t\t\t\t\t<section class=\"elementor-section elementor-top-section elementor-element elementor-element-1193c30 elementor-section-boxed elementor-section-height-default elementor-section-height-default\" data-id=\"1193c30\" data-element_type=\"section\" data-e-type=\"section\">\n\t\t\t\t\t\t<div class=\"elementor-container elementor-column-gap-default\">\n\t\t\t\t\t<div class=\"elementor-column elementor-col-100 elementor-top-column elementor-element elementor-element-3a3d177\" data-id=\"3a3d177\" data-element_type=\"column\" data-e-type=\"column\">\n\t\t\t<div class=\"elementor-widget-wrap elementor-element-populated\">\n\t\t\t\t\t\t<div class=\"elementor-element elementor-element-b9ed312 elementor-widget elementor-widget-spacer\" data-id=\"b9ed312\" data-element_type=\"widget\" data-e-type=\"widget\" data-widget_type=\"spacer.default\">\n\t\t\t\t<div class=\"elementor-widget-container\">\n\t\t\t\t\t\t\t<div class=\"elementor-spacer\">\n\t\t\t<div class=\"elementor-spacer-inner\"><\/div>\n\t\t<\/div>\n\t\t\t\t\t\t<\/div>\n\t\t\t\t<\/div>\n\t\t\t\t\t<\/div>\n\t\t<\/div>\n\t\t\t\t\t<\/div>\n\t\t<\/section>\n\t\t\t\t<section class=\"elementor-section elementor-top-section elementor-element elementor-element-5316207 elementor-section-boxed elementor-section-height-default elementor-section-height-default\" data-id=\"5316207\" data-element_type=\"section\" data-e-type=\"section\">\n\t\t\t\t\t\t<div class=\"elementor-container elementor-column-gap-default\">\n\t\t\t\t\t<div class=\"elementor-column elementor-col-100 elementor-top-column elementor-element elementor-element-133185e\" data-id=\"133185e\" data-element_type=\"column\" data-e-type=\"column\">\n\t\t\t<div class=\"elementor-widget-wrap elementor-element-populated\">\n\t\t\t\t\t\t<div class=\"elementor-element elementor-element-45c0835 elementor-widget elementor-widget-video\" data-id=\"45c0835\" data-element_type=\"widget\" data-e-type=\"widget\" data-settings=\"{&quot;youtube_url&quot;:&quot;https:\\\/\\\/www.youtube.com\\\/watch?v=CRk2svoXfLo&quot;,&quot;video_type&quot;:&quot;youtube&quot;,&quot;controls&quot;:&quot;yes&quot;}\" data-widget_type=\"video.default\">\n\t\t\t\t<div class=\"elementor-widget-container\">\n\t\t\t\t\t\t\t<div class=\"elementor-wrapper elementor-open-inline\">\n\t\t\t<div class=\"elementor-video\"><\/div>\t\t<\/div>\n\t\t\t\t\t\t<\/div>\n\t\t\t\t<\/div>\n\t\t\t\t\t<\/div>\n\t\t<\/div>\n\t\t\t\t\t<\/div>\n\t\t<\/section>\n\t\t\t\t<section class=\"elementor-section elementor-top-section elementor-element elementor-element-1a656676 elementor-section-content-middle elementor-reverse-mobile elementor-section-boxed elementor-section-height-default elementor-section-height-default\" data-id=\"1a656676\" data-element_type=\"section\" data-e-type=\"section\">\n\t\t\t\t\t\t<div class=\"elementor-container elementor-column-gap-no\">\n\t\t\t\t\t<div class=\"elementor-column elementor-col-33 elementor-top-column elementor-element elementor-element-5ce657c1\" data-id=\"5ce657c1\" data-element_type=\"column\" data-e-type=\"column\">\n\t\t\t<div class=\"elementor-widget-wrap elementor-element-populated\">\n\t\t\t\t\t\t<div class=\"elementor-element elementor-element-41434132 elementor-widget elementor-widget-heading\" data-id=\"41434132\" data-element_type=\"widget\" data-e-type=\"widget\" data-widget_type=\"heading.default\">\n\t\t\t\t<div class=\"elementor-widget-container\">\n\t\t\t\t\t<h4 class=\"elementor-heading-title elementor-size-default\">MAGIKPOOL<\/h4>\t\t\t\t<\/div>\n\t\t\t\t<\/div>\n\t\t\t\t<div class=\"elementor-element elementor-element-5948fb86 elementor-widget elementor-widget-text-editor\" data-id=\"5948fb86\" data-element_type=\"widget\" data-e-type=\"widget\" data-widget_type=\"text-editor.default\">\n\t\t\t\t<div class=\"elementor-widget-container\">\n\t\t\t\t\t\t\t\t\t<p>En Refugio dos Piratas encontrar\u00e1s un rinc\u00f3n \u00fanico de aguas cristalinas, donde puedes deslizarte y chapotear a trav\u00e9s de chorros de agua que te har\u00e1n sentir como un verdadero pirata en busca de un tesoro perdido.<\/p>\t\t\t\t\t\t\t\t<\/div>\n\t\t\t\t<\/div>\n\t\t\t\t\t<\/div>\n\t\t<\/div>\n\t\t\t\t<div class=\"elementor-column elementor-col-66 elementor-top-column elementor-element elementor-element-3cb64a62\" data-id=\"3cb64a62\" data-element_type=\"column\" data-e-type=\"column\">\n\t\t\t<div class=\"elementor-widget-wrap elementor-element-populated\">\n\t\t\t\t\t\t<div class=\"elementor-element elementor-element-63459dcc elementor-widget elementor-widget-image\" data-id=\"63459dcc\" data-element_type=\"widget\" data-e-type=\"widget\" data-widget_type=\"image.default\">\n\t\t\t\t<div class=\"elementor-widget-container\">\n\t\t\t\t\t\t\t\t\t\t\t\t\t\t\t<img fetchpriority=\"high\" decoding=\"async\" width=\"1024\" height=\"1024\" src=\"https:\/\/magikland.pt\/wp-content\/uploads\/2021\/05\/MAGIKPOOL1-1024x1024.png\" class=\"attachment-large size-large wp-image-757\" alt=\"\" srcset=\"https:\/\/magikland.pt\/wp-content\/uploads\/2021\/05\/MAGIKPOOL1-1024x1024.png 1024w, https:\/\/magikland.pt\/wp-content\/uploads\/2021\/05\/MAGIKPOOL1-300x300.png 300w, https:\/\/magikland.pt\/wp-content\/uploads\/2021\/05\/MAGIKPOOL1-150x150.png 150w, https:\/\/magikland.pt\/wp-content\/uploads\/2021\/05\/MAGIKPOOL1-768x768.png 768w, https:\/\/magikland.pt\/wp-content\/uploads\/2021\/05\/MAGIKPOOL1.png 1154w\" sizes=\"(max-width: 1024px) 100vw, 1024px\" \/>\t\t\t\t\t\t\t\t\t\t\t\t\t\t\t<\/div>\n\t\t\t\t<\/div>\n\t\t\t\t\t<\/div>\n\t\t<\/div>\n\t\t\t\t\t<\/div>\n\t\t<\/section>\n\t\t\t\t<section class=\"elementor-section elementor-top-section elementor-element elementor-element-f5be1a4 elementor-section-boxed elementor-section-height-default elementor-section-height-default\" data-id=\"f5be1a4\" data-element_type=\"section\" data-e-type=\"section\">\n\t\t\t\t\t\t<div class=\"elementor-container elementor-column-gap-default\">\n\t\t\t\t\t<div class=\"elementor-column elementor-col-33 elementor-top-column elementor-element elementor-element-bb7ccf8\" data-id=\"bb7ccf8\" data-element_type=\"column\" data-e-type=\"column\">\n\t\t\t<div class=\"elementor-widget-wrap elementor-element-populated\">\n\t\t\t\t\t\t<div class=\"elementor-element elementor-element-b7508f4 elementor-widget elementor-widget-text-editor\" data-id=\"b7508f4\" data-element_type=\"widget\" data-e-type=\"widget\" data-widget_type=\"text-editor.default\">\n\t\t\t\t<div class=\"elementor-widget-container\">\n\t\t\t\t\t\t\t\t\t<p id=\"u98135-7\"><strong><span id=\"u98135-6\">Ficha T\u00e9cnica:<br \/><\/span><span id=\"u98135-9\">Dimensiones<br \/><\/span><\/strong><span id=\"u98135-11\">\u00a0\u00a0 \u2022 Comprimento:\u00a0 25\u00a0<\/span><span id=\"u98135-12\">m<br \/><\/span><span id=\"u98135-14\">\u00a0\u00a0 \u2022 Anchura:\u00a0<\/span><span id=\"u98135-15\">10 m<br \/><\/span><span id=\"u98135-17\">\u00a0\u00a0 \u2022 Profundidad m\u00e1xima:\u00a0<\/span><span id=\"u98135-18\">30 cm<br \/><\/span><span id=\"u98135-20\">\u00a0\u00a0 \u2022 Lota\u00e7\u00e3o M\u00e1xima: 100<\/span>\u00a0pessoas<\/p><p id=\"u98135-25\"><strong>Normas:<br \/><\/strong>\u00a0\u00a0\u00a0<span id=\"u98135-27\">\u2022 Utilizar vestuario adecuado a ba\u00f1arse;<br \/><\/span>\u00a0\u00a0 \u2022 Paso obligatorio en la ducha;<br \/>\u00a0\u00a0 \u2022 Se proh\u00edbe la utilizaci\u00f3n de pelotas;<br \/>\u00a0\u00a0 \u2022 Se proh\u00edbe saltar o sumergirse;<br \/>\u00a0\u00a0 \u2022 N\u00e3o \u00e9 permitido comer ou beber, dentro da piscina e na zona envolvente;<\/p><p id=\"u98135-39\">Durante su uso, debe cumplir con todas las indicaciones del monitor.<\/p>\t\t\t\t\t\t\t\t<\/div>\n\t\t\t\t<\/div>\n\t\t\t\t\t<\/div>\n\t\t<\/div>\n\t\t\t\t<div class=\"elementor-column elementor-col-66 elementor-top-column elementor-element elementor-element-07f80c9\" data-id=\"07f80c9\" data-element_type=\"column\" data-e-type=\"column\">\n\t\t\t<div class=\"elementor-widget-wrap elementor-element-populated\">\n\t\t\t\t\t\t<div class=\"elementor-element elementor-element-88b7d44 elementor-widget elementor-widget-image-gallery\" data-id=\"88b7d44\" data-element_type=\"widget\" data-e-type=\"widget\" data-widget_type=\"image-gallery.default\">\n\t\t\t\t<div class=\"elementor-widget-container\">\n\t\t\t\t\t\t\t<div class=\"elementor-image-gallery\">\n\t\t\t<div id='gallery-1' class='gallery galleryid-902 gallery-columns-2 gallery-size-medium'><figure class='gallery-item'>\n\t\t\t<div class='gallery-icon landscape'>\n\t\t\t\t<a data-elementor-open-lightbox=\"yes\" data-elementor-lightbox-slideshow=\"88b7d44\" data-elementor-lightbox-title=\"whatsapp image 2019-06-01 at 215744\" data-e-action-hash=\"#elementor-action%3Aaction%3Dlightbox%26settings%3DeyJpZCI6OTA1LCJ1cmwiOiJodHRwczpcL1wvbWFnaWtsYW5kLnB0XC93cC1jb250ZW50XC91cGxvYWRzXC8yMDIxXC8wNVwvd2hhdHNhcHAtaW1hZ2UtMjAxOS0wNi0wMS1hdC0yMTU3NDQuanBnIiwic2xpZGVzaG93IjoiODhiN2Q0NCJ9\" href='https:\/\/magikland.pt\/wp-content\/uploads\/2021\/05\/whatsapp-image-2019-06-01-at-215744.jpg'><img decoding=\"async\" width=\"300\" height=\"225\" src=\"https:\/\/magikland.pt\/wp-content\/uploads\/2021\/05\/whatsapp-image-2019-06-01-at-215744-300x225.jpg\" class=\"attachment-medium size-medium\" alt=\"\" srcset=\"https:\/\/magikland.pt\/wp-content\/uploads\/2021\/05\/whatsapp-image-2019-06-01-at-215744-300x225.jpg 300w, https:\/\/magikland.pt\/wp-content\/uploads\/2021\/05\/whatsapp-image-2019-06-01-at-215744-768x576.jpg 768w, https:\/\/magikland.pt\/wp-content\/uploads\/2021\/05\/whatsapp-image-2019-06-01-at-215744.jpg 800w\" sizes=\"(max-width: 300px) 100vw, 300px\" \/><\/a>\n\t\t\t<\/div><\/figure><figure class='gallery-item'>\n\t\t\t<div class='gallery-icon landscape'>\n\t\t\t\t<a data-elementor-open-lightbox=\"yes\" data-elementor-lightbox-slideshow=\"88b7d44\" data-elementor-lightbox-title=\"whatsapp image 2019-06-01 at 215820\" data-e-action-hash=\"#elementor-action%3Aaction%3Dlightbox%26settings%3DeyJpZCI6OTA2LCJ1cmwiOiJodHRwczpcL1wvbWFnaWtsYW5kLnB0XC93cC1jb250ZW50XC91cGxvYWRzXC8yMDIxXC8wNVwvd2hhdHNhcHAtaW1hZ2UtMjAxOS0wNi0wMS1hdC0yMTU4MjAuanBnIiwic2xpZGVzaG93IjoiODhiN2Q0NCJ9\" href='https:\/\/magikland.pt\/wp-content\/uploads\/2021\/05\/whatsapp-image-2019-06-01-at-215820.jpg'><img decoding=\"async\" width=\"300\" height=\"225\" src=\"https:\/\/magikland.pt\/wp-content\/uploads\/2021\/05\/whatsapp-image-2019-06-01-at-215820-300x225.jpg\" class=\"attachment-medium size-medium\" alt=\"\" srcset=\"https:\/\/magikland.pt\/wp-content\/uploads\/2021\/05\/whatsapp-image-2019-06-01-at-215820-300x225.jpg 300w, https:\/\/magikland.pt\/wp-content\/uploads\/2021\/05\/whatsapp-image-2019-06-01-at-215820-768x576.jpg 768w, https:\/\/magikland.pt\/wp-content\/uploads\/2021\/05\/whatsapp-image-2019-06-01-at-215820.jpg 800w\" sizes=\"(max-width: 300px) 100vw, 300px\" \/><\/a>\n\t\t\t<\/div><\/figure><figure class='gallery-item'>\n\t\t\t<div class='gallery-icon landscape'>\n\t\t\t\t<a data-elementor-open-lightbox=\"yes\" data-elementor-lightbox-slideshow=\"88b7d44\" data-elementor-lightbox-title=\"whatsapp image 2019-06-01 at 215829\" data-e-action-hash=\"#elementor-action%3Aaction%3Dlightbox%26settings%3DeyJpZCI6OTA3LCJ1cmwiOiJodHRwczpcL1wvbWFnaWtsYW5kLnB0XC93cC1jb250ZW50XC91cGxvYWRzXC8yMDIxXC8wNVwvd2hhdHNhcHAtaW1hZ2UtMjAxOS0wNi0wMS1hdC0yMTU4MjkuanBnIiwic2xpZGVzaG93IjoiODhiN2Q0NCJ9\" href='https:\/\/magikland.pt\/wp-content\/uploads\/2021\/05\/whatsapp-image-2019-06-01-at-215829.jpg'><img loading=\"lazy\" decoding=\"async\" width=\"300\" height=\"225\" src=\"https:\/\/magikland.pt\/wp-content\/uploads\/2021\/05\/whatsapp-image-2019-06-01-at-215829-300x225.jpg\" class=\"attachment-medium size-medium\" alt=\"\" srcset=\"https:\/\/magikland.pt\/wp-content\/uploads\/2021\/05\/whatsapp-image-2019-06-01-at-215829-300x225.jpg 300w, https:\/\/magikland.pt\/wp-content\/uploads\/2021\/05\/whatsapp-image-2019-06-01-at-215829-768x576.jpg 768w, https:\/\/magikland.pt\/wp-content\/uploads\/2021\/05\/whatsapp-image-2019-06-01-at-215829.jpg 800w\" sizes=\"(max-width: 300px) 100vw, 300px\" \/><\/a>\n\t\t\t<\/div><\/figure><figure class='gallery-item'>\n\t\t\t<div class='gallery-icon landscape'>\n\t\t\t\t<a data-elementor-open-lightbox=\"yes\" data-elementor-lightbox-slideshow=\"88b7d44\" data-elementor-lightbox-title=\"whatsapp image 2019-06-01 at 215830\" data-e-action-hash=\"#elementor-action%3Aaction%3Dlightbox%26settings%3DeyJpZCI6OTA4LCJ1cmwiOiJodHRwczpcL1wvbWFnaWtsYW5kLnB0XC93cC1jb250ZW50XC91cGxvYWRzXC8yMDIxXC8wNVwvd2hhdHNhcHAtaW1hZ2UtMjAxOS0wNi0wMS1hdC0yMTU4MzAuanBnIiwic2xpZGVzaG93IjoiODhiN2Q0NCJ9\" href='https:\/\/magikland.pt\/wp-content\/uploads\/2021\/05\/whatsapp-image-2019-06-01-at-215830.jpg'><img loading=\"lazy\" decoding=\"async\" width=\"300\" height=\"225\" src=\"https:\/\/magikland.pt\/wp-content\/uploads\/2021\/05\/whatsapp-image-2019-06-01-at-215830-300x225.jpg\" class=\"attachment-medium size-medium\" alt=\"\" srcset=\"https:\/\/magikland.pt\/wp-content\/uploads\/2021\/05\/whatsapp-image-2019-06-01-at-215830-300x225.jpg 300w, https:\/\/magikland.pt\/wp-content\/uploads\/2021\/05\/whatsapp-image-2019-06-01-at-215830-768x576.jpg 768w, https:\/\/magikland.pt\/wp-content\/uploads\/2021\/05\/whatsapp-image-2019-06-01-at-215830.jpg 800w\" sizes=\"(max-width: 300px) 100vw, 300px\" \/><\/a>\n\t\t\t<\/div><\/figure><figure class='gallery-item'>\n\t\t\t<div class='gallery-icon landscape'>\n\t\t\t\t<a data-elementor-open-lightbox=\"yes\" data-elementor-lightbox-slideshow=\"88b7d44\" data-elementor-lightbox-title=\"whatsapp image 2019-06-01 at 215903(1)\" data-e-action-hash=\"#elementor-action%3Aaction%3Dlightbox%26settings%3DeyJpZCI6OTA5LCJ1cmwiOiJodHRwczpcL1wvbWFnaWtsYW5kLnB0XC93cC1jb250ZW50XC91cGxvYWRzXC8yMDIxXC8wNVwvd2hhdHNhcHAtaW1hZ2UtMjAxOS0wNi0wMS1hdC0yMTU5MDMxLmpwZyIsInNsaWRlc2hvdyI6Ijg4YjdkNDQifQ%3D%3D\" href='https:\/\/magikland.pt\/wp-content\/uploads\/2021\/05\/whatsapp-image-2019-06-01-at-2159031.jpg'><img loading=\"lazy\" decoding=\"async\" width=\"300\" height=\"225\" src=\"https:\/\/magikland.pt\/wp-content\/uploads\/2021\/05\/whatsapp-image-2019-06-01-at-2159031-300x225.jpg\" class=\"attachment-medium size-medium\" alt=\"\" srcset=\"https:\/\/magikland.pt\/wp-content\/uploads\/2021\/05\/whatsapp-image-2019-06-01-at-2159031-300x225.jpg 300w, https:\/\/magikland.pt\/wp-content\/uploads\/2021\/05\/whatsapp-image-2019-06-01-at-2159031-768x576.jpg 768w, https:\/\/magikland.pt\/wp-content\/uploads\/2021\/05\/whatsapp-image-2019-06-01-at-2159031.jpg 800w\" sizes=\"(max-width: 300px) 100vw, 300px\" \/><\/a>\n\t\t\t<\/div><\/figure><figure class='gallery-item'>\n\t\t\t<div class='gallery-icon landscape'>\n\t\t\t\t<a data-elementor-open-lightbox=\"yes\" data-elementor-lightbox-slideshow=\"88b7d44\" data-elementor-lightbox-title=\"whatsapp image 2019-06-01 at 215907(1)\" data-e-action-hash=\"#elementor-action%3Aaction%3Dlightbox%26settings%3DeyJpZCI6OTEwLCJ1cmwiOiJodHRwczpcL1wvbWFnaWtsYW5kLnB0XC93cC1jb250ZW50XC91cGxvYWRzXC8yMDIxXC8wNVwvd2hhdHNhcHAtaW1hZ2UtMjAxOS0wNi0wMS1hdC0yMTU5MDcxLmpwZyIsInNsaWRlc2hvdyI6Ijg4YjdkNDQifQ%3D%3D\" href='https:\/\/magikland.pt\/wp-content\/uploads\/2021\/05\/whatsapp-image-2019-06-01-at-2159071.jpg'><img loading=\"lazy\" decoding=\"async\" width=\"300\" height=\"225\" src=\"https:\/\/magikland.pt\/wp-content\/uploads\/2021\/05\/whatsapp-image-2019-06-01-at-2159071-300x225.jpg\" class=\"attachment-medium size-medium\" alt=\"\" srcset=\"https:\/\/magikland.pt\/wp-content\/uploads\/2021\/05\/whatsapp-image-2019-06-01-at-2159071-300x225.jpg 300w, https:\/\/magikland.pt\/wp-content\/uploads\/2021\/05\/whatsapp-image-2019-06-01-at-2159071-768x576.jpg 768w, https:\/\/magikland.pt\/wp-content\/uploads\/2021\/05\/whatsapp-image-2019-06-01-at-2159071.jpg 800w\" sizes=\"(max-width: 300px) 100vw, 300px\" \/><\/a>\n\t\t\t<\/div><\/figure>\n\t\t<\/div>\n\t\t<\/div>\n\t\t\t\t\t\t<\/div>\n\t\t\t\t<\/div>\n\t\t\t\t\t<\/div>\n\t\t<\/div>\n\t\t\t\t\t<\/div>\n\t\t<\/section>\n\t\t\t\t<section class=\"elementor-section elementor-top-section elementor-element elementor-element-87970ec elementor-section-boxed elementor-section-height-default elementor-section-height-default\" data-id=\"87970ec\" data-element_type=\"section\" data-e-type=\"section\" data-settings=\"{&quot;background_background&quot;:&quot;classic&quot;}\">\n\t\t\t\t\t\t<div class=\"elementor-container elementor-column-gap-default\">\n\t\t\t\t\t<div class=\"elementor-column elementor-col-100 elementor-top-column elementor-element elementor-element-f4cb745\" data-id=\"f4cb745\" data-element_type=\"column\" data-e-type=\"column\">\n\t\t\t<div class=\"elementor-widget-wrap\">\n\t\t\t\t\t\t\t<\/div>\n\t\t<\/div>\n\t\t\t\t\t<\/div>\n\t\t<\/section>\n\t\t\t\t<\/div>","protected":false},"excerpt":{"rendered":"<p>MAGIKPOOL No Ref\u00fagio dos Piratas encontrar\u00e1s um recanto \u00fanico de \u00e1guas cristalinas, onde poder\u00e1s escorregar e chapinhar entre jactos de \u00e1gua que te v\u00e3o fazer sentir um verdadeiro Pirata na busca de um tesouro perdido. Ficha T\u00e9cnica: Dimens\u00f5es: &nbsp;&nbsp; \u2022 Comprimento:&nbsp; 25&nbsp;m &nbsp;&nbsp; \u2022 Largura:&nbsp;10 m &nbsp;&nbsp; \u2022 Profundidade M\u00e1xima:&nbsp;30 cm &nbsp;&nbsp; \u2022 Lota\u00e7\u00e3o M\u00e1xima: [&hellip;]<\/p>\n","protected":false},"author":1,"featured_media":0,"parent":0,"menu_order":0,"comment_status":"closed","ping_status":"closed","template":"","meta":{"site-sidebar-layout":"no-sidebar","site-content-layout":"page-builder","ast-site-content-layout":"default","site-content-style":"default","site-sidebar-style":"default","ast-global-header-display":"","ast-banner-title-visibility":"","ast-main-header-display":"","ast-hfb-above-header-display":"","ast-hfb-below-header-display":"","ast-hfb-mobile-header-display":"","site-post-title":"disabled","ast-breadcrumbs-content":"","ast-featured-img":"disabled","footer-sml-layout":"","ast-disable-related-posts":"","theme-transparent-header-meta":"default","adv-header-id-meta":"","stick-header-meta":"","header-above-stick-meta":"","header-main-stick-meta":"","header-below-stick-meta":"","astra-migrate-meta-layouts":"default","ast-page-background-enabled":"default","ast-page-background-meta":{"desktop":{"background-color":"","background-image":"","background-repeat":"repeat","background-position":"center center","background-size":"auto","background-attachment":"scroll","background-type":"","background-media":"","overlay-type":"","overlay-color":"","overlay-opacity":"","overlay-gradient":""},"tablet":{"background-color":"","background-image":"","background-repeat":"repeat","background-position":"center center","background-size":"auto","background-attachment":"scroll","background-type":"","background-media":"","overlay-type":"","overlay-color":"","overlay-opacity":"","overlay-gradient":""},"mobile":{"background-color":"","background-image":"","background-repeat":"repeat","background-position":"center center","background-size":"auto","background-attachment":"scroll","background-type":"","background-media":"","overlay-type":"","overlay-color":"","overlay-opacity":"","overlay-gradient":""}},"ast-content-background-meta":{"desktop":{"background-color":"var(--ast-global-color-5)","background-image":"","background-repeat":"repeat","background-position":"center center","background-size":"auto","background-attachment":"scroll","background-type":"","background-media":"","overlay-type":"","overlay-color":"","overlay-opacity":"","overlay-gradient":""},"tablet":{"background-color":"var(--ast-global-color-5)","background-image":"","background-repeat":"repeat","background-position":"center center","background-size":"auto","background-attachment":"scroll","background-type":"","background-media":"","overlay-type":"","overlay-color":"","overlay-opacity":"","overlay-gradient":""},"mobile":{"background-color":"var(--ast-global-color-5)","background-image":"","background-repeat":"repeat","background-position":"center center","background-size":"auto","background-attachment":"scroll","background-type":"","background-media":"","overlay-type":"","overlay-color":"","overlay-opacity":"","overlay-gradient":""}},"footnotes":""},"class_list":["post-902","page","type-page","status-publish","hentry"],"_links":{"self":[{"href":"https:\/\/magikland.pt\/es\/wp-json\/wp\/v2\/pages\/902","targetHints":{"allow":["GET"]}}],"collection":[{"href":"https:\/\/magikland.pt\/es\/wp-json\/wp\/v2\/pages"}],"about":[{"href":"https:\/\/magikland.pt\/es\/wp-json\/wp\/v2\/types\/page"}],"author":[{"embeddable":true,"href":"https:\/\/magikland.pt\/es\/wp-json\/wp\/v2\/users\/1"}],"replies":[{"embeddable":true,"href":"https:\/\/magikland.pt\/es\/wp-json\/wp\/v2\/comments?post=902"}],"version-history":[{"count":0,"href":"https:\/\/magikland.pt\/es\/wp-json\/wp\/v2\/pages\/902\/revisions"}],"wp:attachment":[{"href":"https:\/\/magikland.pt\/es\/wp-json\/wp\/v2\/media?parent=902"}],"curies":[{"name":"wp","href":"https:\/\/api.w.org\/{rel}","templated":true}]}}