{"id":881,"date":"2021-05-21T14:32:46","date_gmt":"2021-05-21T14:32:46","guid":{"rendered":"https:\/\/magikland.pt\/?page_id=881"},"modified":"2022-03-11T17:36:58","modified_gmt":"2022-03-11T17:36:58","slug":"lago-do-galeao","status":"publish","type":"page","link":"https:\/\/magikland.pt\/es\/lago-do-galeao\/","title":{"rendered":"Lago do Gale\u00e3o"},"content":{"rendered":"<div data-elementor-type=\"wp-page\" data-elementor-id=\"881\" class=\"elementor elementor-881\">\n\t\t\t\t\t\t<section class=\"elementor-section elementor-top-section elementor-element elementor-element-5ae1b53 elementor-section-boxed elementor-section-height-default elementor-section-height-default\" data-id=\"5ae1b53\" data-element_type=\"section\" data-e-type=\"section\">\n\t\t\t\t\t\t<div class=\"elementor-container elementor-column-gap-default\">\n\t\t\t\t\t<div class=\"elementor-column elementor-col-100 elementor-top-column elementor-element elementor-element-70a9ac4\" data-id=\"70a9ac4\" data-element_type=\"column\" data-e-type=\"column\">\n\t\t\t<div class=\"elementor-widget-wrap elementor-element-populated\">\n\t\t\t\t\t\t<div class=\"elementor-element elementor-element-f9b551a elementor-widget elementor-widget-spacer\" data-id=\"f9b551a\" data-element_type=\"widget\" data-e-type=\"widget\" data-widget_type=\"spacer.default\">\n\t\t\t\t<div class=\"elementor-widget-container\">\n\t\t\t\t\t\t\t<div class=\"elementor-spacer\">\n\t\t\t<div class=\"elementor-spacer-inner\"><\/div>\n\t\t<\/div>\n\t\t\t\t\t\t<\/div>\n\t\t\t\t<\/div>\n\t\t\t\t\t<\/div>\n\t\t<\/div>\n\t\t\t\t\t<\/div>\n\t\t<\/section>\n\t\t\t\t<section class=\"elementor-section elementor-top-section elementor-element elementor-element-5316207 elementor-section-boxed elementor-section-height-default elementor-section-height-default\" data-id=\"5316207\" data-element_type=\"section\" data-e-type=\"section\">\n\t\t\t\t\t\t<div class=\"elementor-container elementor-column-gap-default\">\n\t\t\t\t\t<div class=\"elementor-column elementor-col-100 elementor-top-column elementor-element elementor-element-133185e\" data-id=\"133185e\" data-element_type=\"column\" data-e-type=\"column\">\n\t\t\t<div class=\"elementor-widget-wrap elementor-element-populated\">\n\t\t\t\t\t\t<div class=\"elementor-element elementor-element-45c0835 elementor-widget elementor-widget-video\" data-id=\"45c0835\" data-element_type=\"widget\" data-e-type=\"widget\" data-settings=\"{&quot;youtube_url&quot;:&quot;https:\\\/\\\/www.youtube.com\\\/watch?v=WIz7FOOxDUc&quot;,&quot;video_type&quot;:&quot;youtube&quot;,&quot;controls&quot;:&quot;yes&quot;}\" data-widget_type=\"video.default\">\n\t\t\t\t<div class=\"elementor-widget-container\">\n\t\t\t\t\t\t\t<div class=\"elementor-wrapper elementor-open-inline\">\n\t\t\t<div class=\"elementor-video\"><\/div>\t\t<\/div>\n\t\t\t\t\t\t<\/div>\n\t\t\t\t<\/div>\n\t\t\t\t\t<\/div>\n\t\t<\/div>\n\t\t\t\t\t<\/div>\n\t\t<\/section>\n\t\t\t\t<section class=\"elementor-section elementor-top-section elementor-element elementor-element-1a656676 elementor-section-content-middle elementor-reverse-mobile elementor-section-boxed elementor-section-height-default elementor-section-height-default\" data-id=\"1a656676\" data-element_type=\"section\" data-e-type=\"section\">\n\t\t\t\t\t\t<div class=\"elementor-container elementor-column-gap-no\">\n\t\t\t\t\t<div class=\"elementor-column elementor-col-33 elementor-top-column elementor-element elementor-element-5ce657c1\" data-id=\"5ce657c1\" data-element_type=\"column\" data-e-type=\"column\">\n\t\t\t<div class=\"elementor-widget-wrap elementor-element-populated\">\n\t\t\t\t\t\t<div class=\"elementor-element elementor-element-41434132 elementor-widget elementor-widget-heading\" data-id=\"41434132\" data-element_type=\"widget\" data-e-type=\"widget\" data-widget_type=\"heading.default\">\n\t\t\t\t<div class=\"elementor-widget-container\">\n\t\t\t\t\t<h4 class=\"elementor-heading-title elementor-size-default\">LAGO DEL GALE\u00d3N<\/h4>\t\t\t\t<\/div>\n\t\t\t\t<\/div>\n\t\t\t\t<div class=\"elementor-element elementor-element-5948fb86 elementor-widget elementor-widget-text-editor\" data-id=\"5948fb86\" data-element_type=\"widget\" data-e-type=\"widget\" data-widget_type=\"text-editor.default\">\n\t\t\t\t<div class=\"elementor-widget-container\">\n\t\t\t\t\t\t\t\t\t<p id=\"u8854-2\">El Pirata est\u00e1 avistando, desde su calavera fuera de lo com\u00fan\u2026<br \/>Para buscar el tesoro, tendr\u00e1 que nadar\u2026<br \/>Nada m\u00e1s llegar\u2026 tendr\u00e1 que explorar el Gale\u00f3n\u2026<\/p>\t\t\t\t\t\t\t\t<\/div>\n\t\t\t\t<\/div>\n\t\t\t\t\t<\/div>\n\t\t<\/div>\n\t\t\t\t<div class=\"elementor-column elementor-col-66 elementor-top-column elementor-element elementor-element-3cb64a62\" data-id=\"3cb64a62\" data-element_type=\"column\" data-e-type=\"column\">\n\t\t\t<div class=\"elementor-widget-wrap elementor-element-populated\">\n\t\t\t\t\t\t<div class=\"elementor-element elementor-element-63459dcc elementor-widget elementor-widget-image\" data-id=\"63459dcc\" data-element_type=\"widget\" data-e-type=\"widget\" data-widget_type=\"image.default\">\n\t\t\t\t<div class=\"elementor-widget-container\">\n\t\t\t\t\t\t\t\t\t\t\t\t\t\t\t<img fetchpriority=\"high\" decoding=\"async\" width=\"1024\" height=\"1024\" src=\"https:\/\/magikland.pt\/wp-content\/uploads\/2021\/05\/GALEAO1-1024x1024.png\" class=\"attachment-large size-large wp-image-755\" alt=\"\" srcset=\"https:\/\/magikland.pt\/wp-content\/uploads\/2021\/05\/GALEAO1-1024x1024.png 1024w, https:\/\/magikland.pt\/wp-content\/uploads\/2021\/05\/GALEAO1-300x300.png 300w, https:\/\/magikland.pt\/wp-content\/uploads\/2021\/05\/GALEAO1-150x150.png 150w, https:\/\/magikland.pt\/wp-content\/uploads\/2021\/05\/GALEAO1-768x767.png 768w, https:\/\/magikland.pt\/wp-content\/uploads\/2021\/05\/GALEAO1.png 1154w\" sizes=\"(max-width: 1024px) 100vw, 1024px\" \/>\t\t\t\t\t\t\t\t\t\t\t\t\t\t\t<\/div>\n\t\t\t\t<\/div>\n\t\t\t\t\t<\/div>\n\t\t<\/div>\n\t\t\t\t\t<\/div>\n\t\t<\/section>\n\t\t\t\t<section class=\"elementor-section elementor-top-section elementor-element elementor-element-f5be1a4 elementor-section-boxed elementor-section-height-default elementor-section-height-default\" data-id=\"f5be1a4\" data-element_type=\"section\" data-e-type=\"section\">\n\t\t\t\t\t\t<div class=\"elementor-container elementor-column-gap-default\">\n\t\t\t\t\t<div class=\"elementor-column elementor-col-33 elementor-top-column elementor-element elementor-element-bb7ccf8\" data-id=\"bb7ccf8\" data-element_type=\"column\" data-e-type=\"column\">\n\t\t\t<div class=\"elementor-widget-wrap elementor-element-populated\">\n\t\t\t\t\t\t<div class=\"elementor-element elementor-element-b7508f4 elementor-widget elementor-widget-text-editor\" data-id=\"b7508f4\" data-element_type=\"widget\" data-e-type=\"widget\" data-widget_type=\"text-editor.default\">\n\t\t\t\t<div class=\"elementor-widget-container\">\n\t\t\t\t\t\t\t\t\t<p id=\"u8854-11\"><strong>Ficha T\u00e9cnica:<br \/>Dimensiones<br \/><\/strong><span id=\"u8854-15\">\u00a0\u00a0 \u2022 Longitud:\u00a0<\/span>25m<br \/><span id=\"u8854-18\">\u00a0\u00a0 \u2022 Anchura:\u00a0<\/span><span id=\"u8854-19\">24<\/span>m<br \/><span id=\"u8854-22\">\u00a0\u00a0 \u2022 Profundidad m\u00e1xima:\u00a0<\/span>1,20m<br \/><span id=\"u8854-25\">\u00a0\u00a0 \u2022 Lota\u00e7\u00e3o M\u00e1xima: 3<\/span>50 pessoas<\/p><p id=\"u8854-30\"><strong>Normas:<br \/><\/strong>\u00a0\u00a0\u00a0<span id=\"u8854-32\">\u2022 Utilizar vestuario adecuado a ba\u00f1arse;<br \/><\/span>\u00a0\u00a0 \u2022 Paso obligatorio en la ducha;<br \/>\u00a0\u00a0 \u2022 Se proh\u00edbe la utilizaci\u00f3n de pelotas;<br \/>\u00a0\u00a0 \u2022 Se proh\u00edbe saltar o sumergirse;<br \/>\u00a0\u00a0 \u2022 Se proh\u00edbe comer o beber, dentro de la laguna y alrededor;<\/p><p id=\"u8854-44\">Durante su uso, debe cumplir con todas las indicaciones del monitor.<\/p>\t\t\t\t\t\t\t\t<\/div>\n\t\t\t\t<\/div>\n\t\t\t\t\t<\/div>\n\t\t<\/div>\n\t\t\t\t<div class=\"elementor-column elementor-col-66 elementor-top-column elementor-element elementor-element-07f80c9\" data-id=\"07f80c9\" data-element_type=\"column\" data-e-type=\"column\">\n\t\t\t<div class=\"elementor-widget-wrap elementor-element-populated\">\n\t\t\t\t\t\t<div class=\"elementor-element elementor-element-88b7d44 elementor-widget elementor-widget-image-gallery\" data-id=\"88b7d44\" data-element_type=\"widget\" data-e-type=\"widget\" data-widget_type=\"image-gallery.default\">\n\t\t\t\t<div class=\"elementor-widget-container\">\n\t\t\t\t\t\t\t<div class=\"elementor-image-gallery\">\n\t\t\t<div id='gallery-1' class='gallery galleryid-881 gallery-columns-2 gallery-size-medium'><figure class='gallery-item'>\n\t\t\t<div class='gallery-icon landscape'>\n\t\t\t\t<a data-elementor-open-lightbox=\"yes\" data-elementor-lightbox-slideshow=\"88b7d44\" data-e-action-hash=\"#elementor-action%3Aaction%3Dlightbox%26settings%3DeyJpZCI6ODgzLCJ1cmwiOiJodHRwczpcL1wvbWFnaWtsYW5kLnB0XC93cC1jb250ZW50XC91cGxvYWRzXC8yMDIxXC8wNVwvMS05LXNjYWxlZC5qcGciLCJzbGlkZXNob3ciOiI4OGI3ZDQ0In0%3D\" href='https:\/\/magikland.pt\/wp-content\/uploads\/2021\/05\/1-9-scaled.jpg'><img decoding=\"async\" width=\"300\" height=\"225\" src=\"https:\/\/magikland.pt\/wp-content\/uploads\/2021\/05\/1-9-300x225.jpg\" class=\"attachment-medium size-medium\" alt=\"\" srcset=\"https:\/\/magikland.pt\/wp-content\/uploads\/2021\/05\/1-9-300x225.jpg 300w, https:\/\/magikland.pt\/wp-content\/uploads\/2021\/05\/1-9-1024x768.jpg 1024w, https:\/\/magikland.pt\/wp-content\/uploads\/2021\/05\/1-9-768x576.jpg 768w, https:\/\/magikland.pt\/wp-content\/uploads\/2021\/05\/1-9-1536x1152.jpg 1536w, https:\/\/magikland.pt\/wp-content\/uploads\/2021\/05\/1-9-2048x1536.jpg 2048w\" sizes=\"(max-width: 300px) 100vw, 300px\" \/><\/a>\n\t\t\t<\/div><\/figure><figure class='gallery-item'>\n\t\t\t<div class='gallery-icon landscape'>\n\t\t\t\t<a data-elementor-open-lightbox=\"yes\" data-elementor-lightbox-slideshow=\"88b7d44\" data-e-action-hash=\"#elementor-action%3Aaction%3Dlightbox%26settings%3DeyJpZCI6ODg0LCJ1cmwiOiJodHRwczpcL1wvbWFnaWtsYW5kLnB0XC93cC1jb250ZW50XC91cGxvYWRzXC8yMDIxXC8wNVwvMi05LXNjYWxlZC5qcGciLCJzbGlkZXNob3ciOiI4OGI3ZDQ0In0%3D\" href='https:\/\/magikland.pt\/wp-content\/uploads\/2021\/05\/2-9-scaled.jpg'><img decoding=\"async\" width=\"300\" height=\"200\" src=\"https:\/\/magikland.pt\/wp-content\/uploads\/2021\/05\/2-9-300x200.jpg\" class=\"attachment-medium size-medium\" alt=\"\" srcset=\"https:\/\/magikland.pt\/wp-content\/uploads\/2021\/05\/2-9-300x200.jpg 300w, https:\/\/magikland.pt\/wp-content\/uploads\/2021\/05\/2-9-1024x683.jpg 1024w, https:\/\/magikland.pt\/wp-content\/uploads\/2021\/05\/2-9-768x512.jpg 768w, https:\/\/magikland.pt\/wp-content\/uploads\/2021\/05\/2-9-1536x1024.jpg 1536w, https:\/\/magikland.pt\/wp-content\/uploads\/2021\/05\/2-9-2048x1365.jpg 2048w\" sizes=\"(max-width: 300px) 100vw, 300px\" \/><\/a>\n\t\t\t<\/div><\/figure><figure class='gallery-item'>\n\t\t\t<div class='gallery-icon landscape'>\n\t\t\t\t<a data-elementor-open-lightbox=\"yes\" data-elementor-lightbox-slideshow=\"88b7d44\" data-e-action-hash=\"#elementor-action%3Aaction%3Dlightbox%26settings%3DeyJpZCI6ODg1LCJ1cmwiOiJodHRwczpcL1wvbWFnaWtsYW5kLnB0XC93cC1jb250ZW50XC91cGxvYWRzXC8yMDIxXC8wNVwvNS03LXNjYWxlZC5qcGciLCJzbGlkZXNob3ciOiI4OGI3ZDQ0In0%3D\" href='https:\/\/magikland.pt\/wp-content\/uploads\/2021\/05\/5-7-scaled.jpg'><img loading=\"lazy\" decoding=\"async\" width=\"300\" height=\"210\" src=\"https:\/\/magikland.pt\/wp-content\/uploads\/2021\/05\/5-7-300x210.jpg\" class=\"attachment-medium size-medium\" alt=\"\" srcset=\"https:\/\/magikland.pt\/wp-content\/uploads\/2021\/05\/5-7-300x210.jpg 300w, https:\/\/magikland.pt\/wp-content\/uploads\/2021\/05\/5-7-1024x718.jpg 1024w, https:\/\/magikland.pt\/wp-content\/uploads\/2021\/05\/5-7-768x538.jpg 768w, https:\/\/magikland.pt\/wp-content\/uploads\/2021\/05\/5-7-1536x1076.jpg 1536w, https:\/\/magikland.pt\/wp-content\/uploads\/2021\/05\/5-7-2048x1435.jpg 2048w\" sizes=\"(max-width: 300px) 100vw, 300px\" \/><\/a>\n\t\t\t<\/div><\/figure><figure class='gallery-item'>\n\t\t\t<div class='gallery-icon landscape'>\n\t\t\t\t<a data-elementor-open-lightbox=\"yes\" data-elementor-lightbox-slideshow=\"88b7d44\" data-e-action-hash=\"#elementor-action%3Aaction%3Dlightbox%26settings%3DeyJpZCI6ODg3LCJ1cmwiOiJodHRwczpcL1wvbWFnaWtsYW5kLnB0XC93cC1jb250ZW50XC91cGxvYWRzXC8yMDIxXC8wNVwvNi0xMC1zY2FsZWQuanBnIiwic2xpZGVzaG93IjoiODhiN2Q0NCJ9\" href='https:\/\/magikland.pt\/wp-content\/uploads\/2021\/05\/6-10-scaled.jpg'><img loading=\"lazy\" decoding=\"async\" width=\"300\" height=\"225\" src=\"https:\/\/magikland.pt\/wp-content\/uploads\/2021\/05\/6-10-300x225.jpg\" class=\"attachment-medium size-medium\" alt=\"\" srcset=\"https:\/\/magikland.pt\/wp-content\/uploads\/2021\/05\/6-10-300x225.jpg 300w, https:\/\/magikland.pt\/wp-content\/uploads\/2021\/05\/6-10-1024x768.jpg 1024w, https:\/\/magikland.pt\/wp-content\/uploads\/2021\/05\/6-10-768x576.jpg 768w, https:\/\/magikland.pt\/wp-content\/uploads\/2021\/05\/6-10-1536x1152.jpg 1536w, https:\/\/magikland.pt\/wp-content\/uploads\/2021\/05\/6-10-2048x1536.jpg 2048w\" sizes=\"(max-width: 300px) 100vw, 300px\" \/><\/a>\n\t\t\t<\/div><\/figure>\n\t\t<\/div>\n\t\t<\/div>\n\t\t\t\t\t\t<\/div>\n\t\t\t\t<\/div>\n\t\t\t\t\t<\/div>\n\t\t<\/div>\n\t\t\t\t\t<\/div>\n\t\t<\/section>\n\t\t\t\t<section class=\"elementor-section elementor-top-section elementor-element elementor-element-87970ec elementor-section-boxed elementor-section-height-default elementor-section-height-default\" data-id=\"87970ec\" data-element_type=\"section\" data-e-type=\"section\" data-settings=\"{&quot;background_background&quot;:&quot;classic&quot;}\">\n\t\t\t\t\t\t<div class=\"elementor-container elementor-column-gap-default\">\n\t\t\t\t\t<div class=\"elementor-column elementor-col-100 elementor-top-column elementor-element elementor-element-f4cb745\" data-id=\"f4cb745\" data-element_type=\"column\" data-e-type=\"column\">\n\t\t\t<div class=\"elementor-widget-wrap\">\n\t\t\t\t\t\t\t<\/div>\n\t\t<\/div>\n\t\t\t\t\t<\/div>\n\t\t<\/section>\n\t\t\t\t<\/div>","protected":false},"excerpt":{"rendered":"<p>LAGO DO GALE\u00c3O O Pirata est\u00e1 avistar, da caveira invulgar\u2026 Para o tesouro encontrar vai ter que nadar. Quando l\u00e1 chegar\u2026 o Gale\u00e3o ter\u00e1 de explorar\u2026 Ficha T\u00e9cnica: Dimens\u00f5es: &nbsp;&nbsp; \u2022 Comprimento:&nbsp;25m &nbsp;&nbsp; \u2022 Largura:&nbsp;24m &nbsp;&nbsp; \u2022 Profundidade M\u00e1xima:&nbsp;1,20m &nbsp;&nbsp; \u2022 Lota\u00e7\u00e3o M\u00e1xima: 350 pessoas Normas: &nbsp;&nbsp;&nbsp;\u2022 Utilizar roupa apropriada a banhos; &nbsp;&nbsp; \u2022 Passagem [&hellip;]<\/p>\n","protected":false},"author":1,"featured_media":0,"parent":0,"menu_order":0,"comment_status":"closed","ping_status":"closed","template":"","meta":{"site-sidebar-layout":"no-sidebar","site-content-layout":"page-builder","ast-site-content-layout":"default","site-content-style":"default","site-sidebar-style":"default","ast-global-header-display":"","ast-banner-title-visibility":"","ast-main-header-display":"","ast-hfb-above-header-display":"","ast-hfb-below-header-display":"","ast-hfb-mobile-header-display":"","site-post-title":"disabled","ast-breadcrumbs-content":"","ast-featured-img":"disabled","footer-sml-layout":"","ast-disable-related-posts":"","theme-transparent-header-meta":"default","adv-header-id-meta":"","stick-header-meta":"","header-above-stick-meta":"","header-main-stick-meta":"","header-below-stick-meta":"","astra-migrate-meta-layouts":"default","ast-page-background-enabled":"default","ast-page-background-meta":{"desktop":{"background-color":"","background-image":"","background-repeat":"repeat","background-position":"center center","background-size":"auto","background-attachment":"scroll","background-type":"","background-media":"","overlay-type":"","overlay-color":"","overlay-opacity":"","overlay-gradient":""},"tablet":{"background-color":"","background-image":"","background-repeat":"repeat","background-position":"center center","background-size":"auto","background-attachment":"scroll","background-type":"","background-media":"","overlay-type":"","overlay-color":"","overlay-opacity":"","overlay-gradient":""},"mobile":{"background-color":"","background-image":"","background-repeat":"repeat","background-position":"center center","background-size":"auto","background-attachment":"scroll","background-type":"","background-media":"","overlay-type":"","overlay-color":"","overlay-opacity":"","overlay-gradient":""}},"ast-content-background-meta":{"desktop":{"background-color":"var(--ast-global-color-5)","background-image":"","background-repeat":"repeat","background-position":"center center","background-size":"auto","background-attachment":"scroll","background-type":"","background-media":"","overlay-type":"","overlay-color":"","overlay-opacity":"","overlay-gradient":""},"tablet":{"background-color":"var(--ast-global-color-5)","background-image":"","background-repeat":"repeat","background-position":"center center","background-size":"auto","background-attachment":"scroll","background-type":"","background-media":"","overlay-type":"","overlay-color":"","overlay-opacity":"","overlay-gradient":""},"mobile":{"background-color":"var(--ast-global-color-5)","background-image":"","background-repeat":"repeat","background-position":"center center","background-size":"auto","background-attachment":"scroll","background-type":"","background-media":"","overlay-type":"","overlay-color":"","overlay-opacity":"","overlay-gradient":""}},"footnotes":""},"class_list":["post-881","page","type-page","status-publish","hentry"],"_links":{"self":[{"href":"https:\/\/magikland.pt\/es\/wp-json\/wp\/v2\/pages\/881","targetHints":{"allow":["GET"]}}],"collection":[{"href":"https:\/\/magikland.pt\/es\/wp-json\/wp\/v2\/pages"}],"about":[{"href":"https:\/\/magikland.pt\/es\/wp-json\/wp\/v2\/types\/page"}],"author":[{"embeddable":true,"href":"https:\/\/magikland.pt\/es\/wp-json\/wp\/v2\/users\/1"}],"replies":[{"embeddable":true,"href":"https:\/\/magikland.pt\/es\/wp-json\/wp\/v2\/comments?post=881"}],"version-history":[{"count":0,"href":"https:\/\/magikland.pt\/es\/wp-json\/wp\/v2\/pages\/881\/revisions"}],"wp:attachment":[{"href":"https:\/\/magikland.pt\/es\/wp-json\/wp\/v2\/media?parent=881"}],"curies":[{"name":"wp","href":"https:\/\/api.w.org\/{rel}","templated":true}]}}