{"id":613,"date":"2021-05-20T15:15:46","date_gmt":"2021-05-20T15:15:46","guid":{"rendered":"https:\/\/magikland.pt\/?page_id=613"},"modified":"2022-11-24T11:55:38","modified_gmt":"2022-11-24T11:55:38","slug":"africa-3","status":"publish","type":"page","link":"https:\/\/magikland.pt\/es\/africa-3\/","title":{"rendered":"\u00c1frica"},"content":{"rendered":"<div data-elementor-type=\"wp-page\" data-elementor-id=\"613\" class=\"elementor elementor-613\">\n\t\t\t\t\t\t<section class=\"elementor-section elementor-top-section elementor-element elementor-element-657882b elementor-section-boxed elementor-section-height-default elementor-section-height-default\" data-id=\"657882b\" data-element_type=\"section\" data-e-type=\"section\">\n\t\t\t\t\t\t<div class=\"elementor-container elementor-column-gap-default\">\n\t\t\t\t\t<div class=\"elementor-column elementor-col-100 elementor-top-column elementor-element elementor-element-8ae9526\" data-id=\"8ae9526\" data-element_type=\"column\" data-e-type=\"column\">\n\t\t\t<div class=\"elementor-widget-wrap elementor-element-populated\">\n\t\t\t\t\t\t<div class=\"elementor-element elementor-element-25cf0f9 elementor-widget elementor-widget-spacer\" data-id=\"25cf0f9\" data-element_type=\"widget\" data-e-type=\"widget\" data-widget_type=\"spacer.default\">\n\t\t\t\t<div class=\"elementor-widget-container\">\n\t\t\t\t\t\t\t<div class=\"elementor-spacer\">\n\t\t\t<div class=\"elementor-spacer-inner\"><\/div>\n\t\t<\/div>\n\t\t\t\t\t\t<\/div>\n\t\t\t\t<\/div>\n\t\t\t\t\t<\/div>\n\t\t<\/div>\n\t\t\t\t\t<\/div>\n\t\t<\/section>\n\t\t\t\t<section class=\"elementor-section elementor-top-section elementor-element elementor-element-1a656676 elementor-section-content-middle elementor-reverse-mobile elementor-section-boxed elementor-section-height-default elementor-section-height-default\" data-id=\"1a656676\" data-element_type=\"section\" data-e-type=\"section\">\n\t\t\t\t\t\t<div class=\"elementor-container elementor-column-gap-no\">\n\t\t\t\t\t<div class=\"elementor-column elementor-col-33 elementor-top-column elementor-element elementor-element-5ce657c1\" data-id=\"5ce657c1\" data-element_type=\"column\" data-e-type=\"column\">\n\t\t\t<div class=\"elementor-widget-wrap elementor-element-populated\">\n\t\t\t\t\t\t<div class=\"elementor-element elementor-element-41434132 elementor-widget elementor-widget-heading\" data-id=\"41434132\" data-element_type=\"widget\" data-e-type=\"widget\" data-widget_type=\"heading.default\">\n\t\t\t\t<div class=\"elementor-widget-container\">\n\t\t\t\t\t<h4 class=\"elementor-heading-title elementor-size-default\">\u00c1FRICA<\/h4>\t\t\t\t<\/div>\n\t\t\t\t<\/div>\n\t\t\t\t<div class=\"elementor-element elementor-element-5948fb86 elementor-widget elementor-widget-text-editor\" data-id=\"5948fb86\" data-element_type=\"widget\" data-e-type=\"widget\" data-widget_type=\"text-editor.default\">\n\t\t\t\t<div class=\"elementor-widget-container\">\n\t\t\t\t\t\t\t\t\t<p>A trav\u00e9s de techos de paja, puedes hacer un safari en los camiones peque\u00f1os del Dakar, sobrevolar en los aviones de \u00c1frica Minha, pasar por Sanzala donde se encuentran los autos chocones y deslizarte por las aguas cristalinas del Magik Splash.<\/p>\t\t\t\t\t\t\t\t<\/div>\n\t\t\t\t<\/div>\n\t\t\t\t\t<\/div>\n\t\t<\/div>\n\t\t\t\t<div class=\"elementor-column elementor-col-66 elementor-top-column elementor-element elementor-element-3cb64a62\" data-id=\"3cb64a62\" data-element_type=\"column\" data-e-type=\"column\">\n\t\t\t<div class=\"elementor-widget-wrap elementor-element-populated\">\n\t\t\t\t\t\t<div class=\"elementor-element elementor-element-63459dcc elementor-widget elementor-widget-image\" data-id=\"63459dcc\" data-element_type=\"widget\" data-e-type=\"widget\" data-widget_type=\"image.default\">\n\t\t\t\t<div class=\"elementor-widget-container\">\n\t\t\t\t\t\t\t\t\t\t\t\t\t\t\t<img fetchpriority=\"high\" decoding=\"async\" width=\"530\" height=\"291\" src=\"https:\/\/magikland.pt\/wp-content\/uploads\/2022\/11\/2022_04_Magikland_Mapa_Areas-Soltas-Africa-2.png\" class=\"attachment-large size-large wp-image-554\" alt=\"\" srcset=\"https:\/\/magikland.pt\/wp-content\/uploads\/2022\/11\/2022_04_Magikland_Mapa_Areas-Soltas-Africa-2.png 3763w, https:\/\/magikland.pt\/wp-content\/uploads\/2022\/11\/2022_04_Magikland_Mapa_Areas-Soltas-Africa-2-300x166.png 300w, https:\/\/magikland.pt\/wp-content\/uploads\/2022\/11\/2022_04_Magikland_Mapa_Areas-Soltas-Africa-2-1024x568.png 1024w, https:\/\/magikland.pt\/wp-content\/uploads\/2022\/11\/2022_04_Magikland_Mapa_Areas-Soltas-Africa-2-768x426.png 768w, https:\/\/magikland.pt\/wp-content\/uploads\/2022\/11\/2022_04_Magikland_Mapa_Areas-Soltas-Africa-2-1536x852.png 1536w, https:\/\/magikland.pt\/wp-content\/uploads\/2022\/11\/2022_04_Magikland_Mapa_Areas-Soltas-Africa-2-2048x1136.png 2048w, https:\/\/magikland.pt\/wp-content\/uploads\/2022\/11\/2022_04_Magikland_Mapa_Areas-Soltas-Africa-2-18x10.png 18w\" sizes=\"(max-width: 530px) 100vw, 530px\" \/>\t\t\t\t\t\t\t\t\t\t\t\t\t\t\t<\/div>\n\t\t\t\t<\/div>\n\t\t\t\t\t<\/div>\n\t\t<\/div>\n\t\t\t\t\t<\/div>\n\t\t<\/section>\n\t\t\t\t<section class=\"elementor-section elementor-top-section elementor-element elementor-element-1b1fd8f elementor-section-content-middle elementor-section-boxed elementor-section-height-default elementor-section-height-default\" data-id=\"1b1fd8f\" data-element_type=\"section\" data-e-type=\"section\">\n\t\t\t\t\t\t<div class=\"elementor-container elementor-column-gap-no\">\n\t\t\t\t\t<div class=\"elementor-column elementor-col-100 elementor-top-column elementor-element elementor-element-751b1a4\" data-id=\"751b1a4\" data-element_type=\"column\" data-e-type=\"column\">\n\t\t\t<div class=\"elementor-widget-wrap elementor-element-populated\">\n\t\t\t\t\t\t<section class=\"elementor-section elementor-inner-section elementor-element elementor-element-ccf30b4 elementor-section-content-middle elementor-section-boxed elementor-section-height-default elementor-section-height-default\" data-id=\"ccf30b4\" data-element_type=\"section\" data-e-type=\"section\">\n\t\t\t\t\t\t<div class=\"elementor-container elementor-column-gap-no\">\n\t\t\t\t\t<div class=\"elementor-column elementor-col-33 elementor-inner-column elementor-element elementor-element-c28668f\" data-id=\"c28668f\" data-element_type=\"column\" data-e-type=\"column\" data-settings=\"{&quot;background_background&quot;:&quot;classic&quot;}\">\n\t\t\t<div class=\"elementor-widget-wrap elementor-element-populated\">\n\t\t\t\t\t\t<div class=\"elementor-element elementor-element-17d39c3 elementor-position-top elementor-widget elementor-widget-image-box\" data-id=\"17d39c3\" data-element_type=\"widget\" data-e-type=\"widget\" data-widget_type=\"image-box.default\">\n\t\t\t\t<div class=\"elementor-widget-container\">\n\t\t\t\t\t<div class=\"elementor-image-box-wrapper\"><figure class=\"elementor-image-box-img\"><a href=\"https:\/\/magikland.pt\/es\/far-west-2\/\" tabindex=\"-1\"><img decoding=\"async\" width=\"1154\" height=\"1154\" src=\"https:\/\/magikland.pt\/wp-content\/uploads\/2021\/05\/AFRICA-MINHA1.png\" class=\"elementor-animation-grow attachment-full size-full wp-image-717\" alt=\"\" srcset=\"https:\/\/magikland.pt\/wp-content\/uploads\/2021\/05\/AFRICA-MINHA1.png 1154w, https:\/\/magikland.pt\/wp-content\/uploads\/2021\/05\/AFRICA-MINHA1-300x300.png 300w, https:\/\/magikland.pt\/wp-content\/uploads\/2021\/05\/AFRICA-MINHA1-1024x1024.png 1024w, https:\/\/magikland.pt\/wp-content\/uploads\/2021\/05\/AFRICA-MINHA1-150x150.png 150w, https:\/\/magikland.pt\/wp-content\/uploads\/2021\/05\/AFRICA-MINHA1-768x768.png 768w\" sizes=\"(max-width: 1154px) 100vw, 1154px\" \/><\/a><\/figure><div class=\"elementor-image-box-content\"><h3 class=\"elementor-image-box-title\"><a href=\"https:\/\/magikland.pt\/es\/far-west-2\/\">\u00c1FRICA MIA<\/a><\/h3><\/div><\/div>\t\t\t\t<\/div>\n\t\t\t\t<\/div>\n\t\t\t\t\t<\/div>\n\t\t<\/div>\n\t\t\t\t<div class=\"elementor-column elementor-col-33 elementor-inner-column elementor-element elementor-element-9a0d564\" data-id=\"9a0d564\" data-element_type=\"column\" data-e-type=\"column\" data-settings=\"{&quot;background_background&quot;:&quot;classic&quot;}\">\n\t\t\t<div class=\"elementor-widget-wrap elementor-element-populated\">\n\t\t\t\t\t\t<div class=\"elementor-element elementor-element-1a0a045 elementor-position-top elementor-widget elementor-widget-image-box\" data-id=\"1a0a045\" data-element_type=\"widget\" data-e-type=\"widget\" data-widget_type=\"image-box.default\">\n\t\t\t\t<div class=\"elementor-widget-container\">\n\t\t\t\t\t<div class=\"elementor-image-box-wrapper\"><figure class=\"elementor-image-box-img\"><a href=\"https:\/\/magikland.pt\/es\/dakar\/\" tabindex=\"-1\"><img decoding=\"async\" width=\"1154\" height=\"1153\" src=\"https:\/\/magikland.pt\/wp-content\/uploads\/2021\/05\/DAKAR1.png\" class=\"elementor-animation-grow attachment-full size-full wp-image-718\" alt=\"\" srcset=\"https:\/\/magikland.pt\/wp-content\/uploads\/2021\/05\/DAKAR1.png 1154w, https:\/\/magikland.pt\/wp-content\/uploads\/2021\/05\/DAKAR1-300x300.png 300w, https:\/\/magikland.pt\/wp-content\/uploads\/2021\/05\/DAKAR1-1024x1024.png 1024w, https:\/\/magikland.pt\/wp-content\/uploads\/2021\/05\/DAKAR1-150x150.png 150w, https:\/\/magikland.pt\/wp-content\/uploads\/2021\/05\/DAKAR1-768x767.png 768w\" sizes=\"(max-width: 1154px) 100vw, 1154px\" \/><\/a><\/figure><div class=\"elementor-image-box-content\"><h3 class=\"elementor-image-box-title\"><a href=\"https:\/\/magikland.pt\/es\/dakar\/\">DAKAR<\/a><\/h3><\/div><\/div>\t\t\t\t<\/div>\n\t\t\t\t<\/div>\n\t\t\t\t\t<\/div>\n\t\t<\/div>\n\t\t\t\t<div class=\"elementor-column elementor-col-33 elementor-inner-column elementor-element elementor-element-50742c2\" data-id=\"50742c2\" data-element_type=\"column\" data-e-type=\"column\" data-settings=\"{&quot;background_background&quot;:&quot;classic&quot;}\">\n\t\t\t<div class=\"elementor-widget-wrap elementor-element-populated\">\n\t\t\t\t\t\t<div class=\"elementor-element elementor-element-553394b elementor-position-top elementor-widget elementor-widget-image-box\" data-id=\"553394b\" data-element_type=\"widget\" data-e-type=\"widget\" data-widget_type=\"image-box.default\">\n\t\t\t\t<div class=\"elementor-widget-container\">\n\t\t\t\t\t<div class=\"elementor-image-box-wrapper\"><figure class=\"elementor-image-box-img\"><a href=\"https:\/\/magikland.pt\/es\/sanzala\/\" tabindex=\"-1\"><img loading=\"lazy\" decoding=\"async\" width=\"1154\" height=\"1154\" src=\"https:\/\/magikland.pt\/wp-content\/uploads\/2021\/05\/SANZALA1.png\" class=\"elementor-animation-grow attachment-full size-full wp-image-719\" alt=\"\" srcset=\"https:\/\/magikland.pt\/wp-content\/uploads\/2021\/05\/SANZALA1.png 1154w, https:\/\/magikland.pt\/wp-content\/uploads\/2021\/05\/SANZALA1-300x300.png 300w, https:\/\/magikland.pt\/wp-content\/uploads\/2021\/05\/SANZALA1-1024x1024.png 1024w, https:\/\/magikland.pt\/wp-content\/uploads\/2021\/05\/SANZALA1-150x150.png 150w, https:\/\/magikland.pt\/wp-content\/uploads\/2021\/05\/SANZALA1-768x768.png 768w\" sizes=\"(max-width: 1154px) 100vw, 1154px\" \/><\/a><\/figure><div class=\"elementor-image-box-content\"><h3 class=\"elementor-image-box-title\"><a href=\"https:\/\/magikland.pt\/es\/sanzala\/\">SANZALA<\/a><\/h3><\/div><\/div>\t\t\t\t<\/div>\n\t\t\t\t<\/div>\n\t\t\t\t\t<\/div>\n\t\t<\/div>\n\t\t\t\t\t<\/div>\n\t\t<\/section>\n\t\t\t\t<section class=\"elementor-section elementor-inner-section elementor-element elementor-element-8950eee elementor-section-content-middle elementor-section-boxed elementor-section-height-default elementor-section-height-default\" data-id=\"8950eee\" data-element_type=\"section\" data-e-type=\"section\">\n\t\t\t\t\t\t<div class=\"elementor-container elementor-column-gap-no\">\n\t\t\t\t\t<div class=\"elementor-column elementor-col-33 elementor-inner-column elementor-element elementor-element-5e571d5\" data-id=\"5e571d5\" data-element_type=\"column\" data-e-type=\"column\" data-settings=\"{&quot;background_background&quot;:&quot;classic&quot;}\">\n\t\t\t<div class=\"elementor-widget-wrap elementor-element-populated\">\n\t\t\t\t\t\t<div class=\"elementor-element elementor-element-cee4dc9 elementor-position-top elementor-widget elementor-widget-image-box\" data-id=\"cee4dc9\" data-element_type=\"widget\" data-e-type=\"widget\" data-widget_type=\"image-box.default\">\n\t\t\t\t<div class=\"elementor-widget-container\">\n\t\t\t\t\t<div class=\"elementor-image-box-wrapper\"><figure class=\"elementor-image-box-img\"><a href=\"https:\/\/magikland.pt\/es\/kimbo-bar\/\" tabindex=\"-1\"><img loading=\"lazy\" decoding=\"async\" width=\"1153\" height=\"1154\" src=\"https:\/\/magikland.pt\/wp-content\/uploads\/2021\/05\/KIMBO.png\" class=\"elementor-animation-grow attachment-full size-full wp-image-570\" alt=\"\" srcset=\"https:\/\/magikland.pt\/wp-content\/uploads\/2021\/05\/KIMBO.png 1153w, https:\/\/magikland.pt\/wp-content\/uploads\/2021\/05\/KIMBO-300x300.png 300w, https:\/\/magikland.pt\/wp-content\/uploads\/2021\/05\/KIMBO-1024x1024.png 1024w, https:\/\/magikland.pt\/wp-content\/uploads\/2021\/05\/KIMBO-150x150.png 150w, https:\/\/magikland.pt\/wp-content\/uploads\/2021\/05\/KIMBO-768x769.png 768w\" sizes=\"(max-width: 1153px) 100vw, 1153px\" \/><\/a><\/figure><div class=\"elementor-image-box-content\"><h3 class=\"elementor-image-box-title\"><a href=\"https:\/\/magikland.pt\/es\/kimbo-bar\/\">KIMBO BAR<\/a><\/h3><\/div><\/div>\t\t\t\t<\/div>\n\t\t\t\t<\/div>\n\t\t\t\t\t<\/div>\n\t\t<\/div>\n\t\t\t\t<div class=\"elementor-column elementor-col-33 elementor-inner-column elementor-element elementor-element-4cfc313\" data-id=\"4cfc313\" data-element_type=\"column\" data-e-type=\"column\" data-settings=\"{&quot;background_background&quot;:&quot;classic&quot;}\">\n\t\t\t<div class=\"elementor-widget-wrap elementor-element-populated\">\n\t\t\t\t\t\t<div class=\"elementor-element elementor-element-dcce678 elementor-position-top elementor-widget elementor-widget-image-box\" data-id=\"dcce678\" data-element_type=\"widget\" data-e-type=\"widget\" data-widget_type=\"image-box.default\">\n\t\t\t\t<div class=\"elementor-widget-container\">\n\t\t\t\t\t<div class=\"elementor-image-box-wrapper\"><figure class=\"elementor-image-box-img\"><a href=\"https:\/\/magikland.pt\/es\/magik-splash\/\" tabindex=\"-1\"><img loading=\"lazy\" decoding=\"async\" width=\"1417\" height=\"1417\" src=\"https:\/\/magikland.pt\/wp-content\/uploads\/2022\/11\/Piscina-escorregas-02.png\" class=\"elementor-animation-grow attachment-full size-full wp-image-2834\" alt=\"\" srcset=\"https:\/\/magikland.pt\/wp-content\/uploads\/2022\/11\/Piscina-escorregas-02.png 1417w, https:\/\/magikland.pt\/wp-content\/uploads\/2022\/11\/Piscina-escorregas-02-300x300.png 300w, https:\/\/magikland.pt\/wp-content\/uploads\/2022\/11\/Piscina-escorregas-02-1024x1024.png 1024w, https:\/\/magikland.pt\/wp-content\/uploads\/2022\/11\/Piscina-escorregas-02-150x150.png 150w, https:\/\/magikland.pt\/wp-content\/uploads\/2022\/11\/Piscina-escorregas-02-768x768.png 768w, https:\/\/magikland.pt\/wp-content\/uploads\/2022\/11\/Piscina-escorregas-02-12x12.png 12w\" sizes=\"(max-width: 1417px) 100vw, 1417px\" \/><\/a><\/figure><div class=\"elementor-image-box-content\"><h3 class=\"elementor-image-box-title\"><a href=\"https:\/\/magikland.pt\/es\/magik-splash\/\">MAGIK SPLASH<\/a><\/h3><\/div><\/div>\t\t\t\t<\/div>\n\t\t\t\t<\/div>\n\t\t\t\t\t<\/div>\n\t\t<\/div>\n\t\t\t\t<div class=\"elementor-column elementor-col-33 elementor-inner-column elementor-element elementor-element-ba3cd74\" data-id=\"ba3cd74\" data-element_type=\"column\" data-e-type=\"column\">\n\t\t\t<div class=\"elementor-widget-wrap\">\n\t\t\t\t\t\t\t<\/div>\n\t\t<\/div>\n\t\t\t\t\t<\/div>\n\t\t<\/section>\n\t\t\t\t\t<\/div>\n\t\t<\/div>\n\t\t\t\t\t<\/div>\n\t\t<\/section>\n\t\t\t\t<section class=\"elementor-section elementor-top-section elementor-element elementor-element-5bb1619 elementor-section-boxed elementor-section-height-default elementor-section-height-default\" data-id=\"5bb1619\" data-element_type=\"section\" data-e-type=\"section\" data-settings=\"{&quot;background_background&quot;:&quot;classic&quot;}\">\n\t\t\t\t\t\t<div class=\"elementor-container elementor-column-gap-default\">\n\t\t\t\t\t<div class=\"elementor-column elementor-col-100 elementor-top-column elementor-element elementor-element-6f0b58b\" data-id=\"6f0b58b\" data-element_type=\"column\" data-e-type=\"column\">\n\t\t\t<div class=\"elementor-widget-wrap\">\n\t\t\t\t\t\t\t<\/div>\n\t\t<\/div>\n\t\t\t\t\t<\/div>\n\t\t<\/section>\n\t\t\t\t<\/div>","protected":false},"excerpt":{"rendered":"<p>\u00c1FRICA Por entre telhados de colmo, poder\u00e1 fazer um safari nos pequenos cami\u00f5es do Dakar, sobrevoar nos avi\u00f5es de \u00c1frica Minha, passar pela Sanzala onde se encontram os carrinhos de choque e deslizar pelas \u00e1guas cristalinas da Magik Splash. \u00c1FRICA MINHA DAKAR SANZALA KIMBO BAR MAGIK SPLASH<\/p>","protected":false},"author":1,"featured_media":0,"parent":0,"menu_order":0,"comment_status":"closed","ping_status":"closed","template":"","meta":{"site-sidebar-layout":"no-sidebar","site-content-layout":"page-builder","ast-site-content-layout":"default","site-content-style":"default","site-sidebar-style":"default","ast-global-header-display":"","ast-banner-title-visibility":"","ast-main-header-display":"","ast-hfb-above-header-display":"","ast-hfb-below-header-display":"","ast-hfb-mobile-header-display":"","site-post-title":"disabled","ast-breadcrumbs-content":"","ast-featured-img":"disabled","footer-sml-layout":"","ast-disable-related-posts":"","theme-transparent-header-meta":"default","adv-header-id-meta":"","stick-header-meta":"","header-above-stick-meta":"","header-main-stick-meta":"","header-below-stick-meta":"","astra-migrate-meta-layouts":"default","ast-page-background-enabled":"default","ast-page-background-meta":{"desktop":{"background-color":"","background-image":"","background-repeat":"repeat","background-position":"center center","background-size":"auto","background-attachment":"scroll","background-type":"","background-media":"","overlay-type":"","overlay-color":"","overlay-opacity":"","overlay-gradient":""},"tablet":{"background-color":"","background-image":"","background-repeat":"repeat","background-position":"center center","background-size":"auto","background-attachment":"scroll","background-type":"","background-media":"","overlay-type":"","overlay-color":"","overlay-opacity":"","overlay-gradient":""},"mobile":{"background-color":"","background-image":"","background-repeat":"repeat","background-position":"center center","background-size":"auto","background-attachment":"scroll","background-type":"","background-media":"","overlay-type":"","overlay-color":"","overlay-opacity":"","overlay-gradient":""}},"ast-content-background-meta":{"desktop":{"background-color":"var(--ast-global-color-5)","background-image":"","background-repeat":"repeat","background-position":"center center","background-size":"auto","background-attachment":"scroll","background-type":"","background-media":"","overlay-type":"","overlay-color":"","overlay-opacity":"","overlay-gradient":""},"tablet":{"background-color":"var(--ast-global-color-5)","background-image":"","background-repeat":"repeat","background-position":"center center","background-size":"auto","background-attachment":"scroll","background-type":"","background-media":"","overlay-type":"","overlay-color":"","overlay-opacity":"","overlay-gradient":""},"mobile":{"background-color":"var(--ast-global-color-5)","background-image":"","background-repeat":"repeat","background-position":"center center","background-size":"auto","background-attachment":"scroll","background-type":"","background-media":"","overlay-type":"","overlay-color":"","overlay-opacity":"","overlay-gradient":""}},"footnotes":""},"class_list":["post-613","page","type-page","status-publish","hentry"],"_links":{"self":[{"href":"https:\/\/magikland.pt\/es\/wp-json\/wp\/v2\/pages\/613","targetHints":{"allow":["GET"]}}],"collection":[{"href":"https:\/\/magikland.pt\/es\/wp-json\/wp\/v2\/pages"}],"about":[{"href":"https:\/\/magikland.pt\/es\/wp-json\/wp\/v2\/types\/page"}],"author":[{"embeddable":true,"href":"https:\/\/magikland.pt\/es\/wp-json\/wp\/v2\/users\/1"}],"replies":[{"embeddable":true,"href":"https:\/\/magikland.pt\/es\/wp-json\/wp\/v2\/comments?post=613"}],"version-history":[{"count":0,"href":"https:\/\/magikland.pt\/es\/wp-json\/wp\/v2\/pages\/613\/revisions"}],"wp:attachment":[{"href":"https:\/\/magikland.pt\/es\/wp-json\/wp\/v2\/media?parent=613"}],"curies":[{"name":"wp","href":"https:\/\/api.w.org\/{rel}","templated":true}]}}