{"id":603,"date":"2021-05-20T15:07:34","date_gmt":"2021-05-20T15:07:34","guid":{"rendered":"https:\/\/magikland.pt\/?page_id=603"},"modified":"2022-11-24T17:59:01","modified_gmt":"2022-11-24T17:59:01","slug":"refugio-dos-piratas","status":"publish","type":"page","link":"https:\/\/magikland.pt\/es\/refugio-dos-piratas\/","title":{"rendered":"Ref\u00fagio dos Piratas"},"content":{"rendered":"<div data-elementor-type=\"wp-page\" data-elementor-id=\"603\" class=\"elementor elementor-603\">\n\t\t\t\t\t\t<section class=\"elementor-section elementor-top-section elementor-element elementor-element-944291f elementor-section-boxed elementor-section-height-default elementor-section-height-default\" data-id=\"944291f\" data-element_type=\"section\" data-e-type=\"section\">\n\t\t\t\t\t\t<div class=\"elementor-container elementor-column-gap-default\">\n\t\t\t\t\t<div class=\"elementor-column elementor-col-100 elementor-top-column elementor-element elementor-element-c10293f\" data-id=\"c10293f\" data-element_type=\"column\" data-e-type=\"column\">\n\t\t\t<div class=\"elementor-widget-wrap elementor-element-populated\">\n\t\t\t\t\t\t<div class=\"elementor-element elementor-element-7568d64 elementor-widget elementor-widget-spacer\" data-id=\"7568d64\" data-element_type=\"widget\" data-e-type=\"widget\" data-widget_type=\"spacer.default\">\n\t\t\t\t<div class=\"elementor-widget-container\">\n\t\t\t\t\t\t\t<div class=\"elementor-spacer\">\n\t\t\t<div class=\"elementor-spacer-inner\"><\/div>\n\t\t<\/div>\n\t\t\t\t\t\t<\/div>\n\t\t\t\t<\/div>\n\t\t\t\t\t<\/div>\n\t\t<\/div>\n\t\t\t\t\t<\/div>\n\t\t<\/section>\n\t\t\t\t<section class=\"elementor-section elementor-top-section elementor-element elementor-element-1a656676 elementor-section-content-middle elementor-reverse-mobile elementor-section-boxed elementor-section-height-default elementor-section-height-default\" data-id=\"1a656676\" data-element_type=\"section\" data-e-type=\"section\">\n\t\t\t\t\t\t<div class=\"elementor-container elementor-column-gap-no\">\n\t\t\t\t\t<div class=\"elementor-column elementor-col-33 elementor-top-column elementor-element elementor-element-5ce657c1\" data-id=\"5ce657c1\" data-element_type=\"column\" data-e-type=\"column\">\n\t\t\t<div class=\"elementor-widget-wrap elementor-element-populated\">\n\t\t\t\t\t\t<div class=\"elementor-element elementor-element-41434132 elementor-widget elementor-widget-heading\" data-id=\"41434132\" data-element_type=\"widget\" data-e-type=\"widget\" data-widget_type=\"heading.default\">\n\t\t\t\t<div class=\"elementor-widget-container\">\n\t\t\t\t\t<h4 class=\"elementor-heading-title elementor-size-default\">REFUGIO DE PIRATAS<\/h4>\t\t\t\t<\/div>\n\t\t\t\t<\/div>\n\t\t\t\t<div class=\"elementor-element elementor-element-5948fb86 elementor-widget elementor-widget-text-editor\" data-id=\"5948fb86\" data-element_type=\"widget\" data-e-type=\"widget\" data-widget_type=\"text-editor.default\">\n\t\t\t\t<div class=\"elementor-widget-container\">\n\t\t\t\t\t\t\t\t\t<p>Se descubre un lugar lleno de color verde y azul, donde se queda anclado un Gale\u00f3n Pirata, prometiendo misterio y aventura para los m\u00e1s osados.<br \/>Entre calaveras y peque\u00f1os capitanes, encontrar\u00e1n adrenalina en nuestra Corsaria.<\/p>\t\t\t\t\t\t\t\t<\/div>\n\t\t\t\t<\/div>\n\t\t\t\t\t<\/div>\n\t\t<\/div>\n\t\t\t\t<div class=\"elementor-column elementor-col-66 elementor-top-column elementor-element elementor-element-3cb64a62\" data-id=\"3cb64a62\" data-element_type=\"column\" data-e-type=\"column\">\n\t\t\t<div class=\"elementor-widget-wrap elementor-element-populated\">\n\t\t\t\t\t\t<div class=\"elementor-element elementor-element-63459dcc elementor-widget elementor-widget-image\" data-id=\"63459dcc\" data-element_type=\"widget\" data-e-type=\"widget\" data-widget_type=\"image.default\">\n\t\t\t\t<div class=\"elementor-widget-container\">\n\t\t\t\t\t\t\t\t\t\t\t\t\t\t\t<img fetchpriority=\"high\" decoding=\"async\" width=\"1024\" height=\"1024\" src=\"https:\/\/magikland.pt\/wp-content\/uploads\/2021\/05\/REFUGIO-DOS-PIRATAS-1024x1024.png\" class=\"attachment-large size-large wp-image-657\" alt=\"\" srcset=\"https:\/\/magikland.pt\/wp-content\/uploads\/2021\/05\/REFUGIO-DOS-PIRATAS-1024x1024.png 1024w, https:\/\/magikland.pt\/wp-content\/uploads\/2021\/05\/REFUGIO-DOS-PIRATAS-300x300.png 300w, https:\/\/magikland.pt\/wp-content\/uploads\/2021\/05\/REFUGIO-DOS-PIRATAS-150x150.png 150w, https:\/\/magikland.pt\/wp-content\/uploads\/2021\/05\/REFUGIO-DOS-PIRATAS-768x768.png 768w, https:\/\/magikland.pt\/wp-content\/uploads\/2021\/05\/REFUGIO-DOS-PIRATAS.png 1154w\" sizes=\"(max-width: 1024px) 100vw, 1024px\" \/>\t\t\t\t\t\t\t\t\t\t\t\t\t\t\t<\/div>\n\t\t\t\t<\/div>\n\t\t\t\t\t<\/div>\n\t\t<\/div>\n\t\t\t\t\t<\/div>\n\t\t<\/section>\n\t\t\t\t<section class=\"elementor-section elementor-top-section elementor-element elementor-element-43d9269a elementor-section-content-middle elementor-section-boxed elementor-section-height-default elementor-section-height-default\" data-id=\"43d9269a\" data-element_type=\"section\" data-e-type=\"section\">\n\t\t\t\t\t\t<div class=\"elementor-container elementor-column-gap-no\">\n\t\t\t\t\t<div class=\"elementor-column elementor-col-100 elementor-top-column elementor-element elementor-element-22802628\" data-id=\"22802628\" data-element_type=\"column\" data-e-type=\"column\">\n\t\t\t<div class=\"elementor-widget-wrap elementor-element-populated\">\n\t\t\t\t\t\t<section class=\"elementor-section elementor-inner-section elementor-element elementor-element-1139f152 elementor-section-content-middle elementor-section-boxed elementor-section-height-default elementor-section-height-default\" data-id=\"1139f152\" data-element_type=\"section\" data-e-type=\"section\">\n\t\t\t\t\t\t<div class=\"elementor-container elementor-column-gap-no\">\n\t\t\t\t\t<div class=\"elementor-column elementor-col-33 elementor-inner-column elementor-element elementor-element-9694eb8\" data-id=\"9694eb8\" data-element_type=\"column\" data-e-type=\"column\" data-settings=\"{&quot;background_background&quot;:&quot;classic&quot;}\">\n\t\t\t<div class=\"elementor-widget-wrap elementor-element-populated\">\n\t\t\t\t\t\t<div class=\"elementor-element elementor-element-5ba49f2 elementor-position-top elementor-widget elementor-widget-image-box\" data-id=\"5ba49f2\" data-element_type=\"widget\" data-e-type=\"widget\" data-widget_type=\"image-box.default\">\n\t\t\t\t<div class=\"elementor-widget-container\">\n\t\t\t\t\t<div class=\"elementor-image-box-wrapper\"><figure class=\"elementor-image-box-img\"><a href=\"https:\/\/magikland.pt\/es\/corsaria\/\" tabindex=\"-1\"><img decoding=\"async\" width=\"1153\" height=\"1153\" src=\"https:\/\/magikland.pt\/wp-content\/uploads\/2021\/05\/CORSARIA1.png\" class=\"elementor-animation-grow attachment-full size-full wp-image-756\" alt=\"\" srcset=\"https:\/\/magikland.pt\/wp-content\/uploads\/2021\/05\/CORSARIA1.png 1153w, https:\/\/magikland.pt\/wp-content\/uploads\/2021\/05\/CORSARIA1-300x300.png 300w, https:\/\/magikland.pt\/wp-content\/uploads\/2021\/05\/CORSARIA1-1024x1024.png 1024w, https:\/\/magikland.pt\/wp-content\/uploads\/2021\/05\/CORSARIA1-150x150.png 150w, https:\/\/magikland.pt\/wp-content\/uploads\/2021\/05\/CORSARIA1-768x768.png 768w\" sizes=\"(max-width: 1153px) 100vw, 1153px\" \/><\/a><\/figure><div class=\"elementor-image-box-content\"><h3 class=\"elementor-image-box-title\"><a href=\"https:\/\/magikland.pt\/es\/corsaria\/\">CORSARIA<\/a><\/h3><\/div><\/div>\t\t\t\t<\/div>\n\t\t\t\t<\/div>\n\t\t\t\t\t<\/div>\n\t\t<\/div>\n\t\t\t\t<div class=\"elementor-column elementor-col-33 elementor-inner-column elementor-element elementor-element-dcca722\" data-id=\"dcca722\" data-element_type=\"column\" data-e-type=\"column\" data-settings=\"{&quot;background_background&quot;:&quot;classic&quot;}\">\n\t\t\t<div class=\"elementor-widget-wrap elementor-element-populated\">\n\t\t\t\t\t\t<div class=\"elementor-element elementor-element-d726164 elementor-position-top elementor-widget elementor-widget-image-box\" data-id=\"d726164\" data-element_type=\"widget\" data-e-type=\"widget\" data-widget_type=\"image-box.default\">\n\t\t\t\t<div class=\"elementor-widget-container\">\n\t\t\t\t\t<div class=\"elementor-image-box-wrapper\"><figure class=\"elementor-image-box-img\"><a href=\"https:\/\/magikland.pt\/es\/bar-pirata\/\" tabindex=\"-1\"><img decoding=\"async\" width=\"1153\" height=\"1154\" src=\"https:\/\/magikland.pt\/wp-content\/uploads\/2021\/05\/BAR-PIRATA-1.png\" class=\"elementor-animation-grow attachment-full size-full wp-image-662\" alt=\"\" srcset=\"https:\/\/magikland.pt\/wp-content\/uploads\/2021\/05\/BAR-PIRATA-1.png 1153w, https:\/\/magikland.pt\/wp-content\/uploads\/2021\/05\/BAR-PIRATA-1-300x300.png 300w, https:\/\/magikland.pt\/wp-content\/uploads\/2021\/05\/BAR-PIRATA-1-1024x1024.png 1024w, https:\/\/magikland.pt\/wp-content\/uploads\/2021\/05\/BAR-PIRATA-1-150x150.png 150w, https:\/\/magikland.pt\/wp-content\/uploads\/2021\/05\/BAR-PIRATA-1-768x769.png 768w\" sizes=\"(max-width: 1153px) 100vw, 1153px\" \/><\/a><\/figure><div class=\"elementor-image-box-content\"><h3 class=\"elementor-image-box-title\"><a href=\"https:\/\/magikland.pt\/es\/bar-pirata\/\">BAR PIRATA<\/a><\/h3><\/div><\/div>\t\t\t\t<\/div>\n\t\t\t\t<\/div>\n\t\t\t\t\t<\/div>\n\t\t<\/div>\n\t\t\t\t<div class=\"elementor-column elementor-col-33 elementor-inner-column elementor-element elementor-element-9185686\" data-id=\"9185686\" data-element_type=\"column\" data-e-type=\"column\" data-settings=\"{&quot;background_background&quot;:&quot;classic&quot;}\">\n\t\t\t<div class=\"elementor-widget-wrap elementor-element-populated\">\n\t\t\t\t\t\t<div class=\"elementor-element elementor-element-0eaa4dc elementor-position-top elementor-widget elementor-widget-image-box\" data-id=\"0eaa4dc\" data-element_type=\"widget\" data-e-type=\"widget\" data-widget_type=\"image-box.default\">\n\t\t\t\t<div class=\"elementor-widget-container\">\n\t\t\t\t\t<div class=\"elementor-image-box-wrapper\"><figure class=\"elementor-image-box-img\"><a href=\"https:\/\/magikland.pt\/es\/lagoa-pirata\/\" tabindex=\"-1\"><img loading=\"lazy\" decoding=\"async\" width=\"1154\" height=\"1154\" src=\"https:\/\/magikland.pt\/wp-content\/uploads\/2021\/05\/PISCINA1.png\" class=\"elementor-animation-grow attachment-full size-full wp-image-754\" alt=\"\" srcset=\"https:\/\/magikland.pt\/wp-content\/uploads\/2021\/05\/PISCINA1.png 1154w, https:\/\/magikland.pt\/wp-content\/uploads\/2021\/05\/PISCINA1-300x300.png 300w, https:\/\/magikland.pt\/wp-content\/uploads\/2021\/05\/PISCINA1-1024x1024.png 1024w, https:\/\/magikland.pt\/wp-content\/uploads\/2021\/05\/PISCINA1-150x150.png 150w, https:\/\/magikland.pt\/wp-content\/uploads\/2021\/05\/PISCINA1-768x768.png 768w\" sizes=\"(max-width: 1154px) 100vw, 1154px\" \/><\/a><\/figure><div class=\"elementor-image-box-content\"><h3 class=\"elementor-image-box-title\"><a href=\"https:\/\/magikland.pt\/es\/lagoa-pirata\/\">LAGUNA PIRATA<\/a><\/h3><\/div><\/div>\t\t\t\t<\/div>\n\t\t\t\t<\/div>\n\t\t\t\t\t<\/div>\n\t\t<\/div>\n\t\t\t\t\t<\/div>\n\t\t<\/section>\n\t\t\t\t<section class=\"elementor-section elementor-inner-section elementor-element elementor-element-26c8fe8 elementor-section-content-middle elementor-section-boxed elementor-section-height-default elementor-section-height-default\" data-id=\"26c8fe8\" data-element_type=\"section\" data-e-type=\"section\">\n\t\t\t\t\t\t<div class=\"elementor-container elementor-column-gap-no\">\n\t\t\t\t\t<div class=\"elementor-column elementor-col-33 elementor-inner-column elementor-element elementor-element-26317ed\" data-id=\"26317ed\" data-element_type=\"column\" data-e-type=\"column\" data-settings=\"{&quot;background_background&quot;:&quot;classic&quot;}\">\n\t\t\t<div class=\"elementor-widget-wrap elementor-element-populated\">\n\t\t\t\t\t\t<div class=\"elementor-element elementor-element-fe9fe7f elementor-position-top elementor-widget elementor-widget-image-box\" data-id=\"fe9fe7f\" data-element_type=\"widget\" data-e-type=\"widget\" data-widget_type=\"image-box.default\">\n\t\t\t\t<div class=\"elementor-widget-container\">\n\t\t\t\t\t<div class=\"elementor-image-box-wrapper\"><figure class=\"elementor-image-box-img\"><a href=\"https:\/\/magikland.pt\/es\/lago-do-galeao\/\" tabindex=\"-1\"><img loading=\"lazy\" decoding=\"async\" width=\"1154\" height=\"1153\" src=\"https:\/\/magikland.pt\/wp-content\/uploads\/2021\/05\/GALEAO1.png\" class=\"elementor-animation-grow attachment-full size-full wp-image-755\" alt=\"\" srcset=\"https:\/\/magikland.pt\/wp-content\/uploads\/2021\/05\/GALEAO1.png 1154w, https:\/\/magikland.pt\/wp-content\/uploads\/2021\/05\/GALEAO1-300x300.png 300w, https:\/\/magikland.pt\/wp-content\/uploads\/2021\/05\/GALEAO1-1024x1024.png 1024w, https:\/\/magikland.pt\/wp-content\/uploads\/2021\/05\/GALEAO1-150x150.png 150w, https:\/\/magikland.pt\/wp-content\/uploads\/2021\/05\/GALEAO1-768x767.png 768w\" sizes=\"(max-width: 1154px) 100vw, 1154px\" \/><\/a><\/figure><div class=\"elementor-image-box-content\"><h3 class=\"elementor-image-box-title\"><a href=\"https:\/\/magikland.pt\/es\/lago-do-galeao\/\">LAGO DEL GALE\u00d3N<\/a><\/h3><\/div><\/div>\t\t\t\t<\/div>\n\t\t\t\t<\/div>\n\t\t\t\t\t<\/div>\n\t\t<\/div>\n\t\t\t\t<div class=\"elementor-column elementor-col-33 elementor-inner-column elementor-element elementor-element-fdc8e24\" data-id=\"fdc8e24\" data-element_type=\"column\" data-e-type=\"column\" data-settings=\"{&quot;background_background&quot;:&quot;classic&quot;}\">\n\t\t\t<div class=\"elementor-widget-wrap elementor-element-populated\">\n\t\t\t\t\t\t<div class=\"elementor-element elementor-element-029fe00 elementor-position-top elementor-widget elementor-widget-image-box\" data-id=\"029fe00\" data-element_type=\"widget\" data-e-type=\"widget\" data-widget_type=\"image-box.default\">\n\t\t\t\t<div class=\"elementor-widget-container\">\n\t\t\t\t\t<div class=\"elementor-image-box-wrapper\"><figure class=\"elementor-image-box-img\"><a href=\"https:\/\/magikland.pt\/es\/magikpool\/\" tabindex=\"-1\"><img loading=\"lazy\" decoding=\"async\" width=\"1154\" height=\"1154\" src=\"https:\/\/magikland.pt\/wp-content\/uploads\/2021\/05\/MAGIKPOOL1.png\" class=\"elementor-animation-grow attachment-full size-full wp-image-757\" alt=\"\" srcset=\"https:\/\/magikland.pt\/wp-content\/uploads\/2021\/05\/MAGIKPOOL1.png 1154w, https:\/\/magikland.pt\/wp-content\/uploads\/2021\/05\/MAGIKPOOL1-300x300.png 300w, https:\/\/magikland.pt\/wp-content\/uploads\/2021\/05\/MAGIKPOOL1-1024x1024.png 1024w, https:\/\/magikland.pt\/wp-content\/uploads\/2021\/05\/MAGIKPOOL1-150x150.png 150w, https:\/\/magikland.pt\/wp-content\/uploads\/2021\/05\/MAGIKPOOL1-768x768.png 768w\" sizes=\"(max-width: 1154px) 100vw, 1154px\" \/><\/a><\/figure><div class=\"elementor-image-box-content\"><h3 class=\"elementor-image-box-title\"><a href=\"https:\/\/magikland.pt\/es\/magikpool\/\">MAGIKPOOL<\/a><\/h3><\/div><\/div>\t\t\t\t<\/div>\n\t\t\t\t<\/div>\n\t\t\t\t\t<\/div>\n\t\t<\/div>\n\t\t\t\t<div class=\"elementor-column elementor-col-33 elementor-inner-column elementor-element elementor-element-668aa42\" data-id=\"668aa42\" data-element_type=\"column\" data-e-type=\"column\">\n\t\t\t<div class=\"elementor-widget-wrap\">\n\t\t\t\t\t\t\t<\/div>\n\t\t<\/div>\n\t\t\t\t\t<\/div>\n\t\t<\/section>\n\t\t\t\t\t<\/div>\n\t\t<\/div>\n\t\t\t\t\t<\/div>\n\t\t<\/section>\n\t\t\t\t<section class=\"elementor-section elementor-top-section elementor-element elementor-element-87970ec elementor-section-boxed elementor-section-height-default elementor-section-height-default\" data-id=\"87970ec\" data-element_type=\"section\" data-e-type=\"section\" data-settings=\"{&quot;background_background&quot;:&quot;classic&quot;}\">\n\t\t\t\t\t\t<div class=\"elementor-container elementor-column-gap-default\">\n\t\t\t\t\t<div class=\"elementor-column elementor-col-100 elementor-top-column elementor-element elementor-element-f4cb745\" data-id=\"f4cb745\" data-element_type=\"column\" data-e-type=\"column\">\n\t\t\t<div class=\"elementor-widget-wrap\">\n\t\t\t\t\t\t\t<\/div>\n\t\t<\/div>\n\t\t\t\t\t<\/div>\n\t\t<\/section>\n\t\t\t\t<\/div>","protected":false},"excerpt":{"rendered":"<p>REF\u00daGIO DOS PIRATAS Descortina-se um lugar repleto de verde e azul, onde est\u00e1 ancorado um Gale\u00e3o Pirata prometendo mist\u00e9rio e aventura aos mais intr\u00e9pidos.Por entre caveiras e pequenos capit\u00e3es encontrar\u00e3o adrenalina da nossa Cors\u00e1ria. CORS\u00c1RIA BAR PIRATA LAGOA PIRATA LAGO DO GALE\u00c3O MAGIKPOOL<\/p>","protected":false},"author":1,"featured_media":0,"parent":0,"menu_order":0,"comment_status":"closed","ping_status":"closed","template":"","meta":{"site-sidebar-layout":"no-sidebar","site-content-layout":"page-builder","ast-site-content-layout":"default","site-content-style":"default","site-sidebar-style":"default","ast-global-header-display":"","ast-banner-title-visibility":"","ast-main-header-display":"","ast-hfb-above-header-display":"","ast-hfb-below-header-display":"","ast-hfb-mobile-header-display":"","site-post-title":"disabled","ast-breadcrumbs-content":"","ast-featured-img":"disabled","footer-sml-layout":"","ast-disable-related-posts":"","theme-transparent-header-meta":"default","adv-header-id-meta":"","stick-header-meta":"","header-above-stick-meta":"","header-main-stick-meta":"","header-below-stick-meta":"","astra-migrate-meta-layouts":"default","ast-page-background-enabled":"default","ast-page-background-meta":{"desktop":{"background-color":"","background-image":"","background-repeat":"repeat","background-position":"center center","background-size":"auto","background-attachment":"scroll","background-type":"","background-media":"","overlay-type":"","overlay-color":"","overlay-opacity":"","overlay-gradient":""},"tablet":{"background-color":"","background-image":"","background-repeat":"repeat","background-position":"center center","background-size":"auto","background-attachment":"scroll","background-type":"","background-media":"","overlay-type":"","overlay-color":"","overlay-opacity":"","overlay-gradient":""},"mobile":{"background-color":"","background-image":"","background-repeat":"repeat","background-position":"center center","background-size":"auto","background-attachment":"scroll","background-type":"","background-media":"","overlay-type":"","overlay-color":"","overlay-opacity":"","overlay-gradient":""}},"ast-content-background-meta":{"desktop":{"background-color":"var(--ast-global-color-5)","background-image":"","background-repeat":"repeat","background-position":"center center","background-size":"auto","background-attachment":"scroll","background-type":"","background-media":"","overlay-type":"","overlay-color":"","overlay-opacity":"","overlay-gradient":""},"tablet":{"background-color":"var(--ast-global-color-5)","background-image":"","background-repeat":"repeat","background-position":"center center","background-size":"auto","background-attachment":"scroll","background-type":"","background-media":"","overlay-type":"","overlay-color":"","overlay-opacity":"","overlay-gradient":""},"mobile":{"background-color":"var(--ast-global-color-5)","background-image":"","background-repeat":"repeat","background-position":"center center","background-size":"auto","background-attachment":"scroll","background-type":"","background-media":"","overlay-type":"","overlay-color":"","overlay-opacity":"","overlay-gradient":""}},"footnotes":""},"class_list":["post-603","page","type-page","status-publish","hentry"],"_links":{"self":[{"href":"https:\/\/magikland.pt\/es\/wp-json\/wp\/v2\/pages\/603","targetHints":{"allow":["GET"]}}],"collection":[{"href":"https:\/\/magikland.pt\/es\/wp-json\/wp\/v2\/pages"}],"about":[{"href":"https:\/\/magikland.pt\/es\/wp-json\/wp\/v2\/types\/page"}],"author":[{"embeddable":true,"href":"https:\/\/magikland.pt\/es\/wp-json\/wp\/v2\/users\/1"}],"replies":[{"embeddable":true,"href":"https:\/\/magikland.pt\/es\/wp-json\/wp\/v2\/comments?post=603"}],"version-history":[{"count":0,"href":"https:\/\/magikland.pt\/es\/wp-json\/wp\/v2\/pages\/603\/revisions"}],"wp:attachment":[{"href":"https:\/\/magikland.pt\/es\/wp-json\/wp\/v2\/media?parent=603"}],"curies":[{"name":"wp","href":"https:\/\/api.w.org\/{rel}","templated":true}]}}