{"id":598,"date":"2021-05-20T14:43:52","date_gmt":"2021-05-20T14:43:52","guid":{"rendered":"https:\/\/magikland.pt\/?page_id=598"},"modified":"2022-11-24T17:52:49","modified_gmt":"2022-11-24T17:52:49","slug":"africa-2","status":"publish","type":"page","link":"https:\/\/magikland.pt\/es\/africa-2\/","title":{"rendered":"Aldeia Medieval"},"content":{"rendered":"<div data-elementor-type=\"wp-page\" data-elementor-id=\"598\" class=\"elementor elementor-598\">\n\t\t\t\t\t\t<section class=\"elementor-section elementor-top-section elementor-element elementor-element-adf407a elementor-section-boxed elementor-section-height-default elementor-section-height-default\" data-id=\"adf407a\" data-element_type=\"section\" data-e-type=\"section\">\n\t\t\t\t\t\t<div class=\"elementor-container elementor-column-gap-default\">\n\t\t\t\t\t<div class=\"elementor-column elementor-col-100 elementor-top-column elementor-element elementor-element-f805985\" data-id=\"f805985\" data-element_type=\"column\" data-e-type=\"column\">\n\t\t\t<div class=\"elementor-widget-wrap elementor-element-populated\">\n\t\t\t\t\t\t<div class=\"elementor-element elementor-element-eb70997 elementor-widget elementor-widget-spacer\" data-id=\"eb70997\" data-element_type=\"widget\" data-e-type=\"widget\" data-widget_type=\"spacer.default\">\n\t\t\t\t<div class=\"elementor-widget-container\">\n\t\t\t\t\t\t\t<div class=\"elementor-spacer\">\n\t\t\t<div class=\"elementor-spacer-inner\"><\/div>\n\t\t<\/div>\n\t\t\t\t\t\t<\/div>\n\t\t\t\t<\/div>\n\t\t\t\t\t<\/div>\n\t\t<\/div>\n\t\t\t\t\t<\/div>\n\t\t<\/section>\n\t\t\t\t<section class=\"elementor-section elementor-top-section elementor-element elementor-element-1a656676 elementor-section-content-middle elementor-reverse-mobile elementor-section-boxed elementor-section-height-default elementor-section-height-default\" data-id=\"1a656676\" data-element_type=\"section\" data-e-type=\"section\">\n\t\t\t\t\t\t<div class=\"elementor-container elementor-column-gap-no\">\n\t\t\t\t\t<div class=\"elementor-column elementor-col-33 elementor-top-column elementor-element elementor-element-5ce657c1\" data-id=\"5ce657c1\" data-element_type=\"column\" data-e-type=\"column\">\n\t\t\t<div class=\"elementor-widget-wrap elementor-element-populated\">\n\t\t\t\t\t\t<div class=\"elementor-element elementor-element-41434132 elementor-widget elementor-widget-heading\" data-id=\"41434132\" data-element_type=\"widget\" data-e-type=\"widget\" data-widget_type=\"heading.default\">\n\t\t\t\t<div class=\"elementor-widget-container\">\n\t\t\t\t\t<h4 class=\"elementor-heading-title elementor-size-default\">ALDEA MEDIEVAL<\/h4>\t\t\t\t<\/div>\n\t\t\t\t<\/div>\n\t\t\t\t<div class=\"elementor-element elementor-element-5948fb86 elementor-widget elementor-widget-text-editor\" data-id=\"5948fb86\" data-element_type=\"widget\" data-e-type=\"widget\" data-widget_type=\"text-editor.default\">\n\t\t\t\t<div class=\"elementor-widget-container\">\n\t\t\t\t\t\t\t\t\t<p>Aparece entre las brumas, reveladora de un mundo de caballeros y doncellas, donde sobresale un Castelo Medieval\n\npara atemorizar, y una Torre de Princesa para encantar.<br \/>En la Estaci\u00f3n de Carvalhais, podr\u00e1 coger el tren que le llevar\u00e1 en un viaje por el mundo perdido lleno de dinosauros gigantes y peque\u00f1as cascadas, siguiendo por el Lejano Oeste y terminando en la Aldea de los Enanos.<br \/>En el punto m\u00e1s alto, la Rueda Panor\u00e1mica, donde podr\u00e1 contemplar el magn\u00edfico paisaje de Magikland y de nuestra ciudad, Penafiel\u2026<\/p>\t\t\t\t\t\t\t\t<\/div>\n\t\t\t\t<\/div>\n\t\t\t\t\t<\/div>\n\t\t<\/div>\n\t\t\t\t<div class=\"elementor-column elementor-col-66 elementor-top-column elementor-element elementor-element-3cb64a62\" data-id=\"3cb64a62\" data-element_type=\"column\" data-e-type=\"column\">\n\t\t\t<div class=\"elementor-widget-wrap elementor-element-populated\">\n\t\t\t\t\t\t<div class=\"elementor-element elementor-element-63459dcc elementor-widget elementor-widget-image\" data-id=\"63459dcc\" data-element_type=\"widget\" data-e-type=\"widget\" data-widget_type=\"image.default\">\n\t\t\t\t<div class=\"elementor-widget-container\">\n\t\t\t\t\t\t\t\t\t\t\t\t\t\t\t<img fetchpriority=\"high\" decoding=\"async\" width=\"1024\" height=\"891\" src=\"https:\/\/magikland.pt\/wp-content\/uploads\/2022\/11\/2022_04_Magikland_Mapa_Areas-Soltas-Aldeia-Medieval-1-1024x891.png\" class=\"attachment-large size-large wp-image-2897\" alt=\"\" srcset=\"https:\/\/magikland.pt\/wp-content\/uploads\/2022\/11\/2022_04_Magikland_Mapa_Areas-Soltas-Aldeia-Medieval-1-1024x891.png 1024w, https:\/\/magikland.pt\/wp-content\/uploads\/2022\/11\/2022_04_Magikland_Mapa_Areas-Soltas-Aldeia-Medieval-1-300x261.png 300w, https:\/\/magikland.pt\/wp-content\/uploads\/2022\/11\/2022_04_Magikland_Mapa_Areas-Soltas-Aldeia-Medieval-1-768x668.png 768w, https:\/\/magikland.pt\/wp-content\/uploads\/2022\/11\/2022_04_Magikland_Mapa_Areas-Soltas-Aldeia-Medieval-1-1536x1336.png 1536w, https:\/\/magikland.pt\/wp-content\/uploads\/2022\/11\/2022_04_Magikland_Mapa_Areas-Soltas-Aldeia-Medieval-1-14x12.png 14w, https:\/\/magikland.pt\/wp-content\/uploads\/2022\/11\/2022_04_Magikland_Mapa_Areas-Soltas-Aldeia-Medieval-1.png 1552w\" sizes=\"(max-width: 1024px) 100vw, 1024px\" \/>\t\t\t\t\t\t\t\t\t\t\t\t\t\t\t<\/div>\n\t\t\t\t<\/div>\n\t\t\t\t\t<\/div>\n\t\t<\/div>\n\t\t\t\t\t<\/div>\n\t\t<\/section>\n\t\t\t\t<section class=\"elementor-section elementor-top-section elementor-element elementor-element-43d9269a elementor-section-content-middle elementor-section-boxed elementor-section-height-default elementor-section-height-default\" data-id=\"43d9269a\" data-element_type=\"section\" data-e-type=\"section\">\n\t\t\t\t\t\t<div class=\"elementor-container elementor-column-gap-no\">\n\t\t\t\t\t<div class=\"elementor-column elementor-col-100 elementor-top-column elementor-element elementor-element-22802628\" data-id=\"22802628\" data-element_type=\"column\" data-e-type=\"column\">\n\t\t\t<div class=\"elementor-widget-wrap elementor-element-populated\">\n\t\t\t\t\t\t<section class=\"elementor-section elementor-inner-section elementor-element elementor-element-1139f152 elementor-section-content-middle elementor-section-boxed elementor-section-height-default elementor-section-height-default\" data-id=\"1139f152\" data-element_type=\"section\" data-e-type=\"section\">\n\t\t\t\t\t\t<div class=\"elementor-container elementor-column-gap-no\">\n\t\t\t\t\t<div class=\"elementor-column elementor-col-33 elementor-inner-column elementor-element elementor-element-32bacea3\" data-id=\"32bacea3\" data-element_type=\"column\" data-e-type=\"column\" data-settings=\"{&quot;background_background&quot;:&quot;classic&quot;}\">\n\t\t\t<div class=\"elementor-widget-wrap elementor-element-populated\">\n\t\t\t\t\t\t<div class=\"elementor-element elementor-element-774d36f6 elementor-position-top elementor-widget elementor-widget-image-box\" data-id=\"774d36f6\" data-element_type=\"widget\" data-e-type=\"widget\" data-widget_type=\"image-box.default\">\n\t\t\t\t<div class=\"elementor-widget-container\">\n\t\t\t\t\t<div class=\"elementor-image-box-wrapper\"><figure class=\"elementor-image-box-img\"><a href=\"https:\/\/magikland.pt\/es\/estacao-dos-carvalhais\/\" tabindex=\"-1\"><img decoding=\"async\" width=\"1154\" height=\"1154\" src=\"https:\/\/magikland.pt\/wp-content\/uploads\/2021\/05\/ESTACAO1.png\" class=\"elementor-animation-grow attachment-full size-full wp-image-727\" alt=\"\" srcset=\"https:\/\/magikland.pt\/wp-content\/uploads\/2021\/05\/ESTACAO1.png 1154w, https:\/\/magikland.pt\/wp-content\/uploads\/2021\/05\/ESTACAO1-300x300.png 300w, https:\/\/magikland.pt\/wp-content\/uploads\/2021\/05\/ESTACAO1-1024x1024.png 1024w, https:\/\/magikland.pt\/wp-content\/uploads\/2021\/05\/ESTACAO1-150x150.png 150w, https:\/\/magikland.pt\/wp-content\/uploads\/2021\/05\/ESTACAO1-768x768.png 768w\" sizes=\"(max-width: 1154px) 100vw, 1154px\" \/><\/a><\/figure><div class=\"elementor-image-box-content\"><h3 class=\"elementor-image-box-title\"><a href=\"https:\/\/magikland.pt\/es\/estacao-dos-carvalhais\/\">ESTACION DE CARVALHAIS<\/a><\/h3><\/div><\/div>\t\t\t\t<\/div>\n\t\t\t\t<\/div>\n\t\t\t\t\t<\/div>\n\t\t<\/div>\n\t\t\t\t<div class=\"elementor-column elementor-col-33 elementor-inner-column elementor-element elementor-element-d82d16e\" data-id=\"d82d16e\" data-element_type=\"column\" data-e-type=\"column\" data-settings=\"{&quot;background_background&quot;:&quot;classic&quot;}\">\n\t\t\t<div class=\"elementor-widget-wrap elementor-element-populated\">\n\t\t\t\t\t\t<div class=\"elementor-element elementor-element-d534421 elementor-position-top elementor-widget elementor-widget-image-box\" data-id=\"d534421\" data-element_type=\"widget\" data-e-type=\"widget\" data-widget_type=\"image-box.default\">\n\t\t\t\t<div class=\"elementor-widget-container\">\n\t\t\t\t\t<div class=\"elementor-image-box-wrapper\"><figure class=\"elementor-image-box-img\"><a href=\"https:\/\/magikland.pt\/es\/roda-panoramica\/\" tabindex=\"-1\"><img decoding=\"async\" width=\"1153\" height=\"1154\" src=\"https:\/\/magikland.pt\/wp-content\/uploads\/2021\/05\/RODA1.png\" class=\"elementor-animation-grow attachment-full size-full wp-image-728\" alt=\"\" srcset=\"https:\/\/magikland.pt\/wp-content\/uploads\/2021\/05\/RODA1.png 1153w, https:\/\/magikland.pt\/wp-content\/uploads\/2021\/05\/RODA1-300x300.png 300w, https:\/\/magikland.pt\/wp-content\/uploads\/2021\/05\/RODA1-1024x1024.png 1024w, https:\/\/magikland.pt\/wp-content\/uploads\/2021\/05\/RODA1-150x150.png 150w, https:\/\/magikland.pt\/wp-content\/uploads\/2021\/05\/RODA1-768x769.png 768w\" sizes=\"(max-width: 1153px) 100vw, 1153px\" \/><\/a><\/figure><div class=\"elementor-image-box-content\"><h3 class=\"elementor-image-box-title\"><a href=\"https:\/\/magikland.pt\/es\/roda-panoramica\/\">RUEDA PANOR\u00c2MICA<\/a><\/h3><\/div><\/div>\t\t\t\t<\/div>\n\t\t\t\t<\/div>\n\t\t\t\t\t<\/div>\n\t\t<\/div>\n\t\t\t\t<div class=\"elementor-column elementor-col-33 elementor-inner-column elementor-element elementor-element-9694eb8\" data-id=\"9694eb8\" data-element_type=\"column\" data-e-type=\"column\" data-settings=\"{&quot;background_background&quot;:&quot;classic&quot;}\">\n\t\t\t<div class=\"elementor-widget-wrap elementor-element-populated\">\n\t\t\t\t\t\t<div class=\"elementor-element elementor-element-5ba49f2 elementor-position-top elementor-widget elementor-widget-image-box\" data-id=\"5ba49f2\" data-element_type=\"widget\" data-e-type=\"widget\" data-widget_type=\"image-box.default\">\n\t\t\t\t<div class=\"elementor-widget-container\">\n\t\t\t\t\t<div class=\"elementor-image-box-wrapper\"><figure class=\"elementor-image-box-img\"><a href=\"https:\/\/magikland.pt\/es\/castelo-fantasma\/\" tabindex=\"-1\"><img loading=\"lazy\" decoding=\"async\" width=\"1153\" height=\"1154\" src=\"https:\/\/magikland.pt\/wp-content\/uploads\/2021\/05\/CASTELO1.png\" class=\"elementor-animation-grow attachment-full size-full wp-image-729\" alt=\"\" srcset=\"https:\/\/magikland.pt\/wp-content\/uploads\/2021\/05\/CASTELO1.png 1153w, https:\/\/magikland.pt\/wp-content\/uploads\/2021\/05\/CASTELO1-300x300.png 300w, https:\/\/magikland.pt\/wp-content\/uploads\/2021\/05\/CASTELO1-1024x1024.png 1024w, https:\/\/magikland.pt\/wp-content\/uploads\/2021\/05\/CASTELO1-150x150.png 150w, https:\/\/magikland.pt\/wp-content\/uploads\/2021\/05\/CASTELO1-768x769.png 768w\" sizes=\"(max-width: 1153px) 100vw, 1153px\" \/><\/a><\/figure><div class=\"elementor-image-box-content\"><h3 class=\"elementor-image-box-title\"><a href=\"https:\/\/magikland.pt\/es\/castelo-fantasma\/\">CASTILLO FANTASMA<\/a><\/h3><\/div><\/div>\t\t\t\t<\/div>\n\t\t\t\t<\/div>\n\t\t\t\t\t<\/div>\n\t\t<\/div>\n\t\t\t\t\t<\/div>\n\t\t<\/section>\n\t\t\t\t<section class=\"elementor-section elementor-inner-section elementor-element elementor-element-643519c elementor-section-content-middle elementor-section-boxed elementor-section-height-default elementor-section-height-default\" data-id=\"643519c\" data-element_type=\"section\" data-e-type=\"section\">\n\t\t\t\t\t\t<div class=\"elementor-container elementor-column-gap-no\">\n\t\t\t\t\t<div class=\"elementor-column elementor-col-33 elementor-inner-column elementor-element elementor-element-eb0eb90\" data-id=\"eb0eb90\" data-element_type=\"column\" data-e-type=\"column\" data-settings=\"{&quot;background_background&quot;:&quot;classic&quot;}\">\n\t\t\t<div class=\"elementor-widget-wrap elementor-element-populated\">\n\t\t\t\t\t\t<div class=\"elementor-element elementor-element-45f1839 elementor-position-top elementor-widget elementor-widget-image-box\" data-id=\"45f1839\" data-element_type=\"widget\" data-e-type=\"widget\" data-widget_type=\"image-box.default\">\n\t\t\t\t<div class=\"elementor-widget-container\">\n\t\t\t\t\t<div class=\"elementor-image-box-wrapper\"><figure class=\"elementor-image-box-img\"><a href=\"https:\/\/magikland.pt\/es\/torre-da-princesa\/\" tabindex=\"-1\"><img loading=\"lazy\" decoding=\"async\" width=\"1153\" height=\"1154\" src=\"https:\/\/magikland.pt\/wp-content\/uploads\/2021\/05\/TORRE1.png\" class=\"elementor-animation-grow attachment-full size-full wp-image-730\" alt=\"\" srcset=\"https:\/\/magikland.pt\/wp-content\/uploads\/2021\/05\/TORRE1.png 1153w, https:\/\/magikland.pt\/wp-content\/uploads\/2021\/05\/TORRE1-300x300.png 300w, https:\/\/magikland.pt\/wp-content\/uploads\/2021\/05\/TORRE1-1024x1024.png 1024w, https:\/\/magikland.pt\/wp-content\/uploads\/2021\/05\/TORRE1-150x150.png 150w, https:\/\/magikland.pt\/wp-content\/uploads\/2021\/05\/TORRE1-768x769.png 768w\" sizes=\"(max-width: 1153px) 100vw, 1153px\" \/><\/a><\/figure><div class=\"elementor-image-box-content\"><h3 class=\"elementor-image-box-title\"><a href=\"https:\/\/magikland.pt\/es\/torre-da-princesa\/\">TORRE DE LA PRINCESA<\/a><\/h3><\/div><\/div>\t\t\t\t<\/div>\n\t\t\t\t<\/div>\n\t\t\t\t\t<\/div>\n\t\t<\/div>\n\t\t\t\t<div class=\"elementor-column elementor-col-33 elementor-inner-column elementor-element elementor-element-1504313\" data-id=\"1504313\" data-element_type=\"column\" data-e-type=\"column\" data-settings=\"{&quot;background_background&quot;:&quot;classic&quot;}\">\n\t\t\t<div class=\"elementor-widget-wrap elementor-element-populated\">\n\t\t\t\t\t\t<div class=\"elementor-element elementor-element-0c4acf2 elementor-position-top elementor-widget elementor-widget-image-box\" data-id=\"0c4acf2\" data-element_type=\"widget\" data-e-type=\"widget\" data-widget_type=\"image-box.default\">\n\t\t\t\t<div class=\"elementor-widget-container\">\n\t\t\t\t\t<div class=\"elementor-image-box-wrapper\"><figure class=\"elementor-image-box-img\"><a href=\"https:\/\/magikland.pt\/es\/cantinho-das-guloseimas\/\" tabindex=\"-1\"><img loading=\"lazy\" decoding=\"async\" width=\"1154\" height=\"1154\" src=\"https:\/\/magikland.pt\/wp-content\/uploads\/2021\/05\/CANTINHO-1.png\" class=\"elementor-animation-grow attachment-full size-full wp-image-629\" alt=\"\" srcset=\"https:\/\/magikland.pt\/wp-content\/uploads\/2021\/05\/CANTINHO-1.png 1154w, https:\/\/magikland.pt\/wp-content\/uploads\/2021\/05\/CANTINHO-1-300x300.png 300w, https:\/\/magikland.pt\/wp-content\/uploads\/2021\/05\/CANTINHO-1-1024x1024.png 1024w, https:\/\/magikland.pt\/wp-content\/uploads\/2021\/05\/CANTINHO-1-150x150.png 150w, https:\/\/magikland.pt\/wp-content\/uploads\/2021\/05\/CANTINHO-1-768x768.png 768w\" sizes=\"(max-width: 1154px) 100vw, 1154px\" \/><\/a><\/figure><div class=\"elementor-image-box-content\"><h3 class=\"elementor-image-box-title\"><a href=\"https:\/\/magikland.pt\/es\/cantinho-das-guloseimas\/\">RINCON DE LAS GOLOSINAS<\/a><\/h3><\/div><\/div>\t\t\t\t<\/div>\n\t\t\t\t<\/div>\n\t\t\t\t\t<\/div>\n\t\t<\/div>\n\t\t\t\t<div class=\"elementor-column elementor-col-33 elementor-inner-column elementor-element elementor-element-f8a3a8b\" data-id=\"f8a3a8b\" data-element_type=\"column\" data-e-type=\"column\" data-settings=\"{&quot;background_background&quot;:&quot;classic&quot;}\">\n\t\t\t<div class=\"elementor-widget-wrap\">\n\t\t\t\t\t\t\t<\/div>\n\t\t<\/div>\n\t\t\t\t\t<\/div>\n\t\t<\/section>\n\t\t\t\t\t<\/div>\n\t\t<\/div>\n\t\t\t\t\t<\/div>\n\t\t<\/section>\n\t\t\t\t<section class=\"elementor-section elementor-top-section elementor-element elementor-element-87970ec elementor-section-boxed elementor-section-height-default elementor-section-height-default\" data-id=\"87970ec\" data-element_type=\"section\" data-e-type=\"section\" data-settings=\"{&quot;background_background&quot;:&quot;classic&quot;}\">\n\t\t\t\t\t\t<div class=\"elementor-container elementor-column-gap-default\">\n\t\t\t\t\t<div class=\"elementor-column elementor-col-100 elementor-top-column elementor-element elementor-element-f4cb745\" data-id=\"f4cb745\" data-element_type=\"column\" data-e-type=\"column\">\n\t\t\t<div class=\"elementor-widget-wrap\">\n\t\t\t\t\t\t\t<\/div>\n\t\t<\/div>\n\t\t\t\t\t<\/div>\n\t\t<\/section>\n\t\t\t\t<\/div>","protected":false},"excerpt":{"rendered":"<p>ALDEIA MEDIEVAL Aparece por entre brumas revelando um mundo de cavaleiros e donzelas, onde sobressai um Castelo Medieval para assustar e uma Torre da Princesa para encantar.Na Esta\u00e7\u00e3o dos Carvalhais poder\u00e1 apanhar o comboio que o levar\u00e1 numa viagem pelo Mundo Perdido repleto de gigantes dinossauros e pequenas cascatas, seguindo pelo Far-West e terminando pela [&hellip;]<\/p>\n","protected":false},"author":1,"featured_media":0,"parent":0,"menu_order":0,"comment_status":"closed","ping_status":"closed","template":"","meta":{"site-sidebar-layout":"no-sidebar","site-content-layout":"page-builder","ast-site-content-layout":"default","site-content-style":"default","site-sidebar-style":"default","ast-global-header-display":"","ast-banner-title-visibility":"","ast-main-header-display":"","ast-hfb-above-header-display":"","ast-hfb-below-header-display":"","ast-hfb-mobile-header-display":"","site-post-title":"disabled","ast-breadcrumbs-content":"","ast-featured-img":"disabled","footer-sml-layout":"","ast-disable-related-posts":"","theme-transparent-header-meta":"default","adv-header-id-meta":"","stick-header-meta":"","header-above-stick-meta":"","header-main-stick-meta":"","header-below-stick-meta":"","astra-migrate-meta-layouts":"default","ast-page-background-enabled":"default","ast-page-background-meta":{"desktop":{"background-color":"","background-image":"","background-repeat":"repeat","background-position":"center center","background-size":"auto","background-attachment":"scroll","background-type":"","background-media":"","overlay-type":"","overlay-color":"","overlay-opacity":"","overlay-gradient":""},"tablet":{"background-color":"","background-image":"","background-repeat":"repeat","background-position":"center center","background-size":"auto","background-attachment":"scroll","background-type":"","background-media":"","overlay-type":"","overlay-color":"","overlay-opacity":"","overlay-gradient":""},"mobile":{"background-color":"","background-image":"","background-repeat":"repeat","background-position":"center center","background-size":"auto","background-attachment":"scroll","background-type":"","background-media":"","overlay-type":"","overlay-color":"","overlay-opacity":"","overlay-gradient":""}},"ast-content-background-meta":{"desktop":{"background-color":"var(--ast-global-color-5)","background-image":"","background-repeat":"repeat","background-position":"center center","background-size":"auto","background-attachment":"scroll","background-type":"","background-media":"","overlay-type":"","overlay-color":"","overlay-opacity":"","overlay-gradient":""},"tablet":{"background-color":"var(--ast-global-color-5)","background-image":"","background-repeat":"repeat","background-position":"center center","background-size":"auto","background-attachment":"scroll","background-type":"","background-media":"","overlay-type":"","overlay-color":"","overlay-opacity":"","overlay-gradient":""},"mobile":{"background-color":"var(--ast-global-color-5)","background-image":"","background-repeat":"repeat","background-position":"center center","background-size":"auto","background-attachment":"scroll","background-type":"","background-media":"","overlay-type":"","overlay-color":"","overlay-opacity":"","overlay-gradient":""}},"footnotes":""},"class_list":["post-598","page","type-page","status-publish","hentry"],"_links":{"self":[{"href":"https:\/\/magikland.pt\/es\/wp-json\/wp\/v2\/pages\/598","targetHints":{"allow":["GET"]}}],"collection":[{"href":"https:\/\/magikland.pt\/es\/wp-json\/wp\/v2\/pages"}],"about":[{"href":"https:\/\/magikland.pt\/es\/wp-json\/wp\/v2\/types\/page"}],"author":[{"embeddable":true,"href":"https:\/\/magikland.pt\/es\/wp-json\/wp\/v2\/users\/1"}],"replies":[{"embeddable":true,"href":"https:\/\/magikland.pt\/es\/wp-json\/wp\/v2\/comments?post=598"}],"version-history":[{"count":0,"href":"https:\/\/magikland.pt\/es\/wp-json\/wp\/v2\/pages\/598\/revisions"}],"wp:attachment":[{"href":"https:\/\/magikland.pt\/es\/wp-json\/wp\/v2\/media?parent=598"}],"curies":[{"name":"wp","href":"https:\/\/api.w.org\/{rel}","templated":true}]}}