{"id":551,"date":"2020-08-24T15:24:01","date_gmt":"2020-08-24T15:24:01","guid":{"rendered":"https:\/\/magikland.pt\/?page_id=551"},"modified":"2022-11-24T17:49:22","modified_gmt":"2022-11-24T17:49:22","slug":"africa","status":"publish","type":"page","link":"https:\/\/magikland.pt\/es\/africa\/","title":{"rendered":"Mundo da Confus\u00e3o"},"content":{"rendered":"<div data-elementor-type=\"wp-page\" data-elementor-id=\"551\" class=\"elementor elementor-551\">\n\t\t\t\t\t\t<section class=\"elementor-section elementor-top-section elementor-element elementor-element-61228d4 elementor-section-boxed elementor-section-height-default elementor-section-height-default\" data-id=\"61228d4\" data-element_type=\"section\" data-e-type=\"section\">\n\t\t\t\t\t\t<div class=\"elementor-container elementor-column-gap-default\">\n\t\t\t\t\t<div class=\"elementor-column elementor-col-100 elementor-top-column elementor-element elementor-element-574cfa0\" data-id=\"574cfa0\" data-element_type=\"column\" data-e-type=\"column\">\n\t\t\t<div class=\"elementor-widget-wrap elementor-element-populated\">\n\t\t\t\t\t\t<div class=\"elementor-element elementor-element-b6ccf90 elementor-widget elementor-widget-spacer\" data-id=\"b6ccf90\" data-element_type=\"widget\" data-e-type=\"widget\" data-widget_type=\"spacer.default\">\n\t\t\t\t<div class=\"elementor-widget-container\">\n\t\t\t\t\t\t\t<div class=\"elementor-spacer\">\n\t\t\t<div class=\"elementor-spacer-inner\"><\/div>\n\t\t<\/div>\n\t\t\t\t\t\t<\/div>\n\t\t\t\t<\/div>\n\t\t\t\t\t<\/div>\n\t\t<\/div>\n\t\t\t\t\t<\/div>\n\t\t<\/section>\n\t\t\t\t<section class=\"elementor-section elementor-top-section elementor-element elementor-element-1a656676 elementor-section-content-middle elementor-reverse-mobile elementor-section-boxed elementor-section-height-default elementor-section-height-default\" data-id=\"1a656676\" data-element_type=\"section\" data-e-type=\"section\">\n\t\t\t\t\t\t<div class=\"elementor-container elementor-column-gap-no\">\n\t\t\t\t\t<div class=\"elementor-column elementor-col-33 elementor-top-column elementor-element elementor-element-5ce657c1\" data-id=\"5ce657c1\" data-element_type=\"column\" data-e-type=\"column\">\n\t\t\t<div class=\"elementor-widget-wrap elementor-element-populated\">\n\t\t\t\t\t\t<div class=\"elementor-element elementor-element-41434132 elementor-widget elementor-widget-heading\" data-id=\"41434132\" data-element_type=\"widget\" data-e-type=\"widget\" data-widget_type=\"heading.default\">\n\t\t\t\t<div class=\"elementor-widget-container\">\n\t\t\t\t\t<h4 class=\"elementor-heading-title elementor-size-default\">MUNDO DE LA CONFUSI\u00d3N<\/h4>\t\t\t\t<\/div>\n\t\t\t\t<\/div>\n\t\t\t\t<div class=\"elementor-element elementor-element-5948fb86 elementor-widget elementor-widget-text-editor\" data-id=\"5948fb86\" data-element_type=\"widget\" data-e-type=\"widget\" data-widget_type=\"text-editor.default\">\n\t\t\t\t<div class=\"elementor-widget-container\">\n\t\t\t\t\t\t\t\t\t<p>Podr\u00e1 pasear por las calles parisienses\u2026 <br \/>Ir\u00e1 a encontrar la peque\u00f1a Torre Eiffel\u2026\nUn bosque de encantar\u2026<br \/>Elefantes volando\u2026<br \/>Una nave para imaginar el Espacio\u2026<br \/>\u00a1El Mundo de la Confusi\u00f3n es un lugar para so\u00f1ar!<\/p>\t\t\t\t\t\t\t\t<\/div>\n\t\t\t\t<\/div>\n\t\t\t\t\t<\/div>\n\t\t<\/div>\n\t\t\t\t<div class=\"elementor-column elementor-col-66 elementor-top-column elementor-element elementor-element-3cb64a62\" data-id=\"3cb64a62\" data-element_type=\"column\" data-e-type=\"column\">\n\t\t\t<div class=\"elementor-widget-wrap elementor-element-populated\">\n\t\t\t\t\t\t<div class=\"elementor-element elementor-element-63459dcc elementor-widget elementor-widget-image\" data-id=\"63459dcc\" data-element_type=\"widget\" data-e-type=\"widget\" data-widget_type=\"image.default\">\n\t\t\t\t<div class=\"elementor-widget-container\">\n\t\t\t\t\t\t\t\t\t\t\t\t\t\t\t<img fetchpriority=\"high\" decoding=\"async\" width=\"946\" height=\"1024\" src=\"https:\/\/magikland.pt\/wp-content\/uploads\/2022\/11\/2022_04_Magikland_Mapa_Areas-Soltas-Mundo-Confusao-946x1024.png\" class=\"attachment-large size-large wp-image-2830\" alt=\"\" srcset=\"https:\/\/magikland.pt\/wp-content\/uploads\/2022\/11\/2022_04_Magikland_Mapa_Areas-Soltas-Mundo-Confusao-946x1024.png 946w, https:\/\/magikland.pt\/wp-content\/uploads\/2022\/11\/2022_04_Magikland_Mapa_Areas-Soltas-Mundo-Confusao-277x300.png 277w, https:\/\/magikland.pt\/wp-content\/uploads\/2022\/11\/2022_04_Magikland_Mapa_Areas-Soltas-Mundo-Confusao-768x832.png 768w, https:\/\/magikland.pt\/wp-content\/uploads\/2022\/11\/2022_04_Magikland_Mapa_Areas-Soltas-Mundo-Confusao-1419x1536.png 1419w, https:\/\/magikland.pt\/wp-content\/uploads\/2022\/11\/2022_04_Magikland_Mapa_Areas-Soltas-Mundo-Confusao-1891x2048.png 1891w, https:\/\/magikland.pt\/wp-content\/uploads\/2022\/11\/2022_04_Magikland_Mapa_Areas-Soltas-Mundo-Confusao-11x12.png 11w, https:\/\/magikland.pt\/wp-content\/uploads\/2022\/11\/2022_04_Magikland_Mapa_Areas-Soltas-Mundo-Confusao.png 1968w\" sizes=\"(max-width: 946px) 100vw, 946px\" \/>\t\t\t\t\t\t\t\t\t\t\t\t\t\t\t<\/div>\n\t\t\t\t<\/div>\n\t\t\t\t\t<\/div>\n\t\t<\/div>\n\t\t\t\t\t<\/div>\n\t\t<\/section>\n\t\t\t\t<section class=\"elementor-section elementor-top-section elementor-element elementor-element-43d9269a elementor-section-content-middle elementor-section-boxed elementor-section-height-default elementor-section-height-default\" data-id=\"43d9269a\" data-element_type=\"section\" data-e-type=\"section\">\n\t\t\t\t\t\t<div class=\"elementor-container elementor-column-gap-no\">\n\t\t\t\t\t<div class=\"elementor-column elementor-col-100 elementor-top-column elementor-element elementor-element-22802628\" data-id=\"22802628\" data-element_type=\"column\" data-e-type=\"column\">\n\t\t\t<div class=\"elementor-widget-wrap elementor-element-populated\">\n\t\t\t\t\t\t<section class=\"elementor-section elementor-inner-section elementor-element elementor-element-1139f152 elementor-section-content-middle elementor-section-boxed elementor-section-height-default elementor-section-height-default\" data-id=\"1139f152\" data-element_type=\"section\" data-e-type=\"section\">\n\t\t\t\t\t\t<div class=\"elementor-container elementor-column-gap-no\">\n\t\t\t\t\t<div class=\"elementor-column elementor-col-33 elementor-inner-column elementor-element elementor-element-32bacea3\" data-id=\"32bacea3\" data-element_type=\"column\" data-e-type=\"column\" data-settings=\"{&quot;background_background&quot;:&quot;classic&quot;}\">\n\t\t\t<div class=\"elementor-widget-wrap elementor-element-populated\">\n\t\t\t\t\t\t<div class=\"elementor-element elementor-element-774d36f6 elementor-position-top elementor-widget elementor-widget-image-box\" data-id=\"774d36f6\" data-element_type=\"widget\" data-e-type=\"widget\" data-widget_type=\"image-box.default\">\n\t\t\t\t<div class=\"elementor-widget-container\">\n\t\t\t\t\t<div class=\"elementor-image-box-wrapper\"><figure class=\"elementor-image-box-img\"><a href=\"https:\/\/magikland.pt\/es\/bosque-encantado\/\" tabindex=\"-1\"><img decoding=\"async\" width=\"1154\" height=\"1154\" src=\"https:\/\/magikland.pt\/wp-content\/uploads\/2021\/05\/BOSQUE1.png\" class=\"elementor-animation-grow attachment-full size-full wp-image-746\" alt=\"\" srcset=\"https:\/\/magikland.pt\/wp-content\/uploads\/2021\/05\/BOSQUE1.png 1154w, https:\/\/magikland.pt\/wp-content\/uploads\/2021\/05\/BOSQUE1-300x300.png 300w, https:\/\/magikland.pt\/wp-content\/uploads\/2021\/05\/BOSQUE1-1024x1024.png 1024w, https:\/\/magikland.pt\/wp-content\/uploads\/2021\/05\/BOSQUE1-150x150.png 150w, https:\/\/magikland.pt\/wp-content\/uploads\/2021\/05\/BOSQUE1-768x768.png 768w\" sizes=\"(max-width: 1154px) 100vw, 1154px\" \/><\/a><\/figure><div class=\"elementor-image-box-content\"><h3 class=\"elementor-image-box-title\"><a href=\"https:\/\/magikland.pt\/es\/bosque-encantado\/\">BOSQUE ENCANTADO<\/a><\/h3><\/div><\/div>\t\t\t\t<\/div>\n\t\t\t\t<\/div>\n\t\t\t\t\t<\/div>\n\t\t<\/div>\n\t\t\t\t<div class=\"elementor-column elementor-col-33 elementor-inner-column elementor-element elementor-element-d82d16e\" data-id=\"d82d16e\" data-element_type=\"column\" data-e-type=\"column\" data-settings=\"{&quot;background_background&quot;:&quot;classic&quot;}\">\n\t\t\t<div class=\"elementor-widget-wrap elementor-element-populated\">\n\t\t\t\t\t\t<div class=\"elementor-element elementor-element-d534421 elementor-position-top elementor-widget elementor-widget-image-box\" data-id=\"d534421\" data-element_type=\"widget\" data-e-type=\"widget\" data-widget_type=\"image-box.default\">\n\t\t\t\t<div class=\"elementor-widget-container\">\n\t\t\t\t\t<div class=\"elementor-image-box-wrapper\"><figure class=\"elementor-image-box-img\"><a href=\"https:\/\/magikland.pt\/es\/carrossel-infantil\/\" tabindex=\"-1\"><img decoding=\"async\" width=\"1153\" height=\"1154\" src=\"https:\/\/magikland.pt\/wp-content\/uploads\/2021\/05\/CARR-INFANTIL1.png\" class=\"elementor-animation-grow attachment-full size-full wp-image-747\" alt=\"\" srcset=\"https:\/\/magikland.pt\/wp-content\/uploads\/2021\/05\/CARR-INFANTIL1.png 1153w, https:\/\/magikland.pt\/wp-content\/uploads\/2021\/05\/CARR-INFANTIL1-300x300.png 300w, https:\/\/magikland.pt\/wp-content\/uploads\/2021\/05\/CARR-INFANTIL1-1024x1024.png 1024w, https:\/\/magikland.pt\/wp-content\/uploads\/2021\/05\/CARR-INFANTIL1-150x150.png 150w, https:\/\/magikland.pt\/wp-content\/uploads\/2021\/05\/CARR-INFANTIL1-768x769.png 768w\" sizes=\"(max-width: 1153px) 100vw, 1153px\" \/><\/a><\/figure><div class=\"elementor-image-box-content\"><h3 class=\"elementor-image-box-title\"><a href=\"https:\/\/magikland.pt\/es\/carrossel-infantil\/\">CARRUSEL INFANTIL<\/a><\/h3><\/div><\/div>\t\t\t\t<\/div>\n\t\t\t\t<\/div>\n\t\t\t\t\t<\/div>\n\t\t<\/div>\n\t\t\t\t<div class=\"elementor-column elementor-col-33 elementor-inner-column elementor-element elementor-element-9694eb8\" data-id=\"9694eb8\" data-element_type=\"column\" data-e-type=\"column\" data-settings=\"{&quot;background_background&quot;:&quot;classic&quot;}\">\n\t\t\t<div class=\"elementor-widget-wrap elementor-element-populated\">\n\t\t\t\t\t\t<div class=\"elementor-element elementor-element-5ba49f2 elementor-position-top elementor-widget elementor-widget-image-box\" data-id=\"5ba49f2\" data-element_type=\"widget\" data-e-type=\"widget\" data-widget_type=\"image-box.default\">\n\t\t\t\t<div class=\"elementor-widget-container\">\n\t\t\t\t\t<div class=\"elementor-image-box-wrapper\"><figure class=\"elementor-image-box-img\"><a href=\"https:\/\/magikland.pt\/es\/jumbo\/\" tabindex=\"-1\"><img loading=\"lazy\" decoding=\"async\" width=\"1153\" height=\"1153\" src=\"https:\/\/magikland.pt\/wp-content\/uploads\/2021\/05\/JUMBO1.png\" class=\"elementor-animation-grow attachment-full size-full wp-image-748\" alt=\"\" srcset=\"https:\/\/magikland.pt\/wp-content\/uploads\/2021\/05\/JUMBO1.png 1153w, https:\/\/magikland.pt\/wp-content\/uploads\/2021\/05\/JUMBO1-300x300.png 300w, https:\/\/magikland.pt\/wp-content\/uploads\/2021\/05\/JUMBO1-1024x1024.png 1024w, https:\/\/magikland.pt\/wp-content\/uploads\/2021\/05\/JUMBO1-150x150.png 150w, https:\/\/magikland.pt\/wp-content\/uploads\/2021\/05\/JUMBO1-768x768.png 768w\" sizes=\"(max-width: 1153px) 100vw, 1153px\" \/><\/a><\/figure><div class=\"elementor-image-box-content\"><h3 class=\"elementor-image-box-title\"><a href=\"https:\/\/magikland.pt\/es\/jumbo\/\">JUMBO<\/a><\/h3><\/div><\/div>\t\t\t\t<\/div>\n\t\t\t\t<\/div>\n\t\t\t\t\t<\/div>\n\t\t<\/div>\n\t\t\t\t\t<\/div>\n\t\t<\/section>\n\t\t\t\t<section class=\"elementor-section elementor-inner-section elementor-element elementor-element-643519c elementor-section-content-middle elementor-section-boxed elementor-section-height-default elementor-section-height-default\" data-id=\"643519c\" data-element_type=\"section\" data-e-type=\"section\">\n\t\t\t\t\t\t<div class=\"elementor-container elementor-column-gap-no\">\n\t\t\t\t\t<div class=\"elementor-column elementor-col-33 elementor-inner-column elementor-element elementor-element-eb0eb90\" data-id=\"eb0eb90\" data-element_type=\"column\" data-e-type=\"column\" data-settings=\"{&quot;background_background&quot;:&quot;classic&quot;}\">\n\t\t\t<div class=\"elementor-widget-wrap elementor-element-populated\">\n\t\t\t\t\t\t<div class=\"elementor-element elementor-element-45f1839 elementor-position-top elementor-widget elementor-widget-image-box\" data-id=\"45f1839\" data-element_type=\"widget\" data-e-type=\"widget\" data-widget_type=\"image-box.default\">\n\t\t\t\t<div class=\"elementor-widget-container\">\n\t\t\t\t\t<div class=\"elementor-image-box-wrapper\"><figure class=\"elementor-image-box-img\"><a href=\"https:\/\/magikland.pt\/es\/carrossel-parisiense\/\" tabindex=\"-1\"><img loading=\"lazy\" decoding=\"async\" width=\"1154\" height=\"1154\" src=\"https:\/\/magikland.pt\/wp-content\/uploads\/2021\/05\/CARR-PARISIENSE1.png\" class=\"elementor-animation-grow attachment-full size-full wp-image-749\" alt=\"\" srcset=\"https:\/\/magikland.pt\/wp-content\/uploads\/2021\/05\/CARR-PARISIENSE1.png 1154w, https:\/\/magikland.pt\/wp-content\/uploads\/2021\/05\/CARR-PARISIENSE1-300x300.png 300w, https:\/\/magikland.pt\/wp-content\/uploads\/2021\/05\/CARR-PARISIENSE1-1024x1024.png 1024w, https:\/\/magikland.pt\/wp-content\/uploads\/2021\/05\/CARR-PARISIENSE1-150x150.png 150w, https:\/\/magikland.pt\/wp-content\/uploads\/2021\/05\/CARR-PARISIENSE1-768x768.png 768w\" sizes=\"(max-width: 1154px) 100vw, 1154px\" \/><\/a><\/figure><div class=\"elementor-image-box-content\"><h3 class=\"elementor-image-box-title\"><a href=\"https:\/\/magikland.pt\/es\/carrossel-parisiense\/\">CARRUSEL PARISIENSE<\/a><\/h3><\/div><\/div>\t\t\t\t<\/div>\n\t\t\t\t<\/div>\n\t\t\t\t\t<\/div>\n\t\t<\/div>\n\t\t\t\t<div class=\"elementor-column elementor-col-33 elementor-inner-column elementor-element elementor-element-1e62d0b\" data-id=\"1e62d0b\" data-element_type=\"column\" data-e-type=\"column\" data-settings=\"{&quot;background_background&quot;:&quot;classic&quot;}\">\n\t\t\t<div class=\"elementor-widget-wrap elementor-element-populated\">\n\t\t\t\t\t\t<div class=\"elementor-element elementor-element-5bdc905 elementor-position-top elementor-widget elementor-widget-image-box\" data-id=\"5bdc905\" data-element_type=\"widget\" data-e-type=\"widget\" data-widget_type=\"image-box.default\">\n\t\t\t\t<div class=\"elementor-widget-container\">\n\t\t\t\t\t<div class=\"elementor-image-box-wrapper\"><figure class=\"elementor-image-box-img\"><a href=\"https:\/\/magikland.pt\/es\/space\/\" tabindex=\"-1\"><img loading=\"lazy\" decoding=\"async\" width=\"1153\" height=\"1154\" src=\"https:\/\/magikland.pt\/wp-content\/uploads\/2021\/05\/SPACE1.png\" class=\"elementor-animation-grow attachment-full size-full wp-image-750\" alt=\"\" srcset=\"https:\/\/magikland.pt\/wp-content\/uploads\/2021\/05\/SPACE1.png 1153w, https:\/\/magikland.pt\/wp-content\/uploads\/2021\/05\/SPACE1-300x300.png 300w, https:\/\/magikland.pt\/wp-content\/uploads\/2021\/05\/SPACE1-1024x1024.png 1024w, https:\/\/magikland.pt\/wp-content\/uploads\/2021\/05\/SPACE1-150x150.png 150w, https:\/\/magikland.pt\/wp-content\/uploads\/2021\/05\/SPACE1-768x769.png 768w\" sizes=\"(max-width: 1153px) 100vw, 1153px\" \/><\/a><\/figure><div class=\"elementor-image-box-content\"><h3 class=\"elementor-image-box-title\"><a href=\"https:\/\/magikland.pt\/es\/space\/\">ESPACIO<\/a><\/h3><\/div><\/div>\t\t\t\t<\/div>\n\t\t\t\t<\/div>\n\t\t\t\t\t<\/div>\n\t\t<\/div>\n\t\t\t\t<div class=\"elementor-column elementor-col-33 elementor-inner-column elementor-element elementor-element-76ea7c5\" data-id=\"76ea7c5\" data-element_type=\"column\" data-e-type=\"column\" data-settings=\"{&quot;background_background&quot;:&quot;classic&quot;}\">\n\t\t\t<div class=\"elementor-widget-wrap elementor-element-populated\">\n\t\t\t\t\t\t<div class=\"elementor-element elementor-element-e522c9b elementor-position-top elementor-widget elementor-widget-image-box\" data-id=\"e522c9b\" data-element_type=\"widget\" data-e-type=\"widget\" data-widget_type=\"image-box.default\">\n\t\t\t\t<div class=\"elementor-widget-container\">\n\t\t\t\t\t<div class=\"elementor-image-box-wrapper\"><figure class=\"elementor-image-box-img\"><a href=\"https:\/\/magikland.pt\/es\/bar-eletrico\/\" tabindex=\"-1\"><img loading=\"lazy\" decoding=\"async\" width=\"1154\" height=\"1153\" src=\"https:\/\/magikland.pt\/wp-content\/uploads\/2021\/05\/ELETRICO.png\" class=\"elementor-animation-grow attachment-full size-full wp-image-572\" alt=\"\" srcset=\"https:\/\/magikland.pt\/wp-content\/uploads\/2021\/05\/ELETRICO.png 1154w, https:\/\/magikland.pt\/wp-content\/uploads\/2021\/05\/ELETRICO-300x300.png 300w, https:\/\/magikland.pt\/wp-content\/uploads\/2021\/05\/ELETRICO-1024x1024.png 1024w, https:\/\/magikland.pt\/wp-content\/uploads\/2021\/05\/ELETRICO-150x150.png 150w, https:\/\/magikland.pt\/wp-content\/uploads\/2021\/05\/ELETRICO-768x767.png 768w\" sizes=\"(max-width: 1154px) 100vw, 1154px\" \/><\/a><\/figure><div class=\"elementor-image-box-content\"><h3 class=\"elementor-image-box-title\"><a href=\"https:\/\/magikland.pt\/es\/bar-eletrico\/\">BAR EL\u00c9TRICO<\/a><\/h3><\/div><\/div>\t\t\t\t<\/div>\n\t\t\t\t<\/div>\n\t\t\t\t\t<\/div>\n\t\t<\/div>\n\t\t\t\t\t<\/div>\n\t\t<\/section>\n\t\t\t\t<section class=\"elementor-section elementor-inner-section elementor-element elementor-element-8c9424f elementor-section-content-middle elementor-section-boxed elementor-section-height-default elementor-section-height-default\" data-id=\"8c9424f\" data-element_type=\"section\" data-e-type=\"section\">\n\t\t\t\t\t\t<div class=\"elementor-container elementor-column-gap-no\">\n\t\t\t\t\t<div class=\"elementor-column elementor-col-33 elementor-inner-column elementor-element elementor-element-068e615\" data-id=\"068e615\" data-element_type=\"column\" data-e-type=\"column\" data-settings=\"{&quot;background_background&quot;:&quot;classic&quot;}\">\n\t\t\t<div class=\"elementor-widget-wrap elementor-element-populated\">\n\t\t\t\t\t\t<div class=\"elementor-element elementor-element-8e9eda0 elementor-position-top elementor-widget elementor-widget-image-box\" data-id=\"8e9eda0\" data-element_type=\"widget\" data-e-type=\"widget\" data-widget_type=\"image-box.default\">\n\t\t\t\t<div class=\"elementor-widget-container\">\n\t\t\t\t\t<div class=\"elementor-image-box-wrapper\"><figure class=\"elementor-image-box-img\"><a href=\"https:\/\/magikland.pt\/es\/bumper-boats\/\" tabindex=\"-1\"><img loading=\"lazy\" decoding=\"async\" width=\"1488\" height=\"1488\" src=\"https:\/\/magikland.pt\/wp-content\/uploads\/2022\/05\/2022_Piscina-bumper-boats.png\" class=\"elementor-animation-grow attachment-full size-full wp-image-2648\" alt=\"\" srcset=\"https:\/\/magikland.pt\/wp-content\/uploads\/2022\/05\/2022_Piscina-bumper-boats.png 1488w, https:\/\/magikland.pt\/wp-content\/uploads\/2022\/05\/2022_Piscina-bumper-boats-300x300.png 300w, https:\/\/magikland.pt\/wp-content\/uploads\/2022\/05\/2022_Piscina-bumper-boats-1024x1024.png 1024w, https:\/\/magikland.pt\/wp-content\/uploads\/2022\/05\/2022_Piscina-bumper-boats-150x150.png 150w, https:\/\/magikland.pt\/wp-content\/uploads\/2022\/05\/2022_Piscina-bumper-boats-768x768.png 768w, https:\/\/magikland.pt\/wp-content\/uploads\/2022\/05\/2022_Piscina-bumper-boats-12x12.png 12w\" sizes=\"(max-width: 1488px) 100vw, 1488px\" \/><\/a><\/figure><div class=\"elementor-image-box-content\"><h3 class=\"elementor-image-box-title\"><a href=\"https:\/\/magikland.pt\/es\/bumper-boats\/\">BUMPER BOATS<\/a><\/h3><\/div><\/div>\t\t\t\t<\/div>\n\t\t\t\t<\/div>\n\t\t\t\t\t<\/div>\n\t\t<\/div>\n\t\t\t\t<div class=\"elementor-column elementor-col-33 elementor-inner-column elementor-element elementor-element-b9396a8\" data-id=\"b9396a8\" data-element_type=\"column\" data-e-type=\"column\">\n\t\t\t<div class=\"elementor-widget-wrap\">\n\t\t\t\t\t\t\t<\/div>\n\t\t<\/div>\n\t\t\t\t<div class=\"elementor-column elementor-col-33 elementor-inner-column elementor-element elementor-element-c12660d\" data-id=\"c12660d\" data-element_type=\"column\" data-e-type=\"column\">\n\t\t\t<div class=\"elementor-widget-wrap\">\n\t\t\t\t\t\t\t<\/div>\n\t\t<\/div>\n\t\t\t\t\t<\/div>\n\t\t<\/section>\n\t\t\t\t\t<\/div>\n\t\t<\/div>\n\t\t\t\t\t<\/div>\n\t\t<\/section>\n\t\t\t\t<section class=\"elementor-section elementor-top-section elementor-element elementor-element-87970ec elementor-section-boxed elementor-section-height-default elementor-section-height-default\" data-id=\"87970ec\" data-element_type=\"section\" data-e-type=\"section\" data-settings=\"{&quot;background_background&quot;:&quot;classic&quot;}\">\n\t\t\t\t\t\t<div class=\"elementor-container elementor-column-gap-default\">\n\t\t\t\t\t<div class=\"elementor-column elementor-col-100 elementor-top-column elementor-element elementor-element-f4cb745\" data-id=\"f4cb745\" data-element_type=\"column\" data-e-type=\"column\">\n\t\t\t<div class=\"elementor-widget-wrap\">\n\t\t\t\t\t\t\t<\/div>\n\t\t<\/div>\n\t\t\t\t\t<\/div>\n\t\t<\/section>\n\t\t\t\t<\/div>","protected":false},"excerpt":{"rendered":"<p>MUNDO DA CONFUS\u00c3O Pelas ruas parisienses poder\u00e1 passear&#8230; A pequena Torre Eiffel ir\u00e1 encontrar&#8230; Um bosque de encantar\u2026Elefantes a voar\u2026Uma nave para o Espa\u00e7o imaginar\u2026No Mundo da Confus\u00e3o \u00e9 um lugar para sonhar!! BOSQUE ENCANTADO CARROSSEL INFANTIL JUMBO CARROSSEL PARISIENSE SPACE BAR EL\u00c9TRICO BUMPER BOATS<\/p>","protected":false},"author":1,"featured_media":0,"parent":0,"menu_order":0,"comment_status":"closed","ping_status":"closed","template":"","meta":{"site-sidebar-layout":"no-sidebar","site-content-layout":"page-builder","ast-site-content-layout":"default","site-content-style":"default","site-sidebar-style":"default","ast-global-header-display":"","ast-banner-title-visibility":"","ast-main-header-display":"","ast-hfb-above-header-display":"","ast-hfb-below-header-display":"","ast-hfb-mobile-header-display":"","site-post-title":"disabled","ast-breadcrumbs-content":"","ast-featured-img":"disabled","footer-sml-layout":"","ast-disable-related-posts":"","theme-transparent-header-meta":"default","adv-header-id-meta":"","stick-header-meta":"","header-above-stick-meta":"","header-main-stick-meta":"","header-below-stick-meta":"","astra-migrate-meta-layouts":"default","ast-page-background-enabled":"default","ast-page-background-meta":{"desktop":{"background-color":"","background-image":"","background-repeat":"repeat","background-position":"center center","background-size":"auto","background-attachment":"scroll","background-type":"","background-media":"","overlay-type":"","overlay-color":"","overlay-opacity":"","overlay-gradient":""},"tablet":{"background-color":"","background-image":"","background-repeat":"repeat","background-position":"center center","background-size":"auto","background-attachment":"scroll","background-type":"","background-media":"","overlay-type":"","overlay-color":"","overlay-opacity":"","overlay-gradient":""},"mobile":{"background-color":"","background-image":"","background-repeat":"repeat","background-position":"center center","background-size":"auto","background-attachment":"scroll","background-type":"","background-media":"","overlay-type":"","overlay-color":"","overlay-opacity":"","overlay-gradient":""}},"ast-content-background-meta":{"desktop":{"background-color":"var(--ast-global-color-5)","background-image":"","background-repeat":"repeat","background-position":"center center","background-size":"auto","background-attachment":"scroll","background-type":"","background-media":"","overlay-type":"","overlay-color":"","overlay-opacity":"","overlay-gradient":""},"tablet":{"background-color":"var(--ast-global-color-5)","background-image":"","background-repeat":"repeat","background-position":"center center","background-size":"auto","background-attachment":"scroll","background-type":"","background-media":"","overlay-type":"","overlay-color":"","overlay-opacity":"","overlay-gradient":""},"mobile":{"background-color":"var(--ast-global-color-5)","background-image":"","background-repeat":"repeat","background-position":"center center","background-size":"auto","background-attachment":"scroll","background-type":"","background-media":"","overlay-type":"","overlay-color":"","overlay-opacity":"","overlay-gradient":""}},"footnotes":""},"class_list":["post-551","page","type-page","status-publish","hentry"],"_links":{"self":[{"href":"https:\/\/magikland.pt\/es\/wp-json\/wp\/v2\/pages\/551","targetHints":{"allow":["GET"]}}],"collection":[{"href":"https:\/\/magikland.pt\/es\/wp-json\/wp\/v2\/pages"}],"about":[{"href":"https:\/\/magikland.pt\/es\/wp-json\/wp\/v2\/types\/page"}],"author":[{"embeddable":true,"href":"https:\/\/magikland.pt\/es\/wp-json\/wp\/v2\/users\/1"}],"replies":[{"embeddable":true,"href":"https:\/\/magikland.pt\/es\/wp-json\/wp\/v2\/comments?post=551"}],"version-history":[{"count":0,"href":"https:\/\/magikland.pt\/es\/wp-json\/wp\/v2\/pages\/551\/revisions"}],"wp:attachment":[{"href":"https:\/\/magikland.pt\/es\/wp-json\/wp\/v2\/media?parent=551"}],"curies":[{"name":"wp","href":"https:\/\/api.w.org\/{rel}","templated":true}]}}