{"id":3617,"date":"2024-04-23T16:47:51","date_gmt":"2024-04-23T16:47:51","guid":{"rendered":"https:\/\/magikland.pt\/?page_id=3617"},"modified":"2024-04-23T16:48:55","modified_gmt":"2024-04-23T16:48:55","slug":"politica-de-cookies","status":"publish","type":"page","link":"https:\/\/magikland.pt\/es\/politica-de-cookies\/","title":{"rendered":"Pol\u00edtica de Cookies"},"content":{"rendered":"<div data-elementor-type=\"wp-page\" data-elementor-id=\"3617\" class=\"elementor elementor-3617\">\n\t\t\t\t\t\t<section class=\"elementor-section elementor-top-section elementor-element elementor-element-064b734 elementor-section-boxed elementor-section-height-default elementor-section-height-default\" data-id=\"064b734\" data-element_type=\"section\" data-e-type=\"section\">\n\t\t\t\t\t\t<div class=\"elementor-container elementor-column-gap-default\">\n\t\t\t\t\t<div class=\"elementor-column elementor-col-100 elementor-top-column elementor-element elementor-element-17fde0a\" data-id=\"17fde0a\" data-element_type=\"column\" data-e-type=\"column\">\n\t\t\t<div class=\"elementor-widget-wrap elementor-element-populated\">\n\t\t\t\t\t\t<div class=\"elementor-element elementor-element-f55093b elementor-widget elementor-widget-spacer\" data-id=\"f55093b\" data-element_type=\"widget\" data-e-type=\"widget\" data-widget_type=\"spacer.default\">\n\t\t\t\t<div class=\"elementor-widget-container\">\n\t\t\t\t\t\t\t<div class=\"elementor-spacer\">\n\t\t\t<div class=\"elementor-spacer-inner\"><\/div>\n\t\t<\/div>\n\t\t\t\t\t\t<\/div>\n\t\t\t\t<\/div>\n\t\t\t\t<div class=\"elementor-element elementor-element-768775f elementor-widget elementor-widget-heading\" data-id=\"768775f\" data-element_type=\"widget\" data-e-type=\"widget\" data-widget_type=\"heading.default\">\n\t\t\t\t<div class=\"elementor-widget-container\">\n\t\t\t\t\t<h2 class=\"elementor-heading-title elementor-size-default\">Pol\u00edtica de Cookies<\/h2>\t\t\t\t<\/div>\n\t\t\t\t<\/div>\n\t\t\t\t<div class=\"elementor-element elementor-element-f55a949 elementor-widget elementor-widget-text-editor\" data-id=\"f55a949\" data-element_type=\"widget\" data-e-type=\"widget\" data-widget_type=\"text-editor.default\">\n\t\t\t\t<div class=\"elementor-widget-container\">\n\t\t\t\t\t\t\t\t\t<div class=\"uk-modal-body uk-modal-body-container omw-default-font uk-overflow-auto\"><div class=\"uk-modal-body uk-modal-body-container omw-default-font uk-overflow-auto\"><p>Os cookies consistem no registo tempor\u00e1rio de pequenos ficheiros de texto que um website, ao ser visitado pelo utilizador, coloca no seu computador ou no seu dispositivo m\u00f3vel atrav\u00e9s do navegador de internet (browser). A coloca\u00e7\u00e3o de cookies ajudar\u00e1 o site a reconhecer o seu dispositivo na pr\u00f3xima vez que o utilizador o visita.<\/p><p>Este website utiliza cookies para melhorar o seu servi\u00e7o. Alguns cookies s\u00e3o essenciais para garantir as funcionalidades disponibilizadas, enquanto outros s\u00e3o destinadas a melhorar o desempenho e a experi\u00eancia do utilizador. N\u00e3o dever\u00e1 continuar a navegar no nosso website ap\u00f3s o alerta sobre os cookies, se n\u00e3o concordar com a sua utiliza\u00e7\u00e3o.<\/p><p><strong>O que s\u00e3o\u00a0<i>cookies<\/i>?<\/strong><\/p><p>\u201cCookies\u201d s\u00e3o pequenas etiquetas de\u00a0<i>software<\/i>\u00a0que s\u00e3o armazenadas no seu computador atrav\u00e9s do navegador (<i>browser<\/i>), retendo apenas informa\u00e7\u00e3o relacionada com as suas prefer\u00eancias, n\u00e3o incluindo, como tal, os seus dados pessoais. Estes ficheiros permitem que durante um certo per\u00edodo de tempo o s\u00edtio Web se \u00ablembre\u00bb das suas a\u00e7\u00f5es e prefer\u00eancias, nomeadamente do nome de utilizador, da l\u00edngua escolhida, do tamanho dos carateres e de outras defini\u00e7\u00f5es de visualiza\u00e7\u00e3o. \u00c9 por isso que quando percorre as p\u00e1ginas de um s\u00edtio ou regressa a um s\u00edtio que j\u00e1 visitou n\u00e3o tem, em princ\u00edpio, de voltar a indicar as suas prefer\u00eancias quando regressa a um s\u00edtio.<\/p><p><strong>Para que servem os\u00a0<i>cookies<\/i>?<\/strong><\/p><p>Os\u00a0<i>cookies<\/i>\u00a0servem para ajudar a determinar a utilidade, interesse e o n\u00famero de utiliza\u00e7\u00f5es dos seus\u00a0<i>websites<\/i>, permitindo uma navega\u00e7\u00e3o mais r\u00e1pida e eficiente, eliminando a necessidade de introduzir repetidamente as mesmas informa\u00e7\u00f5es.<\/p><p><strong>Que tipo de\u00a0<i>cookies<\/i>\u00a0utilizamos?<\/strong><\/p><p>Existem dois grupos\u00a0<em>cookies<\/em>\u00a0que podem ser utilizados:<\/p><p><i>Cookies<\/i>\u00a0permanentes \u2013 s\u00e3o\u00a0<em>cookies<\/em>\u00a0que ficam armazenados ao n\u00edvel do\u00a0<i>browser<\/i>\u00a0nos seus equipamentos de acesso (<i>pc<\/i>,\u00a0<i>mobile<\/i>\u00a0e\u00a0<i>tablet<\/i>) e que s\u00e3o utilizados sempre que faz uma nova visita a um dos nossos\u00a0<i>websites<\/i>. S\u00e3o utilizados, geralmente, para direcionar a navega\u00e7\u00e3o aos interesses do utilizador, permitindo-nos prestar um servi\u00e7o mais personalizado.<\/p><p><i>Cookies<\/i>\u00a0de sess\u00e3o \u2013 s\u00e3o\u00a0<em>cookies<\/em>\u00a0tempor\u00e1rios que permanecem no arquivo de\u00a0<i>cookies<\/i>\u00a0do seu\u00a0<i>browser\u00a0<\/i>at\u00e9 sair do\u00a0<i>website<\/i>. A informa\u00e7\u00e3o obtida por estes<em>\u00a0cookies\u00a0<\/em>serve para analisar padr\u00f5es de tr\u00e1fego na\u00a0<i>web<\/i>, permitindo-nos identificar problemas e fornecer uma melhor experi\u00eancia de navega\u00e7\u00e3o.<\/p><p><strong>Que tipo de\u00a0<i>cookies<\/i>\u00a0existem?<\/strong><strong>\u00a0<\/strong><\/p><div align=\"left\"><div class=\"info\"><table border=\"1\" cellpadding=\"0\"><tbody><tr><td><strong>Tipo de\u00a0<em>cookie<\/em><\/strong><\/td><td><strong>Finalidade<\/strong><\/td><\/tr><tr><td><em>Cookies<\/em>\u00a0estritamente necess\u00e1rios<\/td><td>Permitem que navegue no\u00a0<em>website<\/em>\u00a0e utilize as suas aplica\u00e7\u00f5es, bem como aceder a \u00e1reas seguras do\u00a0<em>website<\/em>. Sem estes\u00a0<em>cookies<\/em>, os servi\u00e7os que tenha requerido n\u00e3o podem ser prestados.<\/td><\/tr><tr><td><em>Cookies<\/em>\u00a0anal\u00edticos<\/td><td>S\u00e3o utilizados anonimamente para efeitos de cria\u00e7\u00e3o e an\u00e1lise de estat\u00edsticas, no sentido de melhorar o funcionamento do\u00a0<em>website<\/em>.<\/td><\/tr><tr><td><em>Cookies<\/em>\u00a0de funcionalidade<\/td><td>Guardam as prefer\u00eancias do utilizador relativamente \u00e0 utiliza\u00e7\u00e3o do\u00a0<em>site<\/em>, de forma que n\u00e3o seja necess\u00e1rio voltar a configurar o\u00a0<em>site<\/em>\u00a0cada vez que o visita.<\/td><\/tr><tr><td><em>Cookies<\/em>\u00a0de terceiros<\/td><td>Medem o sucesso de aplica\u00e7\u00f5es e a efic\u00e1cia da publicidade de terceiros. Podem tamb\u00e9m ser utilizados no sentido de personalizar um\u00a0<em>widget\u00a0<\/em>com dados do utilizador.<\/td><\/tr><tr><td><em>Cookies<\/em>\u00a0de publicidade<\/td><td>Direcionam a publicidade em fun\u00e7\u00e3o dos interesses de cada utilizador, sendo que, al\u00e9m disso, limitam a quantidade de vezes que v\u00ea o an\u00fancio, ajudando a medir a efic\u00e1cia da publicidade e o sucesso da organiza\u00e7\u00e3o do\u00a0<em>website<\/em>.<\/td><\/tr><\/tbody><\/table><\/div><\/div><p><strong>\u00a0<\/strong><\/p><p><strong>Como pode gerir os\u00a0<i>cookies<\/i><\/strong>?<\/p><p>Todos os\u00a0<i>browsers\u00a0<\/i>permitem ao utilizador aceitar, recusar ou apagar\u00a0<i>cookies<\/i>, nomeadamente atrav\u00e9s da sele\u00e7\u00e3o das defini\u00e7\u00f5es apropriadas no respetivo navegador. Pode configurar os\u00a0<i>cookies<\/i>\u00a0no menu \u201cop\u00e7\u00f5es\u201d ou \u201cprefer\u00eancias\u201d do seu\u00a0<i>browser<\/i>.<\/p><p>Note-se, no entanto, que, ao desativar\u00a0<i>cookies<\/i>, pode impedir que alguns servi\u00e7os da\u00a0<i>web<\/i>\u00a0funcionem corretamente, afetando, parcial ou totalmente, a navega\u00e7\u00e3o no website.<\/p><div><p>\u2022\u00a0<a href=\"https:\/\/windows.microsoft.com\/pt-pt\/windows-vista\/block-or-allow-cookies\" target=\"_blank\" rel=\"noopener noreferrer\">Configura\u00e7\u00f5es de\u00a0<i>cookies<\/i>\u00a0no Internet Explorer<\/a><br \/>\u2022\u00a0<a href=\"https:\/\/support.mozilla.org\/pt-PT\/kb\/Activar%20e%20Desactivar%20cookies\" target=\"_blank\" rel=\"noopener noreferrer\">Configura\u00e7\u00f5es de\u00a0<i>cookies<\/i>\u00a0no Firefox<\/a>\u2022\u00a0<a href=\"https:\/\/support.google.com\/chrome\/answer\/95647?hl=pt-pt\" target=\"_blank\" rel=\"noopener noreferrer\">Configura\u00e7\u00f5es de\u00a0<i>cookies<\/i>\u00a0no Chrome<\/a><\/p><p>\u2022\u00a0<a href=\"https:\/\/support.apple.com\/pt-br\/HT1677\" target=\"_blank\" rel=\"noopener noreferrer\">Configura\u00e7\u00f5es de\u00a0<i>cookies<\/i>\u00a0no Safari web e iOS<\/a>.<\/p><\/div><p><strong>Links<\/strong><\/p><p>Para obter mais informa\u00e7\u00f5es sobre\u00a0<i>cookies<\/i>\u00a0e a respetiva utiliza\u00e7\u00e3o, sugerimos que consulte os seguintes\u00a0<i>links<\/i>, onde poder\u00e1 esclarecer de forma independente qualquer d\u00favida:<\/p><div>\u2022\u00a0<a href=\"https:\/\/pt.wikipedia.org\/wiki\/Cookie_(inform%C3%A1tica)\" target=\"_blank\" rel=\"noopener noreferrer\">Wikip\u00e9dia Cookies information<\/a><br \/>\u2022\u00a0<a href=\"https:\/\/www.allaboutcookies.org\/\" target=\"_blank\" rel=\"noopener noreferrer\">All About Cookies<\/a><\/div><\/div><\/div>\t\t\t\t\t\t\t\t<\/div>\n\t\t\t\t<\/div>\n\t\t\t\t\t<\/div>\n\t\t<\/div>\n\t\t\t\t\t<\/div>\n\t\t<\/section>\n\t\t\t\t<\/div>","protected":false},"excerpt":{"rendered":"<p>Pol\u00edtica de Cookies Os cookies consistem no registo tempor\u00e1rio de pequenos ficheiros de texto que um website, ao ser visitado pelo utilizador, coloca no seu computador ou no seu dispositivo m\u00f3vel atrav\u00e9s do navegador de internet (browser). A coloca\u00e7\u00e3o de cookies ajudar\u00e1 o site a reconhecer o seu dispositivo na pr\u00f3xima vez que o utilizador [&hellip;]<\/p>\n","protected":false},"author":1,"featured_media":0,"parent":0,"menu_order":0,"comment_status":"closed","ping_status":"closed","template":"","meta":{"site-sidebar-layout":"no-sidebar","site-content-layout":"page-builder","ast-site-content-layout":"full-width-container","site-content-style":"default","site-sidebar-style":"default","ast-global-header-display":"","ast-banner-title-visibility":"","ast-main-header-display":"","ast-hfb-above-header-display":"","ast-hfb-below-header-display":"","ast-hfb-mobile-header-display":"","site-post-title":"disabled","ast-breadcrumbs-content":"","ast-featured-img":"disabled","footer-sml-layout":"","ast-disable-related-posts":"","theme-transparent-header-meta":"","adv-header-id-meta":"","stick-header-meta":"","header-above-stick-meta":"","header-main-stick-meta":"","header-below-stick-meta":"","astra-migrate-meta-layouts":"set","ast-page-background-enabled":"default","ast-page-background-meta":{"desktop":{"background-color":"","background-image":"","background-repeat":"repeat","background-position":"center center","background-size":"auto","background-attachment":"scroll","background-type":"","background-media":"","overlay-type":"","overlay-color":"","overlay-opacity":"","overlay-gradient":""},"tablet":{"background-color":"","background-image":"","background-repeat":"repeat","background-position":"center center","background-size":"auto","background-attachment":"scroll","background-type":"","background-media":"","overlay-type":"","overlay-color":"","overlay-opacity":"","overlay-gradient":""},"mobile":{"background-color":"","background-image":"","background-repeat":"repeat","background-position":"center center","background-size":"auto","background-attachment":"scroll","background-type":"","background-media":"","overlay-type":"","overlay-color":"","overlay-opacity":"","overlay-gradient":""}},"ast-content-background-meta":{"desktop":{"background-color":"var(--ast-global-color-5)","background-image":"","background-repeat":"repeat","background-position":"center center","background-size":"auto","background-attachment":"scroll","background-type":"","background-media":"","overlay-type":"","overlay-color":"","overlay-opacity":"","overlay-gradient":""},"tablet":{"background-color":"var(--ast-global-color-5)","background-image":"","background-repeat":"repeat","background-position":"center center","background-size":"auto","background-attachment":"scroll","background-type":"","background-media":"","overlay-type":"","overlay-color":"","overlay-opacity":"","overlay-gradient":""},"mobile":{"background-color":"var(--ast-global-color-5)","background-image":"","background-repeat":"repeat","background-position":"center center","background-size":"auto","background-attachment":"scroll","background-type":"","background-media":"","overlay-type":"","overlay-color":"","overlay-opacity":"","overlay-gradient":""}},"footnotes":""},"class_list":["post-3617","page","type-page","status-publish","hentry"],"_links":{"self":[{"href":"https:\/\/magikland.pt\/es\/wp-json\/wp\/v2\/pages\/3617","targetHints":{"allow":["GET"]}}],"collection":[{"href":"https:\/\/magikland.pt\/es\/wp-json\/wp\/v2\/pages"}],"about":[{"href":"https:\/\/magikland.pt\/es\/wp-json\/wp\/v2\/types\/page"}],"author":[{"embeddable":true,"href":"https:\/\/magikland.pt\/es\/wp-json\/wp\/v2\/users\/1"}],"replies":[{"embeddable":true,"href":"https:\/\/magikland.pt\/es\/wp-json\/wp\/v2\/comments?post=3617"}],"version-history":[{"count":0,"href":"https:\/\/magikland.pt\/es\/wp-json\/wp\/v2\/pages\/3617\/revisions"}],"wp:attachment":[{"href":"https:\/\/magikland.pt\/es\/wp-json\/wp\/v2\/media?parent=3617"}],"curies":[{"name":"wp","href":"https:\/\/api.w.org\/{rel}","templated":true}]}}