{"id":3609,"date":"2024-04-23T16:45:04","date_gmt":"2024-04-23T16:45:04","guid":{"rendered":"https:\/\/magikland.pt\/?page_id=3609"},"modified":"2026-02-05T18:08:01","modified_gmt":"2026-02-05T18:08:01","slug":"resolucao-de-litigios","status":"publish","type":"page","link":"https:\/\/magikland.pt\/es\/resolucao-de-litigios\/","title":{"rendered":"Resoluci\u00f3n de litigios"},"content":{"rendered":"<div data-elementor-type=\"wp-page\" data-elementor-id=\"3609\" class=\"elementor elementor-3609\">\n\t\t\t\t\t\t<section class=\"elementor-section elementor-top-section elementor-element elementor-element-af30cc9 elementor-section-boxed elementor-section-height-default elementor-section-height-default\" data-id=\"af30cc9\" data-element_type=\"section\" data-e-type=\"section\">\n\t\t\t\t\t\t<div class=\"elementor-container elementor-column-gap-default\">\n\t\t\t\t\t<div class=\"elementor-column elementor-col-100 elementor-top-column elementor-element elementor-element-e9b0002\" data-id=\"e9b0002\" data-element_type=\"column\" data-e-type=\"column\">\n\t\t\t<div class=\"elementor-widget-wrap elementor-element-populated\">\n\t\t\t\t\t\t<div class=\"elementor-element elementor-element-f032cca elementor-widget elementor-widget-spacer\" data-id=\"f032cca\" data-element_type=\"widget\" data-e-type=\"widget\" data-widget_type=\"spacer.default\">\n\t\t\t\t<div class=\"elementor-widget-container\">\n\t\t\t\t\t\t\t<div class=\"elementor-spacer\">\n\t\t\t<div class=\"elementor-spacer-inner\"><\/div>\n\t\t<\/div>\n\t\t\t\t\t\t<\/div>\n\t\t\t\t<\/div>\n\t\t\t\t<div class=\"elementor-element elementor-element-f3ebbc9 elementor-widget elementor-widget-heading\" data-id=\"f3ebbc9\" data-element_type=\"widget\" data-e-type=\"widget\" data-widget_type=\"heading.default\">\n\t\t\t\t<div class=\"elementor-widget-container\">\n\t\t\t\t\t<h2 class=\"elementor-heading-title elementor-size-default\">Resoluci\u00f3n de litigios<\/h2>\t\t\t\t<\/div>\n\t\t\t\t<\/div>\n\t\t\t\t<div class=\"elementor-element elementor-element-fe93f8c elementor-widget elementor-widget-text-editor\" data-id=\"fe93f8c\" data-element_type=\"widget\" data-e-type=\"widget\" data-widget_type=\"text-editor.default\">\n\t\t\t\t<div class=\"elementor-widget-container\">\n\t\t\t\t\t\t\t\t\t<section class=\"elementor-section elementor-inner-section elementor-element elementor-element-35bd9d0 elementor-section-boxed elementor-section-height-default elementor-section-height-default\" data-id=\"35bd9d0\" data-element_type=\"section\"><div class=\"elementor-container elementor-column-gap-default\"><div class=\"elementor-column elementor-col-50 elementor-inner-column elementor-element elementor-element-f748f3d\" data-id=\"f748f3d\" data-element_type=\"column\"><div class=\"elementor-widget-wrap elementor-element-populated\"><div class=\"elementor-element elementor-element-5139618 elementor-widget elementor-widget-text-editor\" data-id=\"5139618\" data-element_type=\"widget\" data-widget_type=\"text-editor.default\"><div class=\"elementor-widget-container\"><p><strong>RAL \u2013 Resolu\u00e7\u00e3o Alternativa de Lit\u00edgios<\/strong><\/p><p>Em cumprimento da Lei n\u00ba 144\/2015 informamos os estimados consumidores que celebramos a conven\u00e7\u00e3o de Arbitragem ao consumo na modalidade de ades\u00e3o plena e que em caso de lit\u00edgio, dispomos de meios alternativos de resolu\u00e7\u00e3o de lit\u00edgios nomeadamente o CIAB \u2013 Centro de Informa\u00e7\u00e3o, Media\u00e7\u00e3o e Arbitragem de Consumo\u00a0<em>(Tribunal Arbitral de Consumo)<\/em>\u00a0com moradas em:<\/p><div><p><strong>CNIACC \u2013 Centro Nacional de Informa\u00e7\u00e3o e Arbitragem de Conflitos de Consumo\u00a0<\/strong><br \/>Faculdade de Direito da Universidade Nova de Lisboa \u2013 Campus de Campolide<br \/><a href=\"https:\/\/www.cniacc.pt\/pt\/\" target=\"_blank\" rel=\"noopener noreferrer\">www.cniacc.pt<\/a><\/p><p><strong>CIMAAL \u2013 Centro de Informa\u00e7\u00e3o, Media\u00e7\u00e3o e Arbitragem de Conflitos de Consumo do Algarve<\/strong><br \/>Edif\u00edcio Ninho de Empresas \u2013 Estrada da Penha<br \/>8005-131 Faro<br \/><a href=\"https:\/\/consumoalgarve.pt\/\">www.consumoalgarve.pt<\/a><\/p><p><strong>Centro de Arbitragem de Conflitos de Consumo do Distrito de Coimbra<\/strong><br \/>Av. Fern\u00e3o Magalh\u00e3es, n.\u00ba 240, 1\u00ba<br \/>3000-172 Coimbra<br \/><a href=\"https:\/\/cacrc.pt\/\" target=\"_blank\" rel=\"noopener noreferrer\">www.cacrc.pt<\/a><\/p><p><strong>Centro de arbitragem de Conflitos de Consumo de Lisboa<\/strong><br \/>Rua dos Douradores, 116, 2\u00ba<br \/>1100-207 Lisboa<br \/><a href=\"http:\/\/www.centroarbitragemlisboa.pt\/\" target=\"_blank\" rel=\"noopener noreferrer\">www.centroarbitragemlisboa.pt<\/a><\/p><p><strong>Contratos celebrados na Regi\u00e3o Aut\u00f3noma da Madeira<\/strong><br \/>Rua da Figueira Preta, n.\u00ba 10, 3.\u00ba andar<br \/>9050-014 Funchal<br \/><a href=\"mailto:centroarbitragem.sras@gov-madeira.pt\" target=\"_blank\" rel=\"noopener noreferrer\">centroarbitragem.sras@gov-madeira.pt<\/a><\/p><p><strong>Centro de Informa\u00e7\u00e3o de Consumo e Arbitragem do Porto<\/strong><br \/>Rua Dami\u00e3o de G\u00f3is, 31 \u2013 Loja 6<br \/>4050-225 Porto<br \/><a href=\"https:\/\/www.cicap.pt\/\" target=\"_blank\" rel=\"noopener noreferrer\">www.cicap.pt<\/a><\/p><p><strong>Centro de Arbitragem de Conflitos de Consumo do Vale do Ave<\/strong><br \/>Rua Capit\u00e3o Alfredo Guimar\u00e3es, n.\u00ba 1<br \/>4800-019 Guimar\u00e3es<br \/><a href=\"https:\/\/www.triave.pt\/\" target=\"_blank\" rel=\"noopener noreferrer\">www.triave.pt<\/a><\/p><p><strong>Centro de Informa\u00e7\u00e3o, Media\u00e7\u00e3o e Arbitragem de Consumo (Tribunal Arbitral de Consumo)<\/strong><br \/>BRAGA: Rua D Afonso Henriques, n\u00ba 1 (Ed Junta de Freguesia da S\u00e9)<br \/>4700 \u2013 030 Braga<br \/>VIANA DO CASTELO: Av. Rocha Paris, n\u00ba 103 (Edif\u00edcio Vila Rosa)<br \/>4900 \u2013 394 Viana do Castelo<br \/><a href=\"https:\/\/www.ciab.pt\/\" target=\"_blank\" rel=\"noopener noreferrer\">www.ciab.pt<\/a><\/p><\/div><\/div><\/div><\/div><\/div><div class=\"elementor-column elementor-col-50 elementor-inner-column elementor-element elementor-element-90b616a\" data-id=\"90b616a\" data-element_type=\"column\"><div class=\"elementor-widget-wrap elementor-element-populated\"><div class=\"elementor-element elementor-element-a452d59 img-b elementor-widget elementor-widget-image\" data-id=\"a452d59\" data-element_type=\"widget\" data-widget_type=\"image.default\"><div class=\"elementor-widget-container\">\u00a0<\/div><\/div><\/div><\/div><\/div><\/section><section class=\"elementor-section elementor-inner-section elementor-element elementor-element-862add0 elementor-section-boxed elementor-section-height-default elementor-section-height-default\" data-id=\"862add0\" data-element_type=\"section\"><div class=\"elementor-container elementor-column-gap-default\"><div class=\"elementor-column elementor-col-50 elementor-inner-column elementor-element elementor-element-080ec66\" data-id=\"080ec66\" data-element_type=\"column\"><div class=\"elementor-widget-wrap elementor-element-populated\"><div class=\"elementor-element elementor-element-a396065 elementor-widget elementor-widget-text-editor\" data-id=\"a396065\" data-element_type=\"widget\" data-widget_type=\"text-editor.default\"><div class=\"elementor-widget-container\"><p><strong>RLL \u2013 Resolu\u00e7\u00e3o de Lit\u00edgios em Linha<\/strong><\/p><p>Em cumprimento da lei da comiss\u00e3o europeia, atrav\u00e9s do Regulamento (UE) n. \u00ba 524\/2013 do parlamento europeu e do conselho, de 21 de maio de 2013, facilitado pela plataforma de rll para resolu\u00e7\u00e3o alternativa de lit\u00edgios entre consumidores e comerciantes, relativos a contratos de venda ou de servi\u00e7os em linha, disponibilizamos o acesso \u00e0 p\u00e1gina da\u00a0<a href=\"https:\/\/ec.europa.eu\/consumers\/odr\/main\/?event=main.complaints.screeningphase\" target=\"_blank\" rel=\"noopener noreferrer\">comiss\u00e3o europeia\u00a0<\/a>atrav\u00e9s do seguinte link:<\/p><ul><li><a href=\"https:\/\/ec.europa.eu\/consumers\/odr\/main\/?event=main.complaints.screeningphase\" target=\"_blank\" rel=\"noopener noreferrer\"><strong>Comiss\u00e3o Europeia<\/strong><\/a><\/li><\/ul><\/div><\/div><\/div><\/div><\/div><\/section>\t\t\t\t\t\t\t\t<\/div>\n\t\t\t\t<\/div>\n\t\t\t\t\t<\/div>\n\t\t<\/div>\n\t\t\t\t\t<\/div>\n\t\t<\/section>\n\t\t\t\t<\/div>","protected":false},"excerpt":{"rendered":"<p>Resolu\u00e7\u00e3o de Lit\u00edgios RAL \u2013 Resolu\u00e7\u00e3o Alternativa de Lit\u00edgios Em cumprimento da Lei n\u00ba 144\/2015 informamos os estimados consumidores que celebramos a conven\u00e7\u00e3o de Arbitragem ao consumo na modalidade de ades\u00e3o plena e que em caso de lit\u00edgio, dispomos de meios alternativos de resolu\u00e7\u00e3o de lit\u00edgios nomeadamente o CIAB \u2013 Centro de Informa\u00e7\u00e3o, Media\u00e7\u00e3o e [&hellip;]<\/p>\n","protected":false},"author":1,"featured_media":0,"parent":0,"menu_order":0,"comment_status":"closed","ping_status":"closed","template":"","meta":{"site-sidebar-layout":"no-sidebar","site-content-layout":"page-builder","ast-site-content-layout":"full-width-container","site-content-style":"default","site-sidebar-style":"default","ast-global-header-display":"","ast-banner-title-visibility":"","ast-main-header-display":"","ast-hfb-above-header-display":"","ast-hfb-below-header-display":"","ast-hfb-mobile-header-display":"","site-post-title":"disabled","ast-breadcrumbs-content":"","ast-featured-img":"disabled","footer-sml-layout":"","ast-disable-related-posts":"","theme-transparent-header-meta":"","adv-header-id-meta":"","stick-header-meta":"","header-above-stick-meta":"","header-main-stick-meta":"","header-below-stick-meta":"","astra-migrate-meta-layouts":"set","ast-page-background-enabled":"default","ast-page-background-meta":{"desktop":{"background-color":"","background-image":"","background-repeat":"repeat","background-position":"center center","background-size":"auto","background-attachment":"scroll","background-type":"","background-media":"","overlay-type":"","overlay-color":"","overlay-opacity":"","overlay-gradient":""},"tablet":{"background-color":"","background-image":"","background-repeat":"repeat","background-position":"center center","background-size":"auto","background-attachment":"scroll","background-type":"","background-media":"","overlay-type":"","overlay-color":"","overlay-opacity":"","overlay-gradient":""},"mobile":{"background-color":"","background-image":"","background-repeat":"repeat","background-position":"center center","background-size":"auto","background-attachment":"scroll","background-type":"","background-media":"","overlay-type":"","overlay-color":"","overlay-opacity":"","overlay-gradient":""}},"ast-content-background-meta":{"desktop":{"background-color":"var(--ast-global-color-5)","background-image":"","background-repeat":"repeat","background-position":"center center","background-size":"auto","background-attachment":"scroll","background-type":"","background-media":"","overlay-type":"","overlay-color":"","overlay-opacity":"","overlay-gradient":""},"tablet":{"background-color":"var(--ast-global-color-5)","background-image":"","background-repeat":"repeat","background-position":"center center","background-size":"auto","background-attachment":"scroll","background-type":"","background-media":"","overlay-type":"","overlay-color":"","overlay-opacity":"","overlay-gradient":""},"mobile":{"background-color":"var(--ast-global-color-5)","background-image":"","background-repeat":"repeat","background-position":"center center","background-size":"auto","background-attachment":"scroll","background-type":"","background-media":"","overlay-type":"","overlay-color":"","overlay-opacity":"","overlay-gradient":""}},"footnotes":""},"class_list":["post-3609","page","type-page","status-publish","hentry"],"_links":{"self":[{"href":"https:\/\/magikland.pt\/es\/wp-json\/wp\/v2\/pages\/3609","targetHints":{"allow":["GET"]}}],"collection":[{"href":"https:\/\/magikland.pt\/es\/wp-json\/wp\/v2\/pages"}],"about":[{"href":"https:\/\/magikland.pt\/es\/wp-json\/wp\/v2\/types\/page"}],"author":[{"embeddable":true,"href":"https:\/\/magikland.pt\/es\/wp-json\/wp\/v2\/users\/1"}],"replies":[{"embeddable":true,"href":"https:\/\/magikland.pt\/es\/wp-json\/wp\/v2\/comments?post=3609"}],"version-history":[{"count":0,"href":"https:\/\/magikland.pt\/es\/wp-json\/wp\/v2\/pages\/3609\/revisions"}],"wp:attachment":[{"href":"https:\/\/magikland.pt\/es\/wp-json\/wp\/v2\/media?parent=3609"}],"curies":[{"name":"wp","href":"https:\/\/api.w.org\/{rel}","templated":true}]}}