{"id":3590,"date":"2024-04-23T16:30:25","date_gmt":"2024-04-23T16:30:25","guid":{"rendered":"https:\/\/magikland.pt\/?page_id=3590"},"modified":"2024-04-23T16:43:13","modified_gmt":"2024-04-23T16:43:13","slug":"termos-e-condicoes","status":"publish","type":"page","link":"https:\/\/magikland.pt\/es\/termos-e-condicoes\/","title":{"rendered":"T\u00e9rminos y condiciones"},"content":{"rendered":"<div data-elementor-type=\"wp-page\" data-elementor-id=\"3590\" class=\"elementor elementor-3590\">\n\t\t\t\t\t\t<section class=\"elementor-section elementor-top-section elementor-element elementor-element-ee88b81 elementor-section-boxed elementor-section-height-default elementor-section-height-default\" data-id=\"ee88b81\" data-element_type=\"section\" data-e-type=\"section\">\n\t\t\t\t\t\t<div class=\"elementor-container elementor-column-gap-default\">\n\t\t\t\t\t<div class=\"elementor-column elementor-col-100 elementor-top-column elementor-element elementor-element-0755c26\" data-id=\"0755c26\" data-element_type=\"column\" data-e-type=\"column\">\n\t\t\t<div class=\"elementor-widget-wrap elementor-element-populated\">\n\t\t\t\t\t\t<div class=\"elementor-element elementor-element-a27154e elementor-widget elementor-widget-spacer\" data-id=\"a27154e\" data-element_type=\"widget\" data-e-type=\"widget\" data-widget_type=\"spacer.default\">\n\t\t\t\t<div class=\"elementor-widget-container\">\n\t\t\t\t\t\t\t<div class=\"elementor-spacer\">\n\t\t\t<div class=\"elementor-spacer-inner\"><\/div>\n\t\t<\/div>\n\t\t\t\t\t\t<\/div>\n\t\t\t\t<\/div>\n\t\t\t\t<div class=\"elementor-element elementor-element-d4bef1c elementor-widget elementor-widget-heading\" data-id=\"d4bef1c\" data-element_type=\"widget\" data-e-type=\"widget\" data-widget_type=\"heading.default\">\n\t\t\t\t<div class=\"elementor-widget-container\">\n\t\t\t\t\t<h2 class=\"elementor-heading-title elementor-size-default\">Termos e Condi\u00e7\u00f5es<\/h2>\t\t\t\t<\/div>\n\t\t\t\t<\/div>\n\t\t\t\t\t<\/div>\n\t\t<\/div>\n\t\t\t\t\t<\/div>\n\t\t<\/section>\n\t\t\t\t<section class=\"elementor-section elementor-top-section elementor-element elementor-element-61e56ffc elementor-section-boxed elementor-section-height-default elementor-section-height-default\" data-id=\"61e56ffc\" data-element_type=\"section\" data-e-type=\"section\">\n\t\t\t\t\t\t<div class=\"elementor-container elementor-column-gap-default\">\n\t\t\t\t\t<div class=\"elementor-column elementor-col-100 elementor-top-column elementor-element elementor-element-fb6d7e3\" data-id=\"fb6d7e3\" data-element_type=\"column\" data-e-type=\"column\">\n\t\t\t<div class=\"elementor-widget-wrap elementor-element-populated\">\n\t\t\t\t\t\t<div class=\"elementor-element elementor-element-4c0f2759 elementor-widget elementor-widget-text-editor\" data-id=\"4c0f2759\" data-element_type=\"widget\" data-e-type=\"widget\" data-widget_type=\"text-editor.default\">\n\t\t\t\t<div class=\"elementor-widget-container\">\n\t\t\t\t\t\t\t\t\t\n<p>ASPETOS GERAIS<br>A utiliza\u00e7\u00e3o do Site atribui automaticamente a condi\u00e7\u00e3o de Utilizador e implica a aceita\u00e7\u00e3o, plena e sem reservas, de todas as disposi\u00e7\u00f5es inclu\u00eddas nos Termos e Condi\u00e7\u00f5es, na vers\u00e3o vigente em cada momento em que acede ao Site. Se n\u00e3o aceitar integralmente qualquer uma das condi\u00e7\u00f5es estabelecidas, n\u00e3o dever\u00e1 aceder\/utilizar o nosso Site. Ao consultar, utilizar ou descarregar o conte\u00fado do Site, est\u00e1 a comprometer-se a respeitar as condi\u00e7\u00f5es estabelecidas neste documento.<br>O Utilizador poder\u00e1 utilizar o Site, sem necessidade de qualquer registo. No entanto, algumas das funcionalidades do Site poder\u00e3o encontrar-se dependentes de registo.<\/p>\n\n\n\n<p>FUNCIONALIDADES DO SITE<\/p>\n\n\n\n<p>Utilizador Registado<br>De forma a aceder a mais funcionalidades, o Utilizador poder\u00e1 registar-se no Site.<br>O Utilizador deve preencher um formul\u00e1rio, no qual, para al\u00e9m de elementos opcionais, dever\u00e1 indicar obrigatoriamente os seguintes dados:<br>\u2013 Primeiro e \u00daltimo nome;<br>\u2013 Endere\u00e7o de correio eletr\u00f3nico;<br>\u2013 Palavra-chave.<\/p>\n\n\n\n<p>Toda a informa\u00e7\u00e3o prestada pelo Utilizador dever\u00e1 ser correta e verdadeira. O Utilizador deve atualizar a informa\u00e7\u00e3o facultada, sempre que esta sofra quaisquer altera\u00e7\u00f5es. O Utilizador responsabiliza-se exclusivamente por quaisquer declara\u00e7\u00f5es falsas, incompletas ou incorretas que preste e pelos preju\u00edzos que estas possam provocar \u00e0 empresa ou a terceiros, com a informa\u00e7\u00e3o que faculte.<br>N\u00e3o seremos respons\u00e1veis por eventuais danos decorrentes do uso indevido ou negligente da palavra-chave definida pelo Utilizador para acesso \u00e0 sua conta. O Utilizador dever\u00e1 assegurar a confidencialidade da respetiva palavra-chave.<\/p>\n\n\n\n<p>Funcionalidades da Conta<br>O Utilizador Registado ter\u00e1 acesso a uma \u00e1rea pessoal, com os dados que tiver indicado no momento do registo.<br>Atrav\u00e9s do registo, o Utilizador poder\u00e1 aceder aos dados da sua conta e proceder \u00e0 sua altera\u00e7\u00e3o ou elimina\u00e7\u00e3o definitiva. Pode consultar as suas encomendas, devolu\u00e7\u00f5es e comunica\u00e7\u00f5es com a empresa.<\/p>\n\n\n\n<p>Cat\u00e1logo de Servi\u00e7os <br>No Site encontram-se dispon\u00edveis os servi\u00e7os prestados pela LUSO PARQUES &#8211; CONSTRU\u00c7\u00c3O E EXPLORA\u00c7\u00c3O DE. com sede RUA DE SANTO ANDRE N 1279 4560-221 MARECOS, Portugal com o NIF 501986707. A informa\u00e7\u00e3o sobre os servi\u00e7os apresentada no Site destina-se apenas a fornecer um breve resumo informativo para melhor conveni\u00eancia e informa\u00e7\u00e3o do visitante.<br>Tomamos todas as provid\u00eancias para garantir que as informa\u00e7\u00f5es e os dados contidos no Site s\u00e3o precisos e atualizados, aquando da sua introdu\u00e7\u00e3o no mesmo. No entanto, n\u00e3o \u00e9 garantida a atualiza\u00e7\u00e3o ou corre\u00e7\u00e3o destas informa\u00e7\u00f5es. N\u00e3o damos qualquer garantia, expressa ou impl\u00edcita, quanto \u00e0 exatid\u00e3o ou integridade de qualquer informa\u00e7\u00e3o (incluindo informa\u00e7\u00e3o sobre bens e servi\u00e7os) inclu\u00edda no Site.<br>Reservamos o direito de alterar, apagar ou mover qualquer informa\u00e7\u00e3o no Site, a qualquer momento, sem aviso pr\u00e9vio.<\/p>\n\n\n\n<p>Os Utilizadores aceitam e reconhecem expressamente que:<br>\u2013 As fotografias apresentadas no Site t\u00eam car\u00e1ter meramente ilustrativo, devendo os Utilizadores consultar informa\u00e7\u00e3o detalhada sobre os produtos e as respetivas carater\u00edsticas\/especifica\u00e7\u00f5es;<br>\u2013 O pre\u00e7o exposto \u00e9 o pre\u00e7o recomendado, podendo, contudo, existir erros ortogr\u00e1ficos aos quais n\u00e3o podemos garantir o fornecimento caso seja essa a situa\u00e7\u00e3o;<br>\u2013 Faremos todos os esfor\u00e7os razo\u00e1veis para incluir informa\u00e7\u00e3o exata e atualizada sobre os produtos no Site. N\u00e3o obstante, n\u00e3o o podemos garantir;<br>\u2013 N\u00e3o garantimos a exist\u00eancia em stock dos artigos inclu\u00eddos no Site, nem t\u00e3o pouco assumimos a responsabilidade por artigos descontinuados.<\/p>\n\n\n\n<p>DADOS PESSOAIS E SEGURAN\u00c7A DE DADOS<br>Por favor consulte a nossa Pol\u00edtica de Privacidade e Pol\u00edtica de Cookies.<\/p>\n\n\n\n<p>PROPRIEDADE INTELECTUAL<br>Salvo disposi\u00e7\u00e3o em contr\u00e1rio, os conte\u00fados do site, texto, gr\u00e1ficos, fotografias tem direitos reservados \u00e0 empresa, sendo proibida a sua utiliza\u00e7\u00e3o, com fins comerciais ou n\u00e3o.<\/p>\n\n\n\n<p>LIMITA\u00c7\u00c3O DE RESPONSABILIDADE<br>O Utilizador ser\u00e1 respons\u00e1vel pelo conte\u00fado da informa\u00e7\u00e3o enviada ou transmitida para o Site.<br>\u00c9 do conhecimento do Utilizador que a utiliza\u00e7\u00e3o do Site poder\u00e1 n\u00e3o ser 100% segura, existindo a possibilidade das informa\u00e7\u00f5es enviadas\/recebidas serem intercetadas por partes n\u00e3o autorizadas, n\u00e3o sendo a empresa respons\u00e1vel por falhas na seguran\u00e7a das comunica\u00e7\u00f5es e n\u00e3o assumindo qualquer responsabilidade pelo uso indevido da sua informa\u00e7\u00e3o por terceiros.<br>O Utilizador reconhece que o acesso e utiliza\u00e7\u00e3o do Site poder\u00e1 sofrer interrup\u00e7\u00f5es e que a informa\u00e7\u00e3o do Site pode conter bugs, erros, falhas t\u00e9cnicas, problemas ou outras limita\u00e7\u00f5es. O Site pode conter liga\u00e7\u00f5es para outras p\u00e1ginas eletr\u00f3nicas ou ser acedido atrav\u00e9s de outras p\u00e1ginas eletr\u00f3nicas. N\u00e3o pode a empresa ser responsabilizada pelas mesmas, nomeadamente pelo controlo dos conte\u00fados, disponibilidade, operacionalidade ou desempenho.<br>Nos termos m\u00e1ximos permitidos por lei, a empresa exclui qualquer responsabilidade, direta ou indireta, pela utiliza\u00e7\u00e3o do Site.<\/p>\n\n\n\n<p>DISPOSI\u00c7\u00d5ES FINAIS<br>No caso de viola\u00e7\u00e3o dos presentes Termos e Condi\u00e7\u00f5es, reservamos o direito de exercer toda e qualquer a\u00e7\u00e3o legalmente prevista. Al\u00e9m disso, reservamos o direito de, discricionariamente, dar como terminado o acesso ou utiliza\u00e7\u00e3o do Site, com ou sem notifica\u00e7\u00e3o do Utilizador.<br>Os Termos e Condi\u00e7\u00f5es de utiliza\u00e7\u00e3o do Site s\u00e3o regulados de acordo com as leis em vigor.<br>Se qualquer provis\u00e3o aqui descrita for considerada ilegal, nula, ou por qualquer raz\u00e3o inexequ\u00edvel, essa provis\u00e3o ser\u00e1 eliminada ou reduzida nos termos da lei, n\u00e3o afetando a validade e exequibilidade das restantes provis\u00f5es.<br>Reservamos o direito de alterar os presentes Termos e Condi\u00e7\u00f5es sem aviso pr\u00e9vio. O Utilizador est\u00e1 vinculado \u00e0 vers\u00e3o dos Termos e Condi\u00e7\u00f5es no momento da sua utiliza\u00e7\u00e3o, pelo que recomendamos a sua consulta peri\u00f3dica.<\/p>\n\t\t\t\t\t\t\t\t<\/div>\n\t\t\t\t<\/div>\n\t\t\t\t\t<\/div>\n\t\t<\/div>\n\t\t\t\t\t<\/div>\n\t\t<\/section>\n\t\t\t\t<\/div>","protected":false},"excerpt":{"rendered":"<p>Termos e Condi\u00e7\u00f5es ASPETOS GERAISA utiliza\u00e7\u00e3o do Site atribui automaticamente a condi\u00e7\u00e3o de Utilizador e implica a aceita\u00e7\u00e3o, plena e sem reservas, de todas as disposi\u00e7\u00f5es inclu\u00eddas nos Termos e Condi\u00e7\u00f5es, na vers\u00e3o vigente em cada momento em que acede ao Site. Se n\u00e3o aceitar integralmente qualquer uma das condi\u00e7\u00f5es estabelecidas, n\u00e3o dever\u00e1 aceder\/utilizar o [&hellip;]<\/p>\n","protected":false},"author":1,"featured_media":0,"parent":0,"menu_order":0,"comment_status":"closed","ping_status":"closed","template":"","meta":{"site-sidebar-layout":"default","site-content-layout":"","ast-site-content-layout":"default","site-content-style":"default","site-sidebar-style":"default","ast-global-header-display":"","ast-banner-title-visibility":"","ast-main-header-display":"","ast-hfb-above-header-display":"","ast-hfb-below-header-display":"","ast-hfb-mobile-header-display":"","site-post-title":"","ast-breadcrumbs-content":"","ast-featured-img":"","footer-sml-layout":"","ast-disable-related-posts":"","theme-transparent-header-meta":"","adv-header-id-meta":"","stick-header-meta":"","header-above-stick-meta":"","header-main-stick-meta":"","header-below-stick-meta":"","astra-migrate-meta-layouts":"set","ast-page-background-enabled":"default","ast-page-background-meta":{"desktop":{"background-color":"","background-image":"","background-repeat":"repeat","background-position":"center center","background-size":"auto","background-attachment":"scroll","background-type":"","background-media":"","overlay-type":"","overlay-color":"","overlay-opacity":"","overlay-gradient":""},"tablet":{"background-color":"","background-image":"","background-repeat":"repeat","background-position":"center center","background-size":"auto","background-attachment":"scroll","background-type":"","background-media":"","overlay-type":"","overlay-color":"","overlay-opacity":"","overlay-gradient":""},"mobile":{"background-color":"","background-image":"","background-repeat":"repeat","background-position":"center center","background-size":"auto","background-attachment":"scroll","background-type":"","background-media":"","overlay-type":"","overlay-color":"","overlay-opacity":"","overlay-gradient":""}},"ast-content-background-meta":{"desktop":{"background-color":"var(--ast-global-color-5)","background-image":"","background-repeat":"repeat","background-position":"center center","background-size":"auto","background-attachment":"scroll","background-type":"","background-media":"","overlay-type":"","overlay-color":"","overlay-opacity":"","overlay-gradient":""},"tablet":{"background-color":"var(--ast-global-color-5)","background-image":"","background-repeat":"repeat","background-position":"center center","background-size":"auto","background-attachment":"scroll","background-type":"","background-media":"","overlay-type":"","overlay-color":"","overlay-opacity":"","overlay-gradient":""},"mobile":{"background-color":"var(--ast-global-color-5)","background-image":"","background-repeat":"repeat","background-position":"center center","background-size":"auto","background-attachment":"scroll","background-type":"","background-media":"","overlay-type":"","overlay-color":"","overlay-opacity":"","overlay-gradient":""}},"footnotes":""},"class_list":["post-3590","page","type-page","status-publish","hentry"],"_links":{"self":[{"href":"https:\/\/magikland.pt\/es\/wp-json\/wp\/v2\/pages\/3590","targetHints":{"allow":["GET"]}}],"collection":[{"href":"https:\/\/magikland.pt\/es\/wp-json\/wp\/v2\/pages"}],"about":[{"href":"https:\/\/magikland.pt\/es\/wp-json\/wp\/v2\/types\/page"}],"author":[{"embeddable":true,"href":"https:\/\/magikland.pt\/es\/wp-json\/wp\/v2\/users\/1"}],"replies":[{"embeddable":true,"href":"https:\/\/magikland.pt\/es\/wp-json\/wp\/v2\/comments?post=3590"}],"version-history":[{"count":0,"href":"https:\/\/magikland.pt\/es\/wp-json\/wp\/v2\/pages\/3590\/revisions"}],"wp:attachment":[{"href":"https:\/\/magikland.pt\/es\/wp-json\/wp\/v2\/media?parent=3590"}],"curies":[{"name":"wp","href":"https:\/\/api.w.org\/{rel}","templated":true}]}}