{"id":2850,"date":"2022-11-23T17:26:33","date_gmt":"2022-11-23T17:26:33","guid":{"rendered":"https:\/\/magikland.pt\/?page_id=2850"},"modified":"2023-01-25T18:00:21","modified_gmt":"2023-01-25T18:00:21","slug":"magik-splash","status":"publish","type":"page","link":"https:\/\/magikland.pt\/es\/magik-splash\/","title":{"rendered":"Magik Splash"},"content":{"rendered":"<div data-elementor-type=\"wp-page\" data-elementor-id=\"2850\" class=\"elementor elementor-2850\">\n\t\t\t\t\t\t<section class=\"elementor-section elementor-top-section elementor-element elementor-element-f60443a elementor-section-boxed elementor-section-height-default elementor-section-height-default\" data-id=\"f60443a\" data-element_type=\"section\" data-e-type=\"section\">\n\t\t\t\t\t\t<div class=\"elementor-container elementor-column-gap-default\">\n\t\t\t\t\t<div class=\"elementor-column elementor-col-100 elementor-top-column elementor-element elementor-element-671967b\" data-id=\"671967b\" data-element_type=\"column\" data-e-type=\"column\">\n\t\t\t<div class=\"elementor-widget-wrap elementor-element-populated\">\n\t\t\t\t\t\t<div class=\"elementor-element elementor-element-7befa7d elementor-widget elementor-widget-spacer\" data-id=\"7befa7d\" data-element_type=\"widget\" data-e-type=\"widget\" data-widget_type=\"spacer.default\">\n\t\t\t\t<div class=\"elementor-widget-container\">\n\t\t\t\t\t\t\t<div class=\"elementor-spacer\">\n\t\t\t<div class=\"elementor-spacer-inner\"><\/div>\n\t\t<\/div>\n\t\t\t\t\t\t<\/div>\n\t\t\t\t<\/div>\n\t\t\t\t<div class=\"elementor-element elementor-element-b60377c elementor-widget elementor-widget-video\" data-id=\"b60377c\" data-element_type=\"widget\" data-e-type=\"widget\" data-settings=\"{&quot;youtube_url&quot;:&quot;https:\\\/\\\/youtu.be\\\/Iv2xbBy1t0o&quot;,&quot;video_type&quot;:&quot;youtube&quot;,&quot;controls&quot;:&quot;yes&quot;}\" data-widget_type=\"video.default\">\n\t\t\t\t<div class=\"elementor-widget-container\">\n\t\t\t\t\t\t\t<div class=\"elementor-wrapper elementor-open-inline\">\n\t\t\t<div class=\"elementor-video\"><\/div>\t\t<\/div>\n\t\t\t\t\t\t<\/div>\n\t\t\t\t<\/div>\n\t\t\t\t\t<\/div>\n\t\t<\/div>\n\t\t\t\t\t<\/div>\n\t\t<\/section>\n\t\t\t\t<section class=\"elementor-section elementor-top-section elementor-element elementor-element-1a656676 elementor-section-content-middle elementor-reverse-mobile elementor-section-boxed elementor-section-height-default elementor-section-height-default\" data-id=\"1a656676\" data-element_type=\"section\" data-e-type=\"section\">\n\t\t\t\t\t\t<div class=\"elementor-container elementor-column-gap-no\">\n\t\t\t\t\t<div class=\"elementor-column elementor-col-33 elementor-top-column elementor-element elementor-element-5ce657c1\" data-id=\"5ce657c1\" data-element_type=\"column\" data-e-type=\"column\">\n\t\t\t<div class=\"elementor-widget-wrap elementor-element-populated\">\n\t\t\t\t\t\t<div class=\"elementor-element elementor-element-41434132 elementor-widget elementor-widget-heading\" data-id=\"41434132\" data-element_type=\"widget\" data-e-type=\"widget\" data-widget_type=\"heading.default\">\n\t\t\t\t<div class=\"elementor-widget-container\">\n\t\t\t\t\t<h4 class=\"elementor-heading-title elementor-size-default\">MAGIKSPLASH<\/h4>\t\t\t\t<\/div>\n\t\t\t\t<\/div>\n\t\t\t\t\t<\/div>\n\t\t<\/div>\n\t\t\t\t<div class=\"elementor-column elementor-col-66 elementor-top-column elementor-element elementor-element-3cb64a62\" data-id=\"3cb64a62\" data-element_type=\"column\" data-e-type=\"column\">\n\t\t\t<div class=\"elementor-widget-wrap elementor-element-populated\">\n\t\t\t\t\t\t<div class=\"elementor-element elementor-element-b2a0c20 elementor-widget elementor-widget-spacer\" data-id=\"b2a0c20\" data-element_type=\"widget\" data-e-type=\"widget\" data-widget_type=\"spacer.default\">\n\t\t\t\t<div class=\"elementor-widget-container\">\n\t\t\t\t\t\t\t<div class=\"elementor-spacer\">\n\t\t\t<div class=\"elementor-spacer-inner\"><\/div>\n\t\t<\/div>\n\t\t\t\t\t\t<\/div>\n\t\t\t\t<\/div>\n\t\t\t\t<div class=\"elementor-element elementor-element-63459dcc elementor-widget elementor-widget-image\" data-id=\"63459dcc\" data-element_type=\"widget\" data-e-type=\"widget\" data-widget_type=\"image.default\">\n\t\t\t\t<div class=\"elementor-widget-container\">\n\t\t\t\t\t\t\t\t\t\t\t\t\t\t\t<img fetchpriority=\"high\" decoding=\"async\" width=\"1024\" height=\"1024\" src=\"https:\/\/magikland.pt\/wp-content\/uploads\/2022\/11\/Piscina-escorregas-02-1024x1024.png\" class=\"attachment-large size-large wp-image-2834\" alt=\"\" srcset=\"https:\/\/magikland.pt\/wp-content\/uploads\/2022\/11\/Piscina-escorregas-02-1024x1024.png 1024w, https:\/\/magikland.pt\/wp-content\/uploads\/2022\/11\/Piscina-escorregas-02-300x300.png 300w, https:\/\/magikland.pt\/wp-content\/uploads\/2022\/11\/Piscina-escorregas-02-150x150.png 150w, https:\/\/magikland.pt\/wp-content\/uploads\/2022\/11\/Piscina-escorregas-02-768x768.png 768w, https:\/\/magikland.pt\/wp-content\/uploads\/2022\/11\/Piscina-escorregas-02-12x12.png 12w, https:\/\/magikland.pt\/wp-content\/uploads\/2022\/11\/Piscina-escorregas-02.png 1417w\" sizes=\"(max-width: 1024px) 100vw, 1024px\" \/>\t\t\t\t\t\t\t\t\t\t\t\t\t\t\t<\/div>\n\t\t\t\t<\/div>\n\t\t\t\t\t<\/div>\n\t\t<\/div>\n\t\t\t\t\t<\/div>\n\t\t<\/section>\n\t\t\t\t<section class=\"elementor-section elementor-top-section elementor-element elementor-element-f5be1a4 elementor-section-boxed elementor-section-height-default elementor-section-height-default\" data-id=\"f5be1a4\" data-element_type=\"section\" data-e-type=\"section\">\n\t\t\t\t\t\t<div class=\"elementor-container elementor-column-gap-default\">\n\t\t\t\t\t<div class=\"elementor-column elementor-col-33 elementor-top-column elementor-element elementor-element-bb7ccf8\" data-id=\"bb7ccf8\" data-element_type=\"column\" data-e-type=\"column\">\n\t\t\t<div class=\"elementor-widget-wrap elementor-element-populated\">\n\t\t\t\t\t\t<div class=\"elementor-element elementor-element-b7508f4 elementor-widget elementor-widget-text-editor\" data-id=\"b7508f4\" data-element_type=\"widget\" data-e-type=\"widget\" data-widget_type=\"text-editor.default\">\n\t\t\t\t<div class=\"elementor-widget-container\">\n\t\t\t\t\t\t\t\t\t<p id=\"u7746-7\"><span id=\"u7746-6\"><strong>Ficha T\u00e9cnica:<\/strong><\/span><\/p><p><span id=\"u7746-6\"><strong>Dimensiones<\/strong><\/span><\/p><ul><li>Comprimento: 27,30m<\/li><li>Largura: 17,5m<\/li><li>Profundidade M\u00e1xima: 1,20m<\/li><li><span id=\"u7746-9\">Lota\u00e7\u00e3o M\u00e1xima: 500 pessoas<\/span><\/li><\/ul><p><strong>Normas:<\/strong><br \/><span id=\"u98135-27\"><\/span><\/p><ul><li>Altura minima: 1,20m;<\/li><li>Peso m\u00e1ximo: 120kg;<\/li><li>Idade minima: 12 anos;<\/li><li>Dist\u00e2ncia: 15cm;<\/li><li>Profundidade: 1 m;<\/li><li>Abandonar a \u00e1rea pela esquerda;<\/li><li>Posi\u00e7\u00e3o deslizante obrigat\u00f3ria;<\/li><li>Proibido uso de joias;<\/li><li>Proibido uso de roupas com pit\u00f5es ou bot\u00f5es de metal;<\/li><\/ul>\t\t\t\t\t\t\t\t<\/div>\n\t\t\t\t<\/div>\n\t\t\t\t\t<\/div>\n\t\t<\/div>\n\t\t\t\t<div class=\"elementor-column elementor-col-66 elementor-top-column elementor-element elementor-element-07f80c9\" data-id=\"07f80c9\" data-element_type=\"column\" data-e-type=\"column\">\n\t\t\t<div class=\"elementor-widget-wrap elementor-element-populated\">\n\t\t\t\t\t\t<div class=\"elementor-element elementor-element-88b7d44 elementor-widget elementor-widget-image-gallery\" data-id=\"88b7d44\" data-element_type=\"widget\" data-e-type=\"widget\" data-widget_type=\"image-gallery.default\">\n\t\t\t\t<div class=\"elementor-widget-container\">\n\t\t\t\t\t\t\t<div class=\"elementor-image-gallery\">\n\t\t\t<div id='gallery-1' class='gallery galleryid-2850 gallery-columns-2 gallery-size-medium'><figure class='gallery-item'>\n\t\t\t<div class='gallery-icon landscape'>\n\t\t\t\t<a data-elementor-open-lightbox=\"yes\" data-elementor-lightbox-slideshow=\"88b7d44\" data-elementor-lightbox-title=\"WhatsApp Image 2022-11-24 at 11.04.53 (4)\" data-e-action-hash=\"#elementor-action%3Aaction%3Dlightbox%26settings%3DeyJpZCI6Mjg2MiwidXJsIjoiaHR0cHM6XC9cL21hZ2lrbGFuZC5wdFwvd3AtY29udGVudFwvdXBsb2Fkc1wvMjAyMlwvMTFcL1doYXRzQXBwLUltYWdlLTIwMjItMTEtMjQtYXQtMTEuMDQuNTMtNC5qcGVnIiwic2xpZGVzaG93IjoiODhiN2Q0NCJ9\" href='https:\/\/magikland.pt\/wp-content\/uploads\/2022\/11\/WhatsApp-Image-2022-11-24-at-11.04.53-4.jpeg'><img decoding=\"async\" width=\"300\" height=\"225\" src=\"https:\/\/magikland.pt\/wp-content\/uploads\/2022\/11\/WhatsApp-Image-2022-11-24-at-11.04.53-4-300x225.jpeg\" class=\"attachment-medium size-medium\" alt=\"\" srcset=\"https:\/\/magikland.pt\/wp-content\/uploads\/2022\/11\/WhatsApp-Image-2022-11-24-at-11.04.53-4-300x225.jpeg 300w, https:\/\/magikland.pt\/wp-content\/uploads\/2022\/11\/WhatsApp-Image-2022-11-24-at-11.04.53-4-768x576.jpeg 768w, https:\/\/magikland.pt\/wp-content\/uploads\/2022\/11\/WhatsApp-Image-2022-11-24-at-11.04.53-4-16x12.jpeg 16w, https:\/\/magikland.pt\/wp-content\/uploads\/2022\/11\/WhatsApp-Image-2022-11-24-at-11.04.53-4.jpeg 1024w\" sizes=\"(max-width: 300px) 100vw, 300px\" \/><\/a>\n\t\t\t<\/div><\/figure><figure class='gallery-item'>\n\t\t\t<div class='gallery-icon landscape'>\n\t\t\t\t<a data-elementor-open-lightbox=\"yes\" data-elementor-lightbox-slideshow=\"88b7d44\" data-elementor-lightbox-title=\"WhatsApp Image 2022-11-24 at 11.04.53 (18)\" data-e-action-hash=\"#elementor-action%3Aaction%3Dlightbox%26settings%3DeyJpZCI6Mjg2NiwidXJsIjoiaHR0cHM6XC9cL21hZ2lrbGFuZC5wdFwvd3AtY29udGVudFwvdXBsb2Fkc1wvMjAyMlwvMTFcL1doYXRzQXBwLUltYWdlLTIwMjItMTEtMjQtYXQtMTEuMDQuNTMtMTguanBlZyIsInNsaWRlc2hvdyI6Ijg4YjdkNDQifQ%3D%3D\" href='https:\/\/magikland.pt\/wp-content\/uploads\/2022\/11\/WhatsApp-Image-2022-11-24-at-11.04.53-18.jpeg'><img decoding=\"async\" width=\"300\" height=\"234\" src=\"https:\/\/magikland.pt\/wp-content\/uploads\/2022\/11\/WhatsApp-Image-2022-11-24-at-11.04.53-18-300x234.jpeg\" class=\"attachment-medium size-medium\" alt=\"\" srcset=\"https:\/\/magikland.pt\/wp-content\/uploads\/2022\/11\/WhatsApp-Image-2022-11-24-at-11.04.53-18-300x234.jpeg 300w, https:\/\/magikland.pt\/wp-content\/uploads\/2022\/11\/WhatsApp-Image-2022-11-24-at-11.04.53-18-768x599.jpeg 768w, https:\/\/magikland.pt\/wp-content\/uploads\/2022\/11\/WhatsApp-Image-2022-11-24-at-11.04.53-18-15x12.jpeg 15w, https:\/\/magikland.pt\/wp-content\/uploads\/2022\/11\/WhatsApp-Image-2022-11-24-at-11.04.53-18.jpeg 916w\" sizes=\"(max-width: 300px) 100vw, 300px\" \/><\/a>\n\t\t\t<\/div><\/figure><figure class='gallery-item'>\n\t\t\t<div class='gallery-icon landscape'>\n\t\t\t\t<a data-elementor-open-lightbox=\"yes\" data-elementor-lightbox-slideshow=\"88b7d44\" data-elementor-lightbox-title=\"WhatsApp Image 2022-11-24 at 11.04.53 (7)\" data-e-action-hash=\"#elementor-action%3Aaction%3Dlightbox%26settings%3DeyJpZCI6Mjg2NywidXJsIjoiaHR0cHM6XC9cL21hZ2lrbGFuZC5wdFwvd3AtY29udGVudFwvdXBsb2Fkc1wvMjAyMlwvMTFcL1doYXRzQXBwLUltYWdlLTIwMjItMTEtMjQtYXQtMTEuMDQuNTMtNy0xLmpwZWciLCJzbGlkZXNob3ciOiI4OGI3ZDQ0In0%3D\" href='https:\/\/magikland.pt\/wp-content\/uploads\/2022\/11\/WhatsApp-Image-2022-11-24-at-11.04.53-7-1.jpeg'><img loading=\"lazy\" decoding=\"async\" width=\"300\" height=\"225\" src=\"https:\/\/magikland.pt\/wp-content\/uploads\/2022\/11\/WhatsApp-Image-2022-11-24-at-11.04.53-7-1-300x225.jpeg\" class=\"attachment-medium size-medium\" alt=\"\" srcset=\"https:\/\/magikland.pt\/wp-content\/uploads\/2022\/11\/WhatsApp-Image-2022-11-24-at-11.04.53-7-1-300x225.jpeg 300w, https:\/\/magikland.pt\/wp-content\/uploads\/2022\/11\/WhatsApp-Image-2022-11-24-at-11.04.53-7-1-768x576.jpeg 768w, https:\/\/magikland.pt\/wp-content\/uploads\/2022\/11\/WhatsApp-Image-2022-11-24-at-11.04.53-7-1-16x12.jpeg 16w, https:\/\/magikland.pt\/wp-content\/uploads\/2022\/11\/WhatsApp-Image-2022-11-24-at-11.04.53-7-1.jpeg 1024w\" sizes=\"(max-width: 300px) 100vw, 300px\" \/><\/a>\n\t\t\t<\/div><\/figure><figure class='gallery-item'>\n\t\t\t<div class='gallery-icon landscape'>\n\t\t\t\t<a data-elementor-open-lightbox=\"yes\" data-elementor-lightbox-slideshow=\"88b7d44\" data-elementor-lightbox-title=\"WhatsApp Image 2022-11-24 at 11.04.53 (8)\" data-e-action-hash=\"#elementor-action%3Aaction%3Dlightbox%26settings%3DeyJpZCI6Mjg2NSwidXJsIjoiaHR0cHM6XC9cL21hZ2lrbGFuZC5wdFwvd3AtY29udGVudFwvdXBsb2Fkc1wvMjAyMlwvMTFcL1doYXRzQXBwLUltYWdlLTIwMjItMTEtMjQtYXQtMTEuMDQuNTMtOC5qcGVnIiwic2xpZGVzaG93IjoiODhiN2Q0NCJ9\" href='https:\/\/magikland.pt\/wp-content\/uploads\/2022\/11\/WhatsApp-Image-2022-11-24-at-11.04.53-8.jpeg'><img loading=\"lazy\" decoding=\"async\" width=\"300\" height=\"225\" src=\"https:\/\/magikland.pt\/wp-content\/uploads\/2022\/11\/WhatsApp-Image-2022-11-24-at-11.04.53-8-300x225.jpeg\" class=\"attachment-medium size-medium\" alt=\"\" srcset=\"https:\/\/magikland.pt\/wp-content\/uploads\/2022\/11\/WhatsApp-Image-2022-11-24-at-11.04.53-8-300x225.jpeg 300w, https:\/\/magikland.pt\/wp-content\/uploads\/2022\/11\/WhatsApp-Image-2022-11-24-at-11.04.53-8-768x576.jpeg 768w, https:\/\/magikland.pt\/wp-content\/uploads\/2022\/11\/WhatsApp-Image-2022-11-24-at-11.04.53-8-16x12.jpeg 16w, https:\/\/magikland.pt\/wp-content\/uploads\/2022\/11\/WhatsApp-Image-2022-11-24-at-11.04.53-8.jpeg 1024w\" sizes=\"(max-width: 300px) 100vw, 300px\" \/><\/a>\n\t\t\t<\/div><\/figure>\n\t\t<\/div>\n\t\t<\/div>\n\t\t\t\t\t\t<\/div>\n\t\t\t\t<\/div>\n\t\t\t\t\t<\/div>\n\t\t<\/div>\n\t\t\t\t\t<\/div>\n\t\t<\/section>\n\t\t\t\t<section class=\"elementor-section elementor-top-section elementor-element elementor-element-87970ec elementor-section-boxed elementor-section-height-default elementor-section-height-default\" data-id=\"87970ec\" data-element_type=\"section\" data-e-type=\"section\" data-settings=\"{&quot;background_background&quot;:&quot;classic&quot;}\">\n\t\t\t\t\t\t<div class=\"elementor-container elementor-column-gap-default\">\n\t\t\t\t\t<div class=\"elementor-column elementor-col-100 elementor-top-column elementor-element elementor-element-f4cb745\" data-id=\"f4cb745\" data-element_type=\"column\" data-e-type=\"column\">\n\t\t\t<div class=\"elementor-widget-wrap\">\n\t\t\t\t\t\t\t<\/div>\n\t\t<\/div>\n\t\t\t\t\t<\/div>\n\t\t<\/section>\n\t\t\t\t<\/div>","protected":false},"excerpt":{"rendered":"<p>MAGIKSPLASH Ficha T\u00e9cnica: Dimens\u00f5es: Comprimento: 27,30m Largura: 17,5m Profundidade M\u00e1xima: 1,20m Lota\u00e7\u00e3o M\u00e1xima: 500 pessoas Normas: Altura minima: 1,20m; Peso m\u00e1ximo: 120kg; Idade minima: 12 anos; Dist\u00e2ncia: 15cm; Profundidade: 1 m; Abandonar a \u00e1rea pela esquerda; Posi\u00e7\u00e3o deslizante obrigat\u00f3ria; Proibido uso de joias; Proibido uso de roupas com pit\u00f5es ou bot\u00f5es de metal;<\/p>","protected":false},"author":2,"featured_media":0,"parent":0,"menu_order":0,"comment_status":"closed","ping_status":"closed","template":"","meta":{"site-sidebar-layout":"no-sidebar","site-content-layout":"page-builder","ast-site-content-layout":"default","site-content-style":"default","site-sidebar-style":"default","ast-global-header-display":"","ast-banner-title-visibility":"","ast-main-header-display":"","ast-hfb-above-header-display":"","ast-hfb-below-header-display":"","ast-hfb-mobile-header-display":"","site-post-title":"disabled","ast-breadcrumbs-content":"","ast-featured-img":"disabled","footer-sml-layout":"","ast-disable-related-posts":"","theme-transparent-header-meta":"default","adv-header-id-meta":"","stick-header-meta":"","header-above-stick-meta":"","header-main-stick-meta":"","header-below-stick-meta":"","astra-migrate-meta-layouts":"default","ast-page-background-enabled":"default","ast-page-background-meta":{"desktop":{"background-color":"","background-image":"","background-repeat":"repeat","background-position":"center center","background-size":"auto","background-attachment":"scroll","background-type":"","background-media":"","overlay-type":"","overlay-color":"","overlay-opacity":"","overlay-gradient":""},"tablet":{"background-color":"","background-image":"","background-repeat":"repeat","background-position":"center center","background-size":"auto","background-attachment":"scroll","background-type":"","background-media":"","overlay-type":"","overlay-color":"","overlay-opacity":"","overlay-gradient":""},"mobile":{"background-color":"","background-image":"","background-repeat":"repeat","background-position":"center center","background-size":"auto","background-attachment":"scroll","background-type":"","background-media":"","overlay-type":"","overlay-color":"","overlay-opacity":"","overlay-gradient":""}},"ast-content-background-meta":{"desktop":{"background-color":"var(--ast-global-color-5)","background-image":"","background-repeat":"repeat","background-position":"center center","background-size":"auto","background-attachment":"scroll","background-type":"","background-media":"","overlay-type":"","overlay-color":"","overlay-opacity":"","overlay-gradient":""},"tablet":{"background-color":"var(--ast-global-color-5)","background-image":"","background-repeat":"repeat","background-position":"center center","background-size":"auto","background-attachment":"scroll","background-type":"","background-media":"","overlay-type":"","overlay-color":"","overlay-opacity":"","overlay-gradient":""},"mobile":{"background-color":"var(--ast-global-color-5)","background-image":"","background-repeat":"repeat","background-position":"center center","background-size":"auto","background-attachment":"scroll","background-type":"","background-media":"","overlay-type":"","overlay-color":"","overlay-opacity":"","overlay-gradient":""}},"footnotes":""},"class_list":["post-2850","page","type-page","status-publish","hentry"],"_links":{"self":[{"href":"https:\/\/magikland.pt\/es\/wp-json\/wp\/v2\/pages\/2850","targetHints":{"allow":["GET"]}}],"collection":[{"href":"https:\/\/magikland.pt\/es\/wp-json\/wp\/v2\/pages"}],"about":[{"href":"https:\/\/magikland.pt\/es\/wp-json\/wp\/v2\/types\/page"}],"author":[{"embeddable":true,"href":"https:\/\/magikland.pt\/es\/wp-json\/wp\/v2\/users\/2"}],"replies":[{"embeddable":true,"href":"https:\/\/magikland.pt\/es\/wp-json\/wp\/v2\/comments?post=2850"}],"version-history":[{"count":0,"href":"https:\/\/magikland.pt\/es\/wp-json\/wp\/v2\/pages\/2850\/revisions"}],"wp:attachment":[{"href":"https:\/\/magikland.pt\/es\/wp-json\/wp\/v2\/media?parent=2850"}],"curies":[{"name":"wp","href":"https:\/\/api.w.org\/{rel}","templated":true}]}}