{"id":2305,"date":"2022-03-14T12:01:04","date_gmt":"2022-03-14T12:01:04","guid":{"rendered":"https:\/\/magikland.pt\/?page_id=2305"},"modified":"2024-04-11T16:00:14","modified_gmt":"2024-04-11T16:00:14","slug":"areas-tematicas","status":"publish","type":"page","link":"https:\/\/magikland.pt\/es\/areas-tematicas\/","title":{"rendered":"\u00c1reas Tem\u00e1ticas"},"content":{"rendered":"<div data-elementor-type=\"wp-page\" data-elementor-id=\"2305\" class=\"elementor elementor-2305\">\n\t\t\t\t\t\t<section class=\"elementor-section elementor-top-section elementor-element elementor-element-c2b7509 elementor-section-boxed elementor-section-height-default elementor-section-height-default\" data-id=\"c2b7509\" data-element_type=\"section\" data-e-type=\"section\">\n\t\t\t\t\t\t<div class=\"elementor-container elementor-column-gap-default\">\n\t\t\t\t\t<div class=\"elementor-column elementor-col-100 elementor-top-column elementor-element elementor-element-ecf488a\" data-id=\"ecf488a\" data-element_type=\"column\" data-e-type=\"column\">\n\t\t\t<div class=\"elementor-widget-wrap elementor-element-populated\">\n\t\t\t\t\t\t<div class=\"elementor-element elementor-element-9a02e96 elementor-widget elementor-widget-spacer\" data-id=\"9a02e96\" data-element_type=\"widget\" data-e-type=\"widget\" data-widget_type=\"spacer.default\">\n\t\t\t\t<div class=\"elementor-widget-container\">\n\t\t\t\t\t\t\t<div class=\"elementor-spacer\">\n\t\t\t<div class=\"elementor-spacer-inner\"><\/div>\n\t\t<\/div>\n\t\t\t\t\t\t<\/div>\n\t\t\t\t<\/div>\n\t\t\t\t\t<\/div>\n\t\t<\/div>\n\t\t\t\t\t<\/div>\n\t\t<\/section>\n\t\t\t\t<section class=\"elementor-section elementor-top-section elementor-element elementor-element-75c09e9 elementor-section-content-middle elementor-section-boxed elementor-section-height-default elementor-section-height-default\" data-id=\"75c09e9\" data-element_type=\"section\" data-e-type=\"section\">\n\t\t\t\t\t\t<div class=\"elementor-container elementor-column-gap-no\">\n\t\t\t\t\t<div class=\"elementor-column elementor-col-100 elementor-top-column elementor-element elementor-element-b6c84af\" data-id=\"b6c84af\" data-element_type=\"column\" data-e-type=\"column\">\n\t\t\t<div class=\"elementor-widget-wrap elementor-element-populated\">\n\t\t\t\t\t\t<div class=\"elementor-element elementor-element-210dd9c elementor-widget elementor-widget-heading\" data-id=\"210dd9c\" data-element_type=\"widget\" data-e-type=\"widget\" data-widget_type=\"heading.default\">\n\t\t\t\t<div class=\"elementor-widget-container\">\n\t\t\t\t\t<h4 class=\"elementor-heading-title elementor-size-default\">\u00c1REAS TEM\u00c1TICAS<\/h4>\t\t\t\t<\/div>\n\t\t\t\t<\/div>\n\t\t\t\t<div class=\"elementor-element elementor-element-8af6143 elementor-widget-divider--view-line elementor-widget elementor-widget-divider\" data-id=\"8af6143\" data-element_type=\"widget\" data-e-type=\"widget\" data-widget_type=\"divider.default\">\n\t\t\t\t<div class=\"elementor-widget-container\">\n\t\t\t\t\t\t\t<div class=\"elementor-divider\">\n\t\t\t<span class=\"elementor-divider-separator\">\n\t\t\t\t\t\t<\/span>\n\t\t<\/div>\n\t\t\t\t\t\t<\/div>\n\t\t\t\t<\/div>\n\t\t\t\t<div class=\"elementor-element elementor-element-ad71f20 elementor-widget elementor-widget-text-editor\" data-id=\"ad71f20\" data-element_type=\"widget\" data-e-type=\"widget\" data-widget_type=\"text-editor.default\">\n\t\t\t\t<div class=\"elementor-widget-container\">\n\t\t\t\t\t\t\t\t\t<p>Al transponer la entrada, el visitante puede deslumbrarse y conocer la verdadera tierra de diversi\u00f3n, siete hect\u00e1reas se dividen en seis \u00e1reas tem\u00e1ticas, lugares donde puede disfrutar de momentos fant\u00e1sticos en familia, y con espacios verdes pensados al detalle para proporcionar un d\u00eda relajante y en pleno contacto con la naturaleza.<\/p>\t\t\t\t\t\t\t\t<\/div>\n\t\t\t\t<\/div>\n\t\t\t\t<section class=\"elementor-section elementor-inner-section elementor-element elementor-element-7546daa elementor-section-content-middle elementor-section-boxed elementor-section-height-default elementor-section-height-default\" data-id=\"7546daa\" data-element_type=\"section\" data-e-type=\"section\">\n\t\t\t\t\t\t<div class=\"elementor-container elementor-column-gap-no\">\n\t\t\t\t\t<div class=\"elementor-column elementor-col-33 elementor-inner-column elementor-element elementor-element-42df713\" data-id=\"42df713\" data-element_type=\"column\" data-e-type=\"column\" data-settings=\"{&quot;background_background&quot;:&quot;classic&quot;}\">\n\t\t\t<div class=\"elementor-widget-wrap elementor-element-populated\">\n\t\t\t\t\t\t<div class=\"elementor-element elementor-element-f592d78 elementor-position-top elementor-widget elementor-widget-image-box\" data-id=\"f592d78\" data-element_type=\"widget\" data-e-type=\"widget\" data-widget_type=\"image-box.default\">\n\t\t\t\t<div class=\"elementor-widget-container\">\n\t\t\t\t\t<div class=\"elementor-image-box-wrapper\"><figure class=\"elementor-image-box-img\"><a href=\"https:\/\/magikland.pt\/es\/africa-3\/\" tabindex=\"-1\"><img fetchpriority=\"high\" decoding=\"async\" width=\"1536\" height=\"852\" src=\"https:\/\/magikland.pt\/wp-content\/uploads\/2022\/11\/2022_04_Magikland_Mapa_Areas-Soltas-Africa-2-1536x852.png\" class=\"elementor-animation-grow attachment-1536x1536 size-1536x1536 wp-image-2826\" alt=\"\" srcset=\"https:\/\/magikland.pt\/wp-content\/uploads\/2022\/11\/2022_04_Magikland_Mapa_Areas-Soltas-Africa-2-1536x852.png 1536w, https:\/\/magikland.pt\/wp-content\/uploads\/2022\/11\/2022_04_Magikland_Mapa_Areas-Soltas-Africa-2-300x166.png 300w, https:\/\/magikland.pt\/wp-content\/uploads\/2022\/11\/2022_04_Magikland_Mapa_Areas-Soltas-Africa-2-1024x568.png 1024w, https:\/\/magikland.pt\/wp-content\/uploads\/2022\/11\/2022_04_Magikland_Mapa_Areas-Soltas-Africa-2-768x426.png 768w, https:\/\/magikland.pt\/wp-content\/uploads\/2022\/11\/2022_04_Magikland_Mapa_Areas-Soltas-Africa-2-2048x1136.png 2048w, https:\/\/magikland.pt\/wp-content\/uploads\/2022\/11\/2022_04_Magikland_Mapa_Areas-Soltas-Africa-2-18x10.png 18w\" sizes=\"(max-width: 1536px) 100vw, 1536px\" \/><\/a><\/figure><div class=\"elementor-image-box-content\"><h3 class=\"elementor-image-box-title\"><a href=\"https:\/\/magikland.pt\/es\/africa-3\/\">\u00c1FRICA<\/a><\/h3><p class=\"elementor-image-box-description\">   \n<\/p><\/div><\/div>\t\t\t\t<\/div>\n\t\t\t\t<\/div>\n\t\t\t\t\t<\/div>\n\t\t<\/div>\n\t\t\t\t<div class=\"elementor-column elementor-col-33 elementor-inner-column elementor-element elementor-element-8231dc9\" data-id=\"8231dc9\" data-element_type=\"column\" data-e-type=\"column\" data-settings=\"{&quot;background_background&quot;:&quot;classic&quot;}\">\n\t\t\t<div class=\"elementor-widget-wrap elementor-element-populated\">\n\t\t\t\t\t\t<div class=\"elementor-element elementor-element-b1e5b41 elementor-position-top elementor-widget elementor-widget-image-box\" data-id=\"b1e5b41\" data-element_type=\"widget\" data-e-type=\"widget\" data-widget_type=\"image-box.default\">\n\t\t\t\t<div class=\"elementor-widget-container\">\n\t\t\t\t\t<div class=\"elementor-image-box-wrapper\"><figure class=\"elementor-image-box-img\"><a href=\"https:\/\/magikland.pt\/es\/africa\/\" tabindex=\"-1\"><img decoding=\"async\" width=\"1419\" height=\"1536\" src=\"https:\/\/magikland.pt\/wp-content\/uploads\/2022\/11\/2022_04_Magikland_Mapa_Areas-Soltas-Mundo-Confusao-1419x1536.png\" class=\"elementor-animation-grow attachment-1536x1536 size-1536x1536 wp-image-2830\" alt=\"\" srcset=\"https:\/\/magikland.pt\/wp-content\/uploads\/2022\/11\/2022_04_Magikland_Mapa_Areas-Soltas-Mundo-Confusao-1419x1536.png 1419w, https:\/\/magikland.pt\/wp-content\/uploads\/2022\/11\/2022_04_Magikland_Mapa_Areas-Soltas-Mundo-Confusao-277x300.png 277w, https:\/\/magikland.pt\/wp-content\/uploads\/2022\/11\/2022_04_Magikland_Mapa_Areas-Soltas-Mundo-Confusao-946x1024.png 946w, https:\/\/magikland.pt\/wp-content\/uploads\/2022\/11\/2022_04_Magikland_Mapa_Areas-Soltas-Mundo-Confusao-768x832.png 768w, https:\/\/magikland.pt\/wp-content\/uploads\/2022\/11\/2022_04_Magikland_Mapa_Areas-Soltas-Mundo-Confusao-1891x2048.png 1891w, https:\/\/magikland.pt\/wp-content\/uploads\/2022\/11\/2022_04_Magikland_Mapa_Areas-Soltas-Mundo-Confusao-11x12.png 11w, https:\/\/magikland.pt\/wp-content\/uploads\/2022\/11\/2022_04_Magikland_Mapa_Areas-Soltas-Mundo-Confusao.png 1968w\" sizes=\"(max-width: 1419px) 100vw, 1419px\" \/><\/a><\/figure><div class=\"elementor-image-box-content\"><h3 class=\"elementor-image-box-title\"><a href=\"https:\/\/magikland.pt\/es\/africa\/\">MUNDO DE LA CONFUSI\u00d3N<\/a><\/h3><\/div><\/div>\t\t\t\t<\/div>\n\t\t\t\t<\/div>\n\t\t\t\t\t<\/div>\n\t\t<\/div>\n\t\t\t\t<div class=\"elementor-column elementor-col-33 elementor-inner-column elementor-element elementor-element-cd1d729\" data-id=\"cd1d729\" data-element_type=\"column\" data-e-type=\"column\" data-settings=\"{&quot;background_background&quot;:&quot;classic&quot;}\">\n\t\t\t<div class=\"elementor-widget-wrap elementor-element-populated\">\n\t\t\t\t\t\t<div class=\"elementor-element elementor-element-c9d0566 elementor-position-top elementor-widget elementor-widget-image-box\" data-id=\"c9d0566\" data-element_type=\"widget\" data-e-type=\"widget\" data-widget_type=\"image-box.default\">\n\t\t\t\t<div class=\"elementor-widget-container\">\n\t\t\t\t\t<div class=\"elementor-image-box-wrapper\"><figure class=\"elementor-image-box-img\"><a href=\"https:\/\/magikland.pt\/es\/africa-2\/\" tabindex=\"-1\"><img decoding=\"async\" width=\"2400\" height=\"1744\" src=\"https:\/\/magikland.pt\/wp-content\/uploads\/2024\/04\/2024_03_Magikland_Mapa_Areas-Soltas-Aldeia-Medieval.png\" class=\"elementor-animation-grow attachment-full size-full wp-image-3517\" alt=\"\" srcset=\"https:\/\/magikland.pt\/wp-content\/uploads\/2024\/04\/2024_03_Magikland_Mapa_Areas-Soltas-Aldeia-Medieval.png 2400w, https:\/\/magikland.pt\/wp-content\/uploads\/2024\/04\/2024_03_Magikland_Mapa_Areas-Soltas-Aldeia-Medieval-300x218.png 300w, https:\/\/magikland.pt\/wp-content\/uploads\/2024\/04\/2024_03_Magikland_Mapa_Areas-Soltas-Aldeia-Medieval-1024x744.png 1024w, https:\/\/magikland.pt\/wp-content\/uploads\/2024\/04\/2024_03_Magikland_Mapa_Areas-Soltas-Aldeia-Medieval-768x558.png 768w, https:\/\/magikland.pt\/wp-content\/uploads\/2024\/04\/2024_03_Magikland_Mapa_Areas-Soltas-Aldeia-Medieval-1536x1116.png 1536w, https:\/\/magikland.pt\/wp-content\/uploads\/2024\/04\/2024_03_Magikland_Mapa_Areas-Soltas-Aldeia-Medieval-2048x1488.png 2048w, https:\/\/magikland.pt\/wp-content\/uploads\/2024\/04\/2024_03_Magikland_Mapa_Areas-Soltas-Aldeia-Medieval-18x12.png 18w\" sizes=\"(max-width: 2400px) 100vw, 2400px\" \/><\/a><\/figure><div class=\"elementor-image-box-content\"><h3 class=\"elementor-image-box-title\"><a href=\"https:\/\/magikland.pt\/es\/africa-2\/\">ALDEA MEDIEVAL<\/a><\/h3><\/div><\/div>\t\t\t\t<\/div>\n\t\t\t\t<\/div>\n\t\t\t\t\t<\/div>\n\t\t<\/div>\n\t\t\t\t\t<\/div>\n\t\t<\/section>\n\t\t\t\t<section class=\"elementor-section elementor-inner-section elementor-element elementor-element-a2aed1a elementor-section-content-middle elementor-section-boxed elementor-section-height-default elementor-section-height-default\" data-id=\"a2aed1a\" data-element_type=\"section\" data-e-type=\"section\">\n\t\t\t\t\t\t<div class=\"elementor-container elementor-column-gap-no\">\n\t\t\t\t\t<div class=\"elementor-column elementor-col-33 elementor-inner-column elementor-element elementor-element-bd80c74\" data-id=\"bd80c74\" data-element_type=\"column\" data-e-type=\"column\" data-settings=\"{&quot;background_background&quot;:&quot;classic&quot;}\">\n\t\t\t<div class=\"elementor-widget-wrap elementor-element-populated\">\n\t\t\t\t\t\t<div class=\"elementor-element elementor-element-9279b11 elementor-position-top elementor-widget elementor-widget-image-box\" data-id=\"9279b11\" data-element_type=\"widget\" data-e-type=\"widget\" data-widget_type=\"image-box.default\">\n\t\t\t\t<div class=\"elementor-widget-container\">\n\t\t\t\t\t<div class=\"elementor-image-box-wrapper\"><figure class=\"elementor-image-box-img\"><a href=\"https:\/\/magikland.pt\/es\/refugio-dos-piratas\/\" tabindex=\"-1\"><img loading=\"lazy\" decoding=\"async\" width=\"1536\" height=\"1345\" src=\"https:\/\/magikland.pt\/wp-content\/uploads\/2024\/04\/2024_03_Magikland_Mapa_Areas-Soltas-Refugio-Piratas-1536x1345.png\" class=\"elementor-animation-grow attachment-1536x1536 size-1536x1536 wp-image-3519\" alt=\"\" srcset=\"https:\/\/magikland.pt\/wp-content\/uploads\/2024\/04\/2024_03_Magikland_Mapa_Areas-Soltas-Refugio-Piratas-1536x1345.png 1536w, https:\/\/magikland.pt\/wp-content\/uploads\/2024\/04\/2024_03_Magikland_Mapa_Areas-Soltas-Refugio-Piratas-300x263.png 300w, https:\/\/magikland.pt\/wp-content\/uploads\/2024\/04\/2024_03_Magikland_Mapa_Areas-Soltas-Refugio-Piratas-1024x897.png 1024w, https:\/\/magikland.pt\/wp-content\/uploads\/2024\/04\/2024_03_Magikland_Mapa_Areas-Soltas-Refugio-Piratas-768x672.png 768w, https:\/\/magikland.pt\/wp-content\/uploads\/2024\/04\/2024_03_Magikland_Mapa_Areas-Soltas-Refugio-Piratas-2048x1793.png 2048w, https:\/\/magikland.pt\/wp-content\/uploads\/2024\/04\/2024_03_Magikland_Mapa_Areas-Soltas-Refugio-Piratas-14x12.png 14w\" sizes=\"(max-width: 1536px) 100vw, 1536px\" \/><\/a><\/figure><div class=\"elementor-image-box-content\"><h4 class=\"elementor-image-box-title\"><a href=\"https:\/\/magikland.pt\/es\/refugio-dos-piratas\/\">REFUGIO DE PIRATAS<\/a><\/h4><\/div><\/div>\t\t\t\t<\/div>\n\t\t\t\t<\/div>\n\t\t\t\t\t<\/div>\n\t\t<\/div>\n\t\t\t\t<div class=\"elementor-column elementor-col-33 elementor-inner-column elementor-element elementor-element-8996fc0\" data-id=\"8996fc0\" data-element_type=\"column\" data-e-type=\"column\" data-settings=\"{&quot;background_background&quot;:&quot;classic&quot;}\">\n\t\t\t<div class=\"elementor-widget-wrap elementor-element-populated\">\n\t\t\t\t\t\t<div class=\"elementor-element elementor-element-5267f1d elementor-position-top elementor-widget elementor-widget-image-box\" data-id=\"5267f1d\" data-element_type=\"widget\" data-e-type=\"widget\" data-widget_type=\"image-box.default\">\n\t\t\t\t<div class=\"elementor-widget-container\">\n\t\t\t\t\t<div class=\"elementor-image-box-wrapper\"><figure class=\"elementor-image-box-img\"><a href=\"https:\/\/magikland.pt\/es\/far-west\/\" tabindex=\"-1\"><img loading=\"lazy\" decoding=\"async\" width=\"1153\" height=\"1154\" src=\"https:\/\/magikland.pt\/wp-content\/uploads\/2021\/05\/FAR-WEST.png\" class=\"elementor-animation-grow attachment-1536x1536 size-1536x1536 wp-image-640\" alt=\"\" srcset=\"https:\/\/magikland.pt\/wp-content\/uploads\/2021\/05\/FAR-WEST.png 1153w, https:\/\/magikland.pt\/wp-content\/uploads\/2021\/05\/FAR-WEST-300x300.png 300w, https:\/\/magikland.pt\/wp-content\/uploads\/2021\/05\/FAR-WEST-1024x1024.png 1024w, https:\/\/magikland.pt\/wp-content\/uploads\/2021\/05\/FAR-WEST-150x150.png 150w, https:\/\/magikland.pt\/wp-content\/uploads\/2021\/05\/FAR-WEST-768x769.png 768w\" sizes=\"(max-width: 1153px) 100vw, 1153px\" \/><\/a><\/figure><div class=\"elementor-image-box-content\"><h3 class=\"elementor-image-box-title\"><a href=\"https:\/\/magikland.pt\/es\/far-west\/\">FAR-WEST<\/a><\/h3><\/div><\/div>\t\t\t\t<\/div>\n\t\t\t\t<\/div>\n\t\t\t\t\t<\/div>\n\t\t<\/div>\n\t\t\t\t<div class=\"elementor-column elementor-col-33 elementor-inner-column elementor-element elementor-element-a17d0e0\" data-id=\"a17d0e0\" data-element_type=\"column\" data-e-type=\"column\" data-settings=\"{&quot;background_background&quot;:&quot;classic&quot;}\">\n\t\t\t<div class=\"elementor-widget-wrap elementor-element-populated\">\n\t\t\t\t\t\t<div class=\"elementor-element elementor-element-ba9e645 elementor-position-top elementor-widget elementor-widget-image-box\" data-id=\"ba9e645\" data-element_type=\"widget\" data-e-type=\"widget\" data-widget_type=\"image-box.default\">\n\t\t\t\t<div class=\"elementor-widget-container\">\n\t\t\t\t\t<div class=\"elementor-image-box-wrapper\"><figure class=\"elementor-image-box-img\"><a href=\"https:\/\/magikland.pt\/es\/souk\/\" tabindex=\"-1\"><img loading=\"lazy\" decoding=\"async\" width=\"1536\" height=\"1464\" src=\"https:\/\/magikland.pt\/wp-content\/uploads\/2022\/11\/2022_04_Magikland_Mapa_Areas-Soltas-Souk-1536x1464.png\" class=\"elementor-animation-grow attachment-1536x1536 size-1536x1536 wp-image-2904\" alt=\"\" srcset=\"https:\/\/magikland.pt\/wp-content\/uploads\/2022\/11\/2022_04_Magikland_Mapa_Areas-Soltas-Souk-1536x1464.png 1536w, https:\/\/magikland.pt\/wp-content\/uploads\/2022\/11\/2022_04_Magikland_Mapa_Areas-Soltas-Souk-300x286.png 300w, https:\/\/magikland.pt\/wp-content\/uploads\/2022\/11\/2022_04_Magikland_Mapa_Areas-Soltas-Souk-1024x976.png 1024w, https:\/\/magikland.pt\/wp-content\/uploads\/2022\/11\/2022_04_Magikland_Mapa_Areas-Soltas-Souk-768x732.png 768w, https:\/\/magikland.pt\/wp-content\/uploads\/2022\/11\/2022_04_Magikland_Mapa_Areas-Soltas-Souk-2048x1952.png 2048w, https:\/\/magikland.pt\/wp-content\/uploads\/2022\/11\/2022_04_Magikland_Mapa_Areas-Soltas-Souk-13x12.png 13w\" sizes=\"(max-width: 1536px) 100vw, 1536px\" \/><\/a><\/figure><div class=\"elementor-image-box-content\"><h3 class=\"elementor-image-box-title\"><a href=\"https:\/\/magikland.pt\/es\/souk\/\">SOUK<\/a><\/h3><\/div><\/div>\t\t\t\t<\/div>\n\t\t\t\t<\/div>\n\t\t\t\t\t<\/div>\n\t\t<\/div>\n\t\t\t\t\t<\/div>\n\t\t<\/section>\n\t\t\t\t\t<\/div>\n\t\t<\/div>\n\t\t\t\t\t<\/div>\n\t\t<\/section>\n\t\t\t\t<section class=\"elementor-section elementor-top-section elementor-element elementor-element-52e5133 elementor-section-boxed elementor-section-height-default elementor-section-height-default\" data-id=\"52e5133\" data-element_type=\"section\" data-e-type=\"section\" data-settings=\"{&quot;background_background&quot;:&quot;classic&quot;}\">\n\t\t\t\t\t\t<div class=\"elementor-container elementor-column-gap-default\">\n\t\t\t\t\t<div class=\"elementor-column elementor-col-100 elementor-top-column elementor-element elementor-element-f4016e4\" data-id=\"f4016e4\" data-element_type=\"column\" data-e-type=\"column\">\n\t\t\t<div class=\"elementor-widget-wrap\">\n\t\t\t\t\t\t\t<\/div>\n\t\t<\/div>\n\t\t\t\t\t<\/div>\n\t\t<\/section>\n\t\t\t\t<\/div>","protected":false},"excerpt":{"rendered":"<p>\u00c1REAS TEM\u00c1TICAS Ao transpor a entrada o visitante pode deslumbrar e conhecer a verdadeira terra da divers\u00e3o, sete hectares dividem-se em seis \u00e1reas tem\u00e1ticas, lugares onde pode desfrutar de momentos fant\u00e1sticos em fam\u00edlia, e com espa\u00e7os verdes pensados ao pormenor para proporcionar um dia relaxante e em pleno contacto com a natureza. \u00c1FRICA MUNDO DA [&hellip;]<\/p>\n","protected":false},"author":1,"featured_media":0,"parent":0,"menu_order":0,"comment_status":"closed","ping_status":"closed","template":"","meta":{"site-sidebar-layout":"no-sidebar","site-content-layout":"page-builder","ast-site-content-layout":"default","site-content-style":"default","site-sidebar-style":"default","ast-global-header-display":"","ast-banner-title-visibility":"","ast-main-header-display":"","ast-hfb-above-header-display":"","ast-hfb-below-header-display":"","ast-hfb-mobile-header-display":"","site-post-title":"disabled","ast-breadcrumbs-content":"","ast-featured-img":"disabled","footer-sml-layout":"","ast-disable-related-posts":"","theme-transparent-header-meta":"default","adv-header-id-meta":"","stick-header-meta":"","header-above-stick-meta":"","header-main-stick-meta":"","header-below-stick-meta":"","astra-migrate-meta-layouts":"default","ast-page-background-enabled":"default","ast-page-background-meta":{"desktop":{"background-color":"","background-image":"","background-repeat":"repeat","background-position":"center center","background-size":"auto","background-attachment":"scroll","background-type":"","background-media":"","overlay-type":"","overlay-color":"","overlay-opacity":"","overlay-gradient":""},"tablet":{"background-color":"","background-image":"","background-repeat":"repeat","background-position":"center center","background-size":"auto","background-attachment":"scroll","background-type":"","background-media":"","overlay-type":"","overlay-color":"","overlay-opacity":"","overlay-gradient":""},"mobile":{"background-color":"","background-image":"","background-repeat":"repeat","background-position":"center center","background-size":"auto","background-attachment":"scroll","background-type":"","background-media":"","overlay-type":"","overlay-color":"","overlay-opacity":"","overlay-gradient":""}},"ast-content-background-meta":{"desktop":{"background-color":"var(--ast-global-color-5)","background-image":"","background-repeat":"repeat","background-position":"center center","background-size":"auto","background-attachment":"scroll","background-type":"","background-media":"","overlay-type":"","overlay-color":"","overlay-opacity":"","overlay-gradient":""},"tablet":{"background-color":"var(--ast-global-color-5)","background-image":"","background-repeat":"repeat","background-position":"center center","background-size":"auto","background-attachment":"scroll","background-type":"","background-media":"","overlay-type":"","overlay-color":"","overlay-opacity":"","overlay-gradient":""},"mobile":{"background-color":"var(--ast-global-color-5)","background-image":"","background-repeat":"repeat","background-position":"center center","background-size":"auto","background-attachment":"scroll","background-type":"","background-media":"","overlay-type":"","overlay-color":"","overlay-opacity":"","overlay-gradient":""}},"footnotes":""},"class_list":["post-2305","page","type-page","status-publish","hentry"],"_links":{"self":[{"href":"https:\/\/magikland.pt\/es\/wp-json\/wp\/v2\/pages\/2305","targetHints":{"allow":["GET"]}}],"collection":[{"href":"https:\/\/magikland.pt\/es\/wp-json\/wp\/v2\/pages"}],"about":[{"href":"https:\/\/magikland.pt\/es\/wp-json\/wp\/v2\/types\/page"}],"author":[{"embeddable":true,"href":"https:\/\/magikland.pt\/es\/wp-json\/wp\/v2\/users\/1"}],"replies":[{"embeddable":true,"href":"https:\/\/magikland.pt\/es\/wp-json\/wp\/v2\/comments?post=2305"}],"version-history":[{"count":0,"href":"https:\/\/magikland.pt\/es\/wp-json\/wp\/v2\/pages\/2305\/revisions"}],"wp:attachment":[{"href":"https:\/\/magikland.pt\/es\/wp-json\/wp\/v2\/media?parent=2305"}],"curies":[{"name":"wp","href":"https:\/\/api.w.org\/{rel}","templated":true}]}}