{"id":2200,"date":"2022-03-11T16:53:02","date_gmt":"2022-03-11T16:53:02","guid":{"rendered":"https:\/\/magikland.pt\/?page_id=2200"},"modified":"2024-08-19T11:43:14","modified_gmt":"2024-08-19T11:43:14","slug":"informacoes-uteis","status":"publish","type":"page","link":"https:\/\/magikland.pt\/es\/informacoes-uteis\/","title":{"rendered":"Informaciones utiles"},"content":{"rendered":"<div data-elementor-type=\"wp-page\" data-elementor-id=\"2200\" class=\"elementor elementor-2200\">\n\t\t\t\t\t\t<section class=\"elementor-section elementor-top-section elementor-element elementor-element-c129025 elementor-section-boxed elementor-section-height-default elementor-section-height-default\" data-id=\"c129025\" data-element_type=\"section\" data-e-type=\"section\">\n\t\t\t\t\t\t<div class=\"elementor-container elementor-column-gap-default\">\n\t\t\t\t\t<div class=\"elementor-column elementor-col-100 elementor-top-column elementor-element elementor-element-01d9fba\" data-id=\"01d9fba\" data-element_type=\"column\" data-e-type=\"column\">\n\t\t\t<div class=\"elementor-widget-wrap elementor-element-populated\">\n\t\t\t\t\t\t<div class=\"elementor-element elementor-element-abf248d elementor-widget elementor-widget-spacer\" data-id=\"abf248d\" data-element_type=\"widget\" data-e-type=\"widget\" data-widget_type=\"spacer.default\">\n\t\t\t\t<div class=\"elementor-widget-container\">\n\t\t\t\t\t\t\t<div class=\"elementor-spacer\">\n\t\t\t<div class=\"elementor-spacer-inner\"><\/div>\n\t\t<\/div>\n\t\t\t\t\t\t<\/div>\n\t\t\t\t<\/div>\n\t\t\t\t\t<\/div>\n\t\t<\/div>\n\t\t\t\t\t<\/div>\n\t\t<\/section>\n\t\t\t\t<section class=\"elementor-section elementor-top-section elementor-element elementor-element-f99dea8 elementor-section-boxed elementor-section-height-default elementor-section-height-default\" data-id=\"f99dea8\" data-element_type=\"section\" data-e-type=\"section\">\n\t\t\t\t\t\t<div class=\"elementor-container elementor-column-gap-default\">\n\t\t\t\t\t<div class=\"elementor-column elementor-col-100 elementor-top-column elementor-element elementor-element-124b53b\" data-id=\"124b53b\" data-element_type=\"column\" data-e-type=\"column\">\n\t\t\t<div class=\"elementor-widget-wrap elementor-element-populated\">\n\t\t\t\t\t\t<div class=\"elementor-element elementor-element-d4e1990 elementor-widget elementor-widget-spacer\" data-id=\"d4e1990\" data-element_type=\"widget\" data-e-type=\"widget\" data-widget_type=\"spacer.default\">\n\t\t\t\t<div class=\"elementor-widget-container\">\n\t\t\t\t\t\t\t<div class=\"elementor-spacer\">\n\t\t\t<div class=\"elementor-spacer-inner\"><\/div>\n\t\t<\/div>\n\t\t\t\t\t\t<\/div>\n\t\t\t\t<\/div>\n\t\t\t\t<div class=\"elementor-element elementor-element-b95e489 elementor-widget elementor-widget-heading\" data-id=\"b95e489\" data-element_type=\"widget\" data-e-type=\"widget\" data-widget_type=\"heading.default\">\n\t\t\t\t<div class=\"elementor-widget-container\">\n\t\t\t\t\t<h2 class=\"elementor-heading-title elementor-size-default\">INFORMACIONES \u00daTILES<\/h2>\t\t\t\t<\/div>\n\t\t\t\t<\/div>\n\t\t\t\t<div class=\"elementor-element elementor-element-c33fe95 elementor-widget-divider--view-line elementor-widget elementor-widget-divider\" data-id=\"c33fe95\" data-element_type=\"widget\" data-e-type=\"widget\" data-widget_type=\"divider.default\">\n\t\t\t\t<div class=\"elementor-widget-container\">\n\t\t\t\t\t\t\t<div class=\"elementor-divider\">\n\t\t\t<span class=\"elementor-divider-separator\">\n\t\t\t\t\t\t<\/span>\n\t\t<\/div>\n\t\t\t\t\t\t<\/div>\n\t\t\t\t<\/div>\n\t\t\t\t<div class=\"elementor-element elementor-element-a23c2e3 elementor-widget elementor-widget-text-editor\" data-id=\"a23c2e3\" data-element_type=\"widget\" data-e-type=\"widget\" data-widget_type=\"text-editor.default\">\n\t\t\t\t<div class=\"elementor-widget-container\">\n\t\t\t\t\t\t\t\t\t<p id=\"u16980-5\">\u2022 La venta de tickets es en el atrio principal, donde podr\u00e1 adquirir los tickets de acceso al parque.<\/p>\n<p id=\"u16980-7\">\u2022 El ticket permite el acceso total a todas las atracciones sin plazo de utilizaci\u00f3n, as\u00ed como a todos los espect\u00e1culos.<\/p>\n<p id=\"u16980-11\">\u2022 Podr\u00e1 entrar y salir del recinto siempre que desee, desde que informe el responsable por la entrada de personas.<\/p>\n<p id=\"u16980-15\">\u2022 O parque disp\u00f5e de cacifos para guardar os seus pertences.<\/p>\n<p id=\"u16980-17\">\u2022 Lo aconsejamos el uso de vestuario y calzado confortables y adecuados a las condiciones meteorol\u00f3gicas.<\/p>\n<p id=\"u16980-19\">\u2022 Disponemos de espacios con agua, pues que lo aconsejamos que traiga vestuario apropiado para su utilizaci\u00f3n.<\/p>\n<p id=\"u16980-21\">\u2022 Se proh\u00edbe la entrada de animales en el parque, con excepci\u00f3n de perros-gu\u00eda.<\/p>\n<p id=\"u16980-23\">\u2022 Se proh\u00edbe la entrada de bicis, patinetes, skates, scooters y patines de ruedas en l\u00ednea.<\/p>\n<p id=\"u16980-25\">\u2022 N\u00e3o \u00e9 permitida a entrada de guarda-s\u00f3is, tendas de qualquer tipo, abrigos solares, abrigos de vento e outro qualquer equipamento amov\u00edvel sem autoriza\u00e7\u00e3o devida.<\/p>\n<p>\u2022 N\u00e3o \u00e9 permitida a entrada de cadeiras.<\/p>\n<p id=\"u16980-27\">\u2022 Se proh\u00edbe jugar con una pelota.<\/p>\n<p id=\"u16980-29\">\u2022 Son permitidas filmaciones y fotograf\u00edas durante su visita, con excepci\u00f3n a las utilizadas para fines comerciales.<\/p>\n<p id=\"u16980-31\">\u2022 Las atracciones podr\u00e1n ser encerradas por motivos de orden climat\u00e9rica, t\u00e9cnica, operacional u otro motivo sin aviso previo.<\/p>\n<p id=\"u16980-35\">\u2022 Todo el recinto est\u00e1 cubierto por el sistema CCTV.<\/p>\n<p id=\"u16980-37\">\u2022 Debido a las condiciones clim\u00e1ticas el parque puede estar cerrado sin previo aviso.<\/p>\t\t\t\t\t\t\t\t<\/div>\n\t\t\t\t<\/div>\n\t\t\t\t\t<\/div>\n\t\t<\/div>\n\t\t\t\t\t<\/div>\n\t\t<\/section>\n\t\t\t\t<section class=\"elementor-section elementor-top-section elementor-element elementor-element-cad4f14 elementor-section-boxed elementor-section-height-default elementor-section-height-default\" data-id=\"cad4f14\" data-element_type=\"section\" data-e-type=\"section\" data-settings=\"{&quot;background_background&quot;:&quot;classic&quot;}\">\n\t\t\t\t\t\t<div class=\"elementor-container elementor-column-gap-default\">\n\t\t\t\t\t<div class=\"elementor-column elementor-col-100 elementor-top-column elementor-element elementor-element-76d67c2\" data-id=\"76d67c2\" data-element_type=\"column\" data-e-type=\"column\">\n\t\t\t<div class=\"elementor-widget-wrap\">\n\t\t\t\t\t\t\t<\/div>\n\t\t<\/div>\n\t\t\t\t\t<\/div>\n\t\t<\/section>\n\t\t\t\t<\/div>","protected":false},"excerpt":{"rendered":"<p>INFORMA\u00c7\u00d5ES \u00daTEIS \u2022 As bilheteiras situam-se no \u00e1trio principal, onde poder\u00e1 adquirir as entradas de acesso ao parque. \u2022 O bilhete de entrada permite ao seu portador o acesso total a todas as atra\u00e7\u00f5es sem limite de utiliza\u00e7\u00e3o, bem como a todos os espet\u00e1culos que se estiverem a desenrolar no recinto. \u2022 Poder\u00e1 entrar e [&hellip;]<\/p>\n","protected":false},"author":1,"featured_media":0,"parent":0,"menu_order":0,"comment_status":"closed","ping_status":"closed","template":"","meta":{"site-sidebar-layout":"no-sidebar","site-content-layout":"page-builder","ast-site-content-layout":"default","site-content-style":"default","site-sidebar-style":"default","ast-global-header-display":"","ast-banner-title-visibility":"","ast-main-header-display":"","ast-hfb-above-header-display":"","ast-hfb-below-header-display":"","ast-hfb-mobile-header-display":"","site-post-title":"disabled","ast-breadcrumbs-content":"","ast-featured-img":"disabled","footer-sml-layout":"","ast-disable-related-posts":"","theme-transparent-header-meta":"default","adv-header-id-meta":"","stick-header-meta":"","header-above-stick-meta":"","header-main-stick-meta":"","header-below-stick-meta":"","astra-migrate-meta-layouts":"default","ast-page-background-enabled":"default","ast-page-background-meta":{"desktop":{"background-color":"","background-image":"","background-repeat":"repeat","background-position":"center center","background-size":"auto","background-attachment":"scroll","background-type":"","background-media":"","overlay-type":"","overlay-color":"","overlay-opacity":"","overlay-gradient":""},"tablet":{"background-color":"","background-image":"","background-repeat":"repeat","background-position":"center center","background-size":"auto","background-attachment":"scroll","background-type":"","background-media":"","overlay-type":"","overlay-color":"","overlay-opacity":"","overlay-gradient":""},"mobile":{"background-color":"","background-image":"","background-repeat":"repeat","background-position":"center center","background-size":"auto","background-attachment":"scroll","background-type":"","background-media":"","overlay-type":"","overlay-color":"","overlay-opacity":"","overlay-gradient":""}},"ast-content-background-meta":{"desktop":{"background-color":"var(--ast-global-color-5)","background-image":"","background-repeat":"repeat","background-position":"center center","background-size":"auto","background-attachment":"scroll","background-type":"","background-media":"","overlay-type":"","overlay-color":"","overlay-opacity":"","overlay-gradient":""},"tablet":{"background-color":"var(--ast-global-color-5)","background-image":"","background-repeat":"repeat","background-position":"center center","background-size":"auto","background-attachment":"scroll","background-type":"","background-media":"","overlay-type":"","overlay-color":"","overlay-opacity":"","overlay-gradient":""},"mobile":{"background-color":"var(--ast-global-color-5)","background-image":"","background-repeat":"repeat","background-position":"center center","background-size":"auto","background-attachment":"scroll","background-type":"","background-media":"","overlay-type":"","overlay-color":"","overlay-opacity":"","overlay-gradient":""}},"footnotes":""},"class_list":["post-2200","page","type-page","status-publish","hentry"],"_links":{"self":[{"href":"https:\/\/magikland.pt\/es\/wp-json\/wp\/v2\/pages\/2200","targetHints":{"allow":["GET"]}}],"collection":[{"href":"https:\/\/magikland.pt\/es\/wp-json\/wp\/v2\/pages"}],"about":[{"href":"https:\/\/magikland.pt\/es\/wp-json\/wp\/v2\/types\/page"}],"author":[{"embeddable":true,"href":"https:\/\/magikland.pt\/es\/wp-json\/wp\/v2\/users\/1"}],"replies":[{"embeddable":true,"href":"https:\/\/magikland.pt\/es\/wp-json\/wp\/v2\/comments?post=2200"}],"version-history":[{"count":0,"href":"https:\/\/magikland.pt\/es\/wp-json\/wp\/v2\/pages\/2200\/revisions"}],"wp:attachment":[{"href":"https:\/\/magikland.pt\/es\/wp-json\/wp\/v2\/media?parent=2200"}],"curies":[{"name":"wp","href":"https:\/\/api.w.org\/{rel}","templated":true}]}}