{"id":2192,"date":"2022-03-11T16:51:55","date_gmt":"2022-03-11T16:51:55","guid":{"rendered":"https:\/\/magikland.pt\/?page_id=2192"},"modified":"2024-04-12T13:45:44","modified_gmt":"2024-04-12T13:45:44","slug":"fotografias","status":"publish","type":"page","link":"https:\/\/magikland.pt\/es\/fotografias\/","title":{"rendered":"Fotograf\u00edas"},"content":{"rendered":"<div data-elementor-type=\"wp-page\" data-elementor-id=\"2192\" class=\"elementor elementor-2192\">\n\t\t\t\t\t\t<section class=\"elementor-section elementor-top-section elementor-element elementor-element-468bbab elementor-section-boxed elementor-section-height-default elementor-section-height-default\" data-id=\"468bbab\" data-element_type=\"section\" data-e-type=\"section\">\n\t\t\t\t\t\t<div class=\"elementor-container elementor-column-gap-default\">\n\t\t\t\t\t<div class=\"elementor-column elementor-col-100 elementor-top-column elementor-element elementor-element-946f07e\" data-id=\"946f07e\" data-element_type=\"column\" data-e-type=\"column\">\n\t\t\t<div class=\"elementor-widget-wrap elementor-element-populated\">\n\t\t\t\t\t\t<div class=\"elementor-element elementor-element-350959c elementor-widget elementor-widget-spacer\" data-id=\"350959c\" data-element_type=\"widget\" data-e-type=\"widget\" data-widget_type=\"spacer.default\">\n\t\t\t\t<div class=\"elementor-widget-container\">\n\t\t\t\t\t\t\t<div class=\"elementor-spacer\">\n\t\t\t<div class=\"elementor-spacer-inner\"><\/div>\n\t\t<\/div>\n\t\t\t\t\t\t<\/div>\n\t\t\t\t<\/div>\n\t\t\t\t\t<\/div>\n\t\t<\/div>\n\t\t\t\t\t<\/div>\n\t\t<\/section>\n\t\t\t\t<section class=\"elementor-section elementor-top-section elementor-element elementor-element-2610dfb elementor-section-boxed elementor-section-height-default elementor-section-height-default\" data-id=\"2610dfb\" data-element_type=\"section\" data-e-type=\"section\">\n\t\t\t\t\t\t<div class=\"elementor-container elementor-column-gap-default\">\n\t\t\t\t\t<div class=\"elementor-column elementor-col-100 elementor-top-column elementor-element elementor-element-bbd31bd\" data-id=\"bbd31bd\" data-element_type=\"column\" data-e-type=\"column\">\n\t\t\t<div class=\"elementor-widget-wrap elementor-element-populated\">\n\t\t\t\t\t\t<div class=\"elementor-element elementor-element-441f130 elementor-widget elementor-widget-heading\" data-id=\"441f130\" data-element_type=\"widget\" data-e-type=\"widget\" data-widget_type=\"heading.default\">\n\t\t\t\t<div class=\"elementor-widget-container\">\n\t\t\t\t\t<h2 class=\"elementor-heading-title elementor-size-default\">FOTOGRAFIAS<\/h2>\t\t\t\t<\/div>\n\t\t\t\t<\/div>\n\t\t\t\t<div class=\"elementor-element elementor-element-1fb45e6 elementor-widget-divider--view-line elementor-widget elementor-widget-divider\" data-id=\"1fb45e6\" data-element_type=\"widget\" data-e-type=\"widget\" data-widget_type=\"divider.default\">\n\t\t\t\t<div class=\"elementor-widget-container\">\n\t\t\t\t\t\t\t<div class=\"elementor-divider\">\n\t\t\t<span class=\"elementor-divider-separator\">\n\t\t\t\t\t\t<\/span>\n\t\t<\/div>\n\t\t\t\t\t\t<\/div>\n\t\t\t\t<\/div>\n\t\t\t\t<div class=\"elementor-element elementor-element-60f4096 gallery-spacing-custom elementor-widget elementor-widget-image-gallery\" data-id=\"60f4096\" data-element_type=\"widget\" data-e-type=\"widget\" data-widget_type=\"image-gallery.default\">\n\t\t\t\t<div class=\"elementor-widget-container\">\n\t\t\t\t\t\t\t<div class=\"elementor-image-gallery\">\n\t\t\t<div id='gallery-1' class='gallery galleryid-2192 gallery-columns-4 gallery-size-medium'><figure class='gallery-item'>\n\t\t\t<div class='gallery-icon landscape'>\n\t\t\t\t<a data-elementor-open-lightbox=\"yes\" data-elementor-lightbox-slideshow=\"60f4096\" data-elementor-lightbox-title=\"IMG_2165\" data-e-action-hash=\"#elementor-action%3Aaction%3Dlightbox%26settings%3DeyJpZCI6MjY4MiwidXJsIjoiaHR0cHM6XC9cL21hZ2lrbGFuZC5wdFwvd3AtY29udGVudFwvdXBsb2Fkc1wvMjAyMlwvMDZcL0lNR18yMTY1LmpwZyIsInNsaWRlc2hvdyI6IjYwZjQwOTYifQ%3D%3D\" href='https:\/\/magikland.pt\/wp-content\/uploads\/2022\/06\/IMG_2165.jpg'><img fetchpriority=\"high\" decoding=\"async\" width=\"300\" height=\"225\" src=\"https:\/\/magikland.pt\/wp-content\/uploads\/2022\/06\/IMG_2165-300x225.jpg\" class=\"attachment-medium size-medium\" alt=\"\" aria-describedby=\"gallery-1-2682\" srcset=\"https:\/\/magikland.pt\/wp-content\/uploads\/2022\/06\/IMG_2165-300x225.jpg 300w, https:\/\/magikland.pt\/wp-content\/uploads\/2022\/06\/IMG_2165-768x576.jpg 768w, https:\/\/magikland.pt\/wp-content\/uploads\/2022\/06\/IMG_2165-16x12.jpg 16w, https:\/\/magikland.pt\/wp-content\/uploads\/2022\/06\/IMG_2165.jpg 1008w\" sizes=\"(max-width: 300px) 100vw, 300px\" \/><\/a>\n\t\t\t<\/div>\n\t\t\t\t<figcaption class='wp-caption-text gallery-caption' id='gallery-1-2682'>\n\t\t\t\tParque de Merendas\n\t\t\t\t<\/figcaption><\/figure><figure class='gallery-item'>\n\t\t\t<div class='gallery-icon landscape'>\n\t\t\t\t<a data-elementor-open-lightbox=\"yes\" data-elementor-lightbox-slideshow=\"60f4096\" data-elementor-lightbox-title=\"IMG_2166\" data-e-action-hash=\"#elementor-action%3Aaction%3Dlightbox%26settings%3DeyJpZCI6MjY4MywidXJsIjoiaHR0cHM6XC9cL21hZ2lrbGFuZC5wdFwvd3AtY29udGVudFwvdXBsb2Fkc1wvMjAyMlwvMDZcL0lNR18yMTY2LmpwZyIsInNsaWRlc2hvdyI6IjYwZjQwOTYifQ%3D%3D\" href='https:\/\/magikland.pt\/wp-content\/uploads\/2022\/06\/IMG_2166.jpg'><img decoding=\"async\" width=\"300\" height=\"225\" src=\"https:\/\/magikland.pt\/wp-content\/uploads\/2022\/06\/IMG_2166-300x225.jpg\" class=\"attachment-medium size-medium\" alt=\"\" aria-describedby=\"gallery-1-2683\" srcset=\"https:\/\/magikland.pt\/wp-content\/uploads\/2022\/06\/IMG_2166-300x225.jpg 300w, https:\/\/magikland.pt\/wp-content\/uploads\/2022\/06\/IMG_2166-768x576.jpg 768w, https:\/\/magikland.pt\/wp-content\/uploads\/2022\/06\/IMG_2166-16x12.jpg 16w, https:\/\/magikland.pt\/wp-content\/uploads\/2022\/06\/IMG_2166.jpg 1008w\" sizes=\"(max-width: 300px) 100vw, 300px\" \/><\/a>\n\t\t\t<\/div>\n\t\t\t\t<figcaption class='wp-caption-text gallery-caption' id='gallery-1-2683'>\n\t\t\t\tMagik Pool\n\t\t\t\t<\/figcaption><\/figure><figure class='gallery-item'>\n\t\t\t<div class='gallery-icon landscape'>\n\t\t\t\t<a data-elementor-open-lightbox=\"yes\" data-elementor-lightbox-slideshow=\"60f4096\" data-elementor-lightbox-title=\"IMG_2171\" data-e-action-hash=\"#elementor-action%3Aaction%3Dlightbox%26settings%3DeyJpZCI6MjY4NCwidXJsIjoiaHR0cHM6XC9cL21hZ2lrbGFuZC5wdFwvd3AtY29udGVudFwvdXBsb2Fkc1wvMjAyMlwvMDZcL0lNR18yMTcxLTEuanBnIiwic2xpZGVzaG93IjoiNjBmNDA5NiJ9\" href='https:\/\/magikland.pt\/wp-content\/uploads\/2022\/06\/IMG_2171-1.jpg'><img decoding=\"async\" width=\"300\" height=\"225\" src=\"https:\/\/magikland.pt\/wp-content\/uploads\/2022\/06\/IMG_2171-1-300x225.jpg\" class=\"attachment-medium size-medium\" alt=\"\" aria-describedby=\"gallery-1-2684\" srcset=\"https:\/\/magikland.pt\/wp-content\/uploads\/2022\/06\/IMG_2171-1-300x225.jpg 300w, https:\/\/magikland.pt\/wp-content\/uploads\/2022\/06\/IMG_2171-1-768x576.jpg 768w, https:\/\/magikland.pt\/wp-content\/uploads\/2022\/06\/IMG_2171-1-16x12.jpg 16w, https:\/\/magikland.pt\/wp-content\/uploads\/2022\/06\/IMG_2171-1.jpg 1008w\" sizes=\"(max-width: 300px) 100vw, 300px\" \/><\/a>\n\t\t\t<\/div>\n\t\t\t\t<figcaption class='wp-caption-text gallery-caption' id='gallery-1-2684'>\n\t\t\t\tMagik Pool\n\t\t\t\t<\/figcaption><\/figure><figure class='gallery-item'>\n\t\t\t<div class='gallery-icon landscape'>\n\t\t\t\t<a data-elementor-open-lightbox=\"yes\" data-elementor-lightbox-slideshow=\"60f4096\" data-elementor-lightbox-title=\"IMG_2182\" data-e-action-hash=\"#elementor-action%3Aaction%3Dlightbox%26settings%3DeyJpZCI6MjY4NSwidXJsIjoiaHR0cHM6XC9cL21hZ2lrbGFuZC5wdFwvd3AtY29udGVudFwvdXBsb2Fkc1wvMjAyMlwvMDZcL0lNR18yMTgyLmpwZyIsInNsaWRlc2hvdyI6IjYwZjQwOTYifQ%3D%3D\" href='https:\/\/magikland.pt\/wp-content\/uploads\/2022\/06\/IMG_2182.jpg'><img loading=\"lazy\" decoding=\"async\" width=\"300\" height=\"225\" src=\"https:\/\/magikland.pt\/wp-content\/uploads\/2022\/06\/IMG_2182-300x225.jpg\" class=\"attachment-medium size-medium\" alt=\"\" aria-describedby=\"gallery-1-2685\" srcset=\"https:\/\/magikland.pt\/wp-content\/uploads\/2022\/06\/IMG_2182-300x225.jpg 300w, https:\/\/magikland.pt\/wp-content\/uploads\/2022\/06\/IMG_2182-768x576.jpg 768w, https:\/\/magikland.pt\/wp-content\/uploads\/2022\/06\/IMG_2182-16x12.jpg 16w, https:\/\/magikland.pt\/wp-content\/uploads\/2022\/06\/IMG_2182.jpg 1008w\" sizes=\"(max-width: 300px) 100vw, 300px\" \/><\/a>\n\t\t\t<\/div>\n\t\t\t\t<figcaption class='wp-caption-text gallery-caption' id='gallery-1-2685'>\n\t\t\t\tMagik Pool\n\t\t\t\t<\/figcaption><\/figure><figure class='gallery-item'>\n\t\t\t<div class='gallery-icon landscape'>\n\t\t\t\t<a data-elementor-open-lightbox=\"yes\" data-elementor-lightbox-slideshow=\"60f4096\" data-elementor-lightbox-title=\"IMG_2193\" data-e-action-hash=\"#elementor-action%3Aaction%3Dlightbox%26settings%3DeyJpZCI6MjY4NiwidXJsIjoiaHR0cHM6XC9cL21hZ2lrbGFuZC5wdFwvd3AtY29udGVudFwvdXBsb2Fkc1wvMjAyMlwvMDZcL0lNR18yMTkzLmpwZyIsInNsaWRlc2hvdyI6IjYwZjQwOTYifQ%3D%3D\" href='https:\/\/magikland.pt\/wp-content\/uploads\/2022\/06\/IMG_2193.jpg'><img loading=\"lazy\" decoding=\"async\" width=\"300\" height=\"225\" src=\"https:\/\/magikland.pt\/wp-content\/uploads\/2022\/06\/IMG_2193-300x225.jpg\" class=\"attachment-medium size-medium\" alt=\"\" aria-describedby=\"gallery-1-2686\" srcset=\"https:\/\/magikland.pt\/wp-content\/uploads\/2022\/06\/IMG_2193-300x225.jpg 300w, https:\/\/magikland.pt\/wp-content\/uploads\/2022\/06\/IMG_2193-768x576.jpg 768w, https:\/\/magikland.pt\/wp-content\/uploads\/2022\/06\/IMG_2193-16x12.jpg 16w, https:\/\/magikland.pt\/wp-content\/uploads\/2022\/06\/IMG_2193.jpg 1008w\" sizes=\"(max-width: 300px) 100vw, 300px\" \/><\/a>\n\t\t\t<\/div>\n\t\t\t\t<figcaption class='wp-caption-text gallery-caption' id='gallery-1-2686'>\n\t\t\t\tMagik Pool\n\t\t\t\t<\/figcaption><\/figure><figure class='gallery-item'>\n\t\t\t<div class='gallery-icon landscape'>\n\t\t\t\t<a data-elementor-open-lightbox=\"yes\" data-elementor-lightbox-slideshow=\"60f4096\" data-elementor-lightbox-title=\"IMG_2536\" data-e-action-hash=\"#elementor-action%3Aaction%3Dlightbox%26settings%3DeyJpZCI6MjY4NywidXJsIjoiaHR0cHM6XC9cL21hZ2lrbGFuZC5wdFwvd3AtY29udGVudFwvdXBsb2Fkc1wvMjAyMlwvMDZcL0lNR18yNTM2LmpwZyIsInNsaWRlc2hvdyI6IjYwZjQwOTYifQ%3D%3D\" href='https:\/\/magikland.pt\/wp-content\/uploads\/2022\/06\/IMG_2536.jpg'><img loading=\"lazy\" decoding=\"async\" width=\"300\" height=\"225\" src=\"https:\/\/magikland.pt\/wp-content\/uploads\/2022\/06\/IMG_2536-300x225.jpg\" class=\"attachment-medium size-medium\" alt=\"\" aria-describedby=\"gallery-1-2687\" srcset=\"https:\/\/magikland.pt\/wp-content\/uploads\/2022\/06\/IMG_2536-300x225.jpg 300w, https:\/\/magikland.pt\/wp-content\/uploads\/2022\/06\/IMG_2536-768x576.jpg 768w, https:\/\/magikland.pt\/wp-content\/uploads\/2022\/06\/IMG_2536-16x12.jpg 16w, https:\/\/magikland.pt\/wp-content\/uploads\/2022\/06\/IMG_2536.jpg 1008w\" sizes=\"(max-width: 300px) 100vw, 300px\" \/><\/a>\n\t\t\t<\/div>\n\t\t\t\t<figcaption class='wp-caption-text gallery-caption' id='gallery-1-2687'>\n\t\t\t\tMundo da Confus\u00e3o\n\t\t\t\t<\/figcaption><\/figure><figure class='gallery-item'>\n\t\t\t<div class='gallery-icon landscape'>\n\t\t\t\t<a data-elementor-open-lightbox=\"yes\" data-elementor-lightbox-slideshow=\"60f4096\" data-elementor-lightbox-title=\"IMG_2577\" data-e-action-hash=\"#elementor-action%3Aaction%3Dlightbox%26settings%3DeyJpZCI6MjY4OCwidXJsIjoiaHR0cHM6XC9cL21hZ2lrbGFuZC5wdFwvd3AtY29udGVudFwvdXBsb2Fkc1wvMjAyMlwvMDZcL0lNR18yNTc3LmpwZyIsInNsaWRlc2hvdyI6IjYwZjQwOTYifQ%3D%3D\" href='https:\/\/magikland.pt\/wp-content\/uploads\/2022\/06\/IMG_2577.jpg'><img loading=\"lazy\" decoding=\"async\" width=\"300\" height=\"225\" src=\"https:\/\/magikland.pt\/wp-content\/uploads\/2022\/06\/IMG_2577-300x225.jpg\" class=\"attachment-medium size-medium\" alt=\"\" aria-describedby=\"gallery-1-2688\" srcset=\"https:\/\/magikland.pt\/wp-content\/uploads\/2022\/06\/IMG_2577-300x225.jpg 300w, https:\/\/magikland.pt\/wp-content\/uploads\/2022\/06\/IMG_2577-768x576.jpg 768w, https:\/\/magikland.pt\/wp-content\/uploads\/2022\/06\/IMG_2577-16x12.jpg 16w, https:\/\/magikland.pt\/wp-content\/uploads\/2022\/06\/IMG_2577.jpg 1008w\" sizes=\"(max-width: 300px) 100vw, 300px\" \/><\/a>\n\t\t\t<\/div>\n\t\t\t\t<figcaption class='wp-caption-text gallery-caption' id='gallery-1-2688'>\n\t\t\t\tLagoa Pirata\n\t\t\t\t<\/figcaption><\/figure><figure class='gallery-item'>\n\t\t\t<div class='gallery-icon landscape'>\n\t\t\t\t<a data-elementor-open-lightbox=\"yes\" data-elementor-lightbox-slideshow=\"60f4096\" data-elementor-lightbox-title=\"IMG_2580\" data-e-action-hash=\"#elementor-action%3Aaction%3Dlightbox%26settings%3DeyJpZCI6MjY4OSwidXJsIjoiaHR0cHM6XC9cL21hZ2lrbGFuZC5wdFwvd3AtY29udGVudFwvdXBsb2Fkc1wvMjAyMlwvMDZcL0lNR18yNTgwLmpwZyIsInNsaWRlc2hvdyI6IjYwZjQwOTYifQ%3D%3D\" href='https:\/\/magikland.pt\/wp-content\/uploads\/2022\/06\/IMG_2580.jpg'><img loading=\"lazy\" decoding=\"async\" width=\"300\" height=\"225\" src=\"https:\/\/magikland.pt\/wp-content\/uploads\/2022\/06\/IMG_2580-300x225.jpg\" class=\"attachment-medium size-medium\" alt=\"\" aria-describedby=\"gallery-1-2689\" srcset=\"https:\/\/magikland.pt\/wp-content\/uploads\/2022\/06\/IMG_2580-300x225.jpg 300w, https:\/\/magikland.pt\/wp-content\/uploads\/2022\/06\/IMG_2580-768x576.jpg 768w, https:\/\/magikland.pt\/wp-content\/uploads\/2022\/06\/IMG_2580-16x12.jpg 16w, https:\/\/magikland.pt\/wp-content\/uploads\/2022\/06\/IMG_2580.jpg 1008w\" sizes=\"(max-width: 300px) 100vw, 300px\" \/><\/a>\n\t\t\t<\/div>\n\t\t\t\t<figcaption class='wp-caption-text gallery-caption' id='gallery-1-2689'>\n\t\t\t\tLagoa Pirata\n\t\t\t\t<\/figcaption><\/figure><figure class='gallery-item'>\n\t\t\t<div class='gallery-icon landscape'>\n\t\t\t\t<a data-elementor-open-lightbox=\"yes\" data-elementor-lightbox-slideshow=\"60f4096\" data-elementor-lightbox-title=\"IMG_2592\" data-e-action-hash=\"#elementor-action%3Aaction%3Dlightbox%26settings%3DeyJpZCI6MjY5MCwidXJsIjoiaHR0cHM6XC9cL21hZ2lrbGFuZC5wdFwvd3AtY29udGVudFwvdXBsb2Fkc1wvMjAyMlwvMDZcL0lNR18yNTkyLmpwZyIsInNsaWRlc2hvdyI6IjYwZjQwOTYifQ%3D%3D\" href='https:\/\/magikland.pt\/wp-content\/uploads\/2022\/06\/IMG_2592.jpg'><img loading=\"lazy\" decoding=\"async\" width=\"300\" height=\"225\" src=\"https:\/\/magikland.pt\/wp-content\/uploads\/2022\/06\/IMG_2592-300x225.jpg\" class=\"attachment-medium size-medium\" alt=\"\" aria-describedby=\"gallery-1-2690\" srcset=\"https:\/\/magikland.pt\/wp-content\/uploads\/2022\/06\/IMG_2592-300x225.jpg 300w, https:\/\/magikland.pt\/wp-content\/uploads\/2022\/06\/IMG_2592-768x576.jpg 768w, https:\/\/magikland.pt\/wp-content\/uploads\/2022\/06\/IMG_2592-16x12.jpg 16w, https:\/\/magikland.pt\/wp-content\/uploads\/2022\/06\/IMG_2592.jpg 1008w\" sizes=\"(max-width: 300px) 100vw, 300px\" \/><\/a>\n\t\t\t<\/div>\n\t\t\t\t<figcaption class='wp-caption-text gallery-caption' id='gallery-1-2690'>\n\t\t\t\tLagoa Pirata\n\t\t\t\t<\/figcaption><\/figure><figure class='gallery-item'>\n\t\t\t<div class='gallery-icon landscape'>\n\t\t\t\t<a data-elementor-open-lightbox=\"yes\" data-elementor-lightbox-slideshow=\"60f4096\" data-elementor-lightbox-title=\"IMG_2595\" data-e-action-hash=\"#elementor-action%3Aaction%3Dlightbox%26settings%3DeyJpZCI6MjY5MSwidXJsIjoiaHR0cHM6XC9cL21hZ2lrbGFuZC5wdFwvd3AtY29udGVudFwvdXBsb2Fkc1wvMjAyMlwvMDZcL0lNR18yNTk1LTEuanBnIiwic2xpZGVzaG93IjoiNjBmNDA5NiJ9\" href='https:\/\/magikland.pt\/wp-content\/uploads\/2022\/06\/IMG_2595-1.jpg'><img loading=\"lazy\" decoding=\"async\" width=\"300\" height=\"225\" src=\"https:\/\/magikland.pt\/wp-content\/uploads\/2022\/06\/IMG_2595-1-300x225.jpg\" class=\"attachment-medium size-medium\" alt=\"\" aria-describedby=\"gallery-1-2691\" srcset=\"https:\/\/magikland.pt\/wp-content\/uploads\/2022\/06\/IMG_2595-1-300x225.jpg 300w, https:\/\/magikland.pt\/wp-content\/uploads\/2022\/06\/IMG_2595-1-768x576.jpg 768w, https:\/\/magikland.pt\/wp-content\/uploads\/2022\/06\/IMG_2595-1-16x12.jpg 16w, https:\/\/magikland.pt\/wp-content\/uploads\/2022\/06\/IMG_2595-1.jpg 1008w\" sizes=\"(max-width: 300px) 100vw, 300px\" \/><\/a>\n\t\t\t<\/div>\n\t\t\t\t<figcaption class='wp-caption-text gallery-caption' id='gallery-1-2691'>\n\t\t\t\tLagoa Pirata\n\t\t\t\t<\/figcaption><\/figure><figure class='gallery-item'>\n\t\t\t<div class='gallery-icon landscape'>\n\t\t\t\t<a data-elementor-open-lightbox=\"yes\" data-elementor-lightbox-slideshow=\"60f4096\" data-elementor-lightbox-title=\"IMG_2605\" data-e-action-hash=\"#elementor-action%3Aaction%3Dlightbox%26settings%3DeyJpZCI6MjY5MiwidXJsIjoiaHR0cHM6XC9cL21hZ2lrbGFuZC5wdFwvd3AtY29udGVudFwvdXBsb2Fkc1wvMjAyMlwvMDZcL0lNR18yNjA1LmpwZyIsInNsaWRlc2hvdyI6IjYwZjQwOTYifQ%3D%3D\" href='https:\/\/magikland.pt\/wp-content\/uploads\/2022\/06\/IMG_2605.jpg'><img loading=\"lazy\" decoding=\"async\" width=\"300\" height=\"225\" src=\"https:\/\/magikland.pt\/wp-content\/uploads\/2022\/06\/IMG_2605-300x225.jpg\" class=\"attachment-medium size-medium\" alt=\"\" aria-describedby=\"gallery-1-2692\" srcset=\"https:\/\/magikland.pt\/wp-content\/uploads\/2022\/06\/IMG_2605-300x225.jpg 300w, https:\/\/magikland.pt\/wp-content\/uploads\/2022\/06\/IMG_2605-768x576.jpg 768w, https:\/\/magikland.pt\/wp-content\/uploads\/2022\/06\/IMG_2605-16x12.jpg 16w, https:\/\/magikland.pt\/wp-content\/uploads\/2022\/06\/IMG_2605.jpg 1008w\" sizes=\"(max-width: 300px) 100vw, 300px\" \/><\/a>\n\t\t\t<\/div>\n\t\t\t\t<figcaption class='wp-caption-text gallery-caption' id='gallery-1-2692'>\n\t\t\t\tLago do Gale\u00e3o\n\t\t\t\t<\/figcaption><\/figure><figure class='gallery-item'>\n\t\t\t<div class='gallery-icon landscape'>\n\t\t\t\t<a data-elementor-open-lightbox=\"yes\" data-elementor-lightbox-slideshow=\"60f4096\" data-elementor-lightbox-title=\"IMG_2614\" data-e-action-hash=\"#elementor-action%3Aaction%3Dlightbox%26settings%3DeyJpZCI6MjY5MywidXJsIjoiaHR0cHM6XC9cL21hZ2lrbGFuZC5wdFwvd3AtY29udGVudFwvdXBsb2Fkc1wvMjAyMlwvMDZcL0lNR18yNjE0LTEuanBnIiwic2xpZGVzaG93IjoiNjBmNDA5NiJ9\" href='https:\/\/magikland.pt\/wp-content\/uploads\/2022\/06\/IMG_2614-1.jpg'><img loading=\"lazy\" decoding=\"async\" width=\"300\" height=\"225\" src=\"https:\/\/magikland.pt\/wp-content\/uploads\/2022\/06\/IMG_2614-1-300x225.jpg\" class=\"attachment-medium size-medium\" alt=\"\" aria-describedby=\"gallery-1-2693\" srcset=\"https:\/\/magikland.pt\/wp-content\/uploads\/2022\/06\/IMG_2614-1-300x225.jpg 300w, https:\/\/magikland.pt\/wp-content\/uploads\/2022\/06\/IMG_2614-1-768x576.jpg 768w, https:\/\/magikland.pt\/wp-content\/uploads\/2022\/06\/IMG_2614-1-16x12.jpg 16w, https:\/\/magikland.pt\/wp-content\/uploads\/2022\/06\/IMG_2614-1.jpg 1008w\" sizes=\"(max-width: 300px) 100vw, 300px\" \/><\/a>\n\t\t\t<\/div>\n\t\t\t\t<figcaption class='wp-caption-text gallery-caption' id='gallery-1-2693'>\n\t\t\t\tLago do Gale\u00e3o\n\t\t\t\t<\/figcaption><\/figure><figure class='gallery-item'>\n\t\t\t<div class='gallery-icon landscape'>\n\t\t\t\t<a data-elementor-open-lightbox=\"yes\" data-elementor-lightbox-slideshow=\"60f4096\" data-elementor-lightbox-title=\"IMG_1940 (1)\" data-e-action-hash=\"#elementor-action%3Aaction%3Dlightbox%26settings%3DeyJpZCI6MjcxNCwidXJsIjoiaHR0cHM6XC9cL21hZ2lrbGFuZC5wdFwvd3AtY29udGVudFwvdXBsb2Fkc1wvMjAyMlwvMDZcL0lNR18xOTQwLTEuanBnIiwic2xpZGVzaG93IjoiNjBmNDA5NiJ9\" href='https:\/\/magikland.pt\/wp-content\/uploads\/2022\/06\/IMG_1940-1.jpg'><img loading=\"lazy\" decoding=\"async\" width=\"300\" height=\"200\" src=\"https:\/\/magikland.pt\/wp-content\/uploads\/2022\/06\/IMG_1940-1-300x200.jpg\" class=\"attachment-medium size-medium\" alt=\"\" srcset=\"https:\/\/magikland.pt\/wp-content\/uploads\/2022\/06\/IMG_1940-1-300x200.jpg 300w, https:\/\/magikland.pt\/wp-content\/uploads\/2022\/06\/IMG_1940-1-1024x683.jpg 1024w, https:\/\/magikland.pt\/wp-content\/uploads\/2022\/06\/IMG_1940-1-768x512.jpg 768w, https:\/\/magikland.pt\/wp-content\/uploads\/2022\/06\/IMG_1940-1-18x12.jpg 18w, https:\/\/magikland.pt\/wp-content\/uploads\/2022\/06\/IMG_1940-1.jpg 1500w\" sizes=\"(max-width: 300px) 100vw, 300px\" \/><\/a>\n\t\t\t<\/div><\/figure>\n\t\t<\/div>\n\t\t<\/div>\n\t\t\t\t\t\t<\/div>\n\t\t\t\t<\/div>\n\t\t\t\t\t<\/div>\n\t\t<\/div>\n\t\t\t\t\t<\/div>\n\t\t<\/section>\n\t\t\t\t<section class=\"elementor-section elementor-top-section elementor-element elementor-element-91c573f elementor-section-boxed elementor-section-height-default elementor-section-height-default\" data-id=\"91c573f\" data-element_type=\"section\" data-e-type=\"section\" data-settings=\"{&quot;background_background&quot;:&quot;classic&quot;}\">\n\t\t\t\t\t\t<div class=\"elementor-container elementor-column-gap-default\">\n\t\t\t\t\t<div class=\"elementor-column elementor-col-100 elementor-top-column elementor-element elementor-element-926abda\" data-id=\"926abda\" data-element_type=\"column\" data-e-type=\"column\">\n\t\t\t<div class=\"elementor-widget-wrap\">\n\t\t\t\t\t\t\t<\/div>\n\t\t<\/div>\n\t\t\t\t\t<\/div>\n\t\t<\/section>\n\t\t\t\t<\/div>","protected":false},"excerpt":{"rendered":"<p>FOTOGRAFIAS Parque de Merendas Magik Pool Magik Pool Magik Pool Magik Pool Mundo da Confus\u00e3o Lagoa Pirata Lagoa Pirata Lagoa Pirata Lagoa Pirata Lago do Gale\u00e3o Lago do Gale\u00e3o<\/p>","protected":false},"author":1,"featured_media":0,"parent":0,"menu_order":0,"comment_status":"closed","ping_status":"closed","template":"","meta":{"site-sidebar-layout":"no-sidebar","site-content-layout":"page-builder","ast-site-content-layout":"full-width-container","site-content-style":"unboxed","site-sidebar-style":"unboxed","ast-global-header-display":"","ast-banner-title-visibility":"","ast-main-header-display":"","ast-hfb-above-header-display":"","ast-hfb-below-header-display":"","ast-hfb-mobile-header-display":"","site-post-title":"disabled","ast-breadcrumbs-content":"","ast-featured-img":"disabled","footer-sml-layout":"","ast-disable-related-posts":"","theme-transparent-header-meta":"default","adv-header-id-meta":"","stick-header-meta":"","header-above-stick-meta":"","header-main-stick-meta":"","header-below-stick-meta":"","astra-migrate-meta-layouts":"set","ast-page-background-enabled":"default","ast-page-background-meta":{"desktop":{"background-color":"","background-image":"","background-repeat":"repeat","background-position":"center center","background-size":"auto","background-attachment":"scroll","background-type":"","background-media":"","overlay-type":"","overlay-color":"","overlay-opacity":"","overlay-gradient":""},"tablet":{"background-color":"","background-image":"","background-repeat":"repeat","background-position":"center center","background-size":"auto","background-attachment":"scroll","background-type":"","background-media":"","overlay-type":"","overlay-color":"","overlay-opacity":"","overlay-gradient":""},"mobile":{"background-color":"","background-image":"","background-repeat":"repeat","background-position":"center center","background-size":"auto","background-attachment":"scroll","background-type":"","background-media":"","overlay-type":"","overlay-color":"","overlay-opacity":"","overlay-gradient":""}},"ast-content-background-meta":{"desktop":{"background-color":"var(--ast-global-color-5)","background-image":"","background-repeat":"repeat","background-position":"center center","background-size":"auto","background-attachment":"scroll","background-type":"","background-media":"","overlay-type":"","overlay-color":"","overlay-opacity":"","overlay-gradient":""},"tablet":{"background-color":"var(--ast-global-color-5)","background-image":"","background-repeat":"repeat","background-position":"center center","background-size":"auto","background-attachment":"scroll","background-type":"","background-media":"","overlay-type":"","overlay-color":"","overlay-opacity":"","overlay-gradient":""},"mobile":{"background-color":"var(--ast-global-color-5)","background-image":"","background-repeat":"repeat","background-position":"center center","background-size":"auto","background-attachment":"scroll","background-type":"","background-media":"","overlay-type":"","overlay-color":"","overlay-opacity":"","overlay-gradient":""}},"footnotes":""},"class_list":["post-2192","page","type-page","status-publish","hentry"],"_links":{"self":[{"href":"https:\/\/magikland.pt\/es\/wp-json\/wp\/v2\/pages\/2192","targetHints":{"allow":["GET"]}}],"collection":[{"href":"https:\/\/magikland.pt\/es\/wp-json\/wp\/v2\/pages"}],"about":[{"href":"https:\/\/magikland.pt\/es\/wp-json\/wp\/v2\/types\/page"}],"author":[{"embeddable":true,"href":"https:\/\/magikland.pt\/es\/wp-json\/wp\/v2\/users\/1"}],"replies":[{"embeddable":true,"href":"https:\/\/magikland.pt\/es\/wp-json\/wp\/v2\/comments?post=2192"}],"version-history":[{"count":0,"href":"https:\/\/magikland.pt\/es\/wp-json\/wp\/v2\/pages\/2192\/revisions"}],"wp:attachment":[{"href":"https:\/\/magikland.pt\/es\/wp-json\/wp\/v2\/media?parent=2192"}],"curies":[{"name":"wp","href":"https:\/\/api.w.org\/{rel}","templated":true}]}}