{"id":1037,"date":"2021-05-21T15:42:55","date_gmt":"2021-05-21T15:42:55","guid":{"rendered":"https:\/\/magikland.pt\/?page_id=1037"},"modified":"2022-03-11T17:31:45","modified_gmt":"2022-03-11T17:31:45","slug":"bar-eletrico","status":"publish","type":"page","link":"https:\/\/magikland.pt\/es\/bar-eletrico\/","title":{"rendered":"Bar El\u00e9trico"},"content":{"rendered":"<div data-elementor-type=\"wp-page\" data-elementor-id=\"1037\" class=\"elementor elementor-1037\">\n\t\t\t\t\t\t<section class=\"elementor-section elementor-top-section elementor-element elementor-element-8775728 elementor-section-boxed elementor-section-height-default elementor-section-height-default\" data-id=\"8775728\" data-element_type=\"section\" data-e-type=\"section\">\n\t\t\t\t\t\t<div class=\"elementor-container elementor-column-gap-default\">\n\t\t\t\t\t<div class=\"elementor-column elementor-col-100 elementor-top-column elementor-element elementor-element-74cba1e\" data-id=\"74cba1e\" data-element_type=\"column\" data-e-type=\"column\">\n\t\t\t<div class=\"elementor-widget-wrap elementor-element-populated\">\n\t\t\t\t\t\t<div class=\"elementor-element elementor-element-cf22267 elementor-widget elementor-widget-spacer\" data-id=\"cf22267\" data-element_type=\"widget\" data-e-type=\"widget\" data-widget_type=\"spacer.default\">\n\t\t\t\t<div class=\"elementor-widget-container\">\n\t\t\t\t\t\t\t<div class=\"elementor-spacer\">\n\t\t\t<div class=\"elementor-spacer-inner\"><\/div>\n\t\t<\/div>\n\t\t\t\t\t\t<\/div>\n\t\t\t\t<\/div>\n\t\t\t\t\t<\/div>\n\t\t<\/div>\n\t\t\t\t\t<\/div>\n\t\t<\/section>\n\t\t\t\t<section class=\"elementor-section elementor-top-section elementor-element elementor-element-1a656676 elementor-section-content-middle elementor-reverse-mobile elementor-section-boxed elementor-section-height-default elementor-section-height-default\" data-id=\"1a656676\" data-element_type=\"section\" data-e-type=\"section\">\n\t\t\t\t\t\t<div class=\"elementor-container elementor-column-gap-no\">\n\t\t\t\t\t<div class=\"elementor-column elementor-col-33 elementor-top-column elementor-element elementor-element-5ce657c1\" data-id=\"5ce657c1\" data-element_type=\"column\" data-e-type=\"column\">\n\t\t\t<div class=\"elementor-widget-wrap elementor-element-populated\">\n\t\t\t\t\t\t<div class=\"elementor-element elementor-element-41434132 elementor-widget elementor-widget-heading\" data-id=\"41434132\" data-element_type=\"widget\" data-e-type=\"widget\" data-widget_type=\"heading.default\">\n\t\t\t\t<div class=\"elementor-widget-container\">\n\t\t\t\t\t<h4 class=\"elementor-heading-title elementor-size-default\">BAR EL\u00c9TRICO<\/h4>\t\t\t\t<\/div>\n\t\t\t\t<\/div>\n\t\t\t\t<div class=\"elementor-element elementor-element-5948fb86 elementor-widget elementor-widget-text-editor\" data-id=\"5948fb86\" data-element_type=\"widget\" data-e-type=\"widget\" data-widget_type=\"text-editor.default\">\n\t\t\t\t<div class=\"elementor-widget-container\">\n\t\t\t\t\t\t\t\t\t<p>En el Mundo de la Confusi\u00f3n, una terraza le proporciona un paisaje \u00fanico sobre los elefantes voladores\u2026 Disfr\u00fatese de nuestro servicio de cafeter\u00eda y de r\u00e1pidas comidas\u2026<\/p>\t\t\t\t\t\t\t\t<\/div>\n\t\t\t\t<\/div>\n\t\t\t\t\t<\/div>\n\t\t<\/div>\n\t\t\t\t<div class=\"elementor-column elementor-col-66 elementor-top-column elementor-element elementor-element-3cb64a62\" data-id=\"3cb64a62\" data-element_type=\"column\" data-e-type=\"column\">\n\t\t\t<div class=\"elementor-widget-wrap elementor-element-populated\">\n\t\t\t\t\t\t<div class=\"elementor-element elementor-element-63459dcc elementor-widget elementor-widget-image\" data-id=\"63459dcc\" data-element_type=\"widget\" data-e-type=\"widget\" data-widget_type=\"image.default\">\n\t\t\t\t<div class=\"elementor-widget-container\">\n\t\t\t\t\t\t\t\t\t\t\t\t\t\t\t<img fetchpriority=\"high\" decoding=\"async\" width=\"1024\" height=\"1024\" src=\"https:\/\/magikland.pt\/wp-content\/uploads\/2021\/05\/ELETRICO-1024x1024.png\" class=\"attachment-large size-large wp-image-572\" alt=\"\" srcset=\"https:\/\/magikland.pt\/wp-content\/uploads\/2021\/05\/ELETRICO-1024x1024.png 1024w, https:\/\/magikland.pt\/wp-content\/uploads\/2021\/05\/ELETRICO-300x300.png 300w, https:\/\/magikland.pt\/wp-content\/uploads\/2021\/05\/ELETRICO-150x150.png 150w, https:\/\/magikland.pt\/wp-content\/uploads\/2021\/05\/ELETRICO-768x767.png 768w, https:\/\/magikland.pt\/wp-content\/uploads\/2021\/05\/ELETRICO.png 1154w\" sizes=\"(max-width: 1024px) 100vw, 1024px\" \/>\t\t\t\t\t\t\t\t\t\t\t\t\t\t\t<\/div>\n\t\t\t\t<\/div>\n\t\t\t\t\t<\/div>\n\t\t<\/div>\n\t\t\t\t\t<\/div>\n\t\t<\/section>\n\t\t\t\t<section class=\"elementor-section elementor-top-section elementor-element elementor-element-f5be1a4 elementor-section-boxed elementor-section-height-default elementor-section-height-default\" data-id=\"f5be1a4\" data-element_type=\"section\" data-e-type=\"section\">\n\t\t\t\t\t\t<div class=\"elementor-container elementor-column-gap-default\">\n\t\t\t\t\t<div class=\"elementor-column elementor-col-33 elementor-top-column elementor-element elementor-element-bb7ccf8\" data-id=\"bb7ccf8\" data-element_type=\"column\" data-e-type=\"column\">\n\t\t\t<div class=\"elementor-widget-wrap elementor-element-populated\">\n\t\t\t\t\t\t<div class=\"elementor-element elementor-element-b7508f4 elementor-widget elementor-widget-text-editor\" data-id=\"b7508f4\" data-element_type=\"widget\" data-e-type=\"widget\" data-widget_type=\"text-editor.default\">\n\t\t\t\t<div class=\"elementor-widget-container\">\n\t\t\t\t\t\t\t\t\t<p id=\"u17500-6\">\u2022 Baguettes variadas<br \/>\u2022 Hot-Dog<br \/>\u2022 Pizzas<br \/>\u2022 Lasa\u00f1as<br \/>\u2022 Hamburguesas<br \/>\u2022 Pasteler\u00eda variada<\/p>\t\t\t\t\t\t\t\t<\/div>\n\t\t\t\t<\/div>\n\t\t\t\t\t<\/div>\n\t\t<\/div>\n\t\t\t\t<div class=\"elementor-column elementor-col-66 elementor-top-column elementor-element elementor-element-07f80c9\" data-id=\"07f80c9\" data-element_type=\"column\" data-e-type=\"column\">\n\t\t\t<div class=\"elementor-widget-wrap elementor-element-populated\">\n\t\t\t\t\t\t<div class=\"elementor-element elementor-element-88b7d44 elementor-widget elementor-widget-image-gallery\" data-id=\"88b7d44\" data-element_type=\"widget\" data-e-type=\"widget\" data-widget_type=\"image-gallery.default\">\n\t\t\t\t<div class=\"elementor-widget-container\">\n\t\t\t\t\t\t\t<div class=\"elementor-image-gallery\">\n\t\t\t<div id='gallery-1' class='gallery galleryid-1037 gallery-columns-2 gallery-size-medium'><figure class='gallery-item'>\n\t\t\t<div class='gallery-icon landscape'>\n\t\t\t\t<a data-elementor-open-lightbox=\"yes\" data-elementor-lightbox-slideshow=\"88b7d44\" data-elementor-lightbox-title=\"dsc_0144\" data-e-action-hash=\"#elementor-action%3Aaction%3Dlightbox%26settings%3DeyJpZCI6MTA0MCwidXJsIjoiaHR0cHM6XC9cL21hZ2lrbGFuZC5wdFwvd3AtY29udGVudFwvdXBsb2Fkc1wvMjAyMVwvMDVcL2RzY18wMTQ0LmpwZyIsInNsaWRlc2hvdyI6Ijg4YjdkNDQifQ%3D%3D\" href='https:\/\/magikland.pt\/wp-content\/uploads\/2021\/05\/dsc_0144.jpg'><img decoding=\"async\" width=\"300\" height=\"200\" src=\"https:\/\/magikland.pt\/wp-content\/uploads\/2021\/05\/dsc_0144-300x200.jpg\" class=\"attachment-medium size-medium\" alt=\"\" srcset=\"https:\/\/magikland.pt\/wp-content\/uploads\/2021\/05\/dsc_0144-300x200.jpg 300w, https:\/\/magikland.pt\/wp-content\/uploads\/2021\/05\/dsc_0144-768x512.jpg 768w, https:\/\/magikland.pt\/wp-content\/uploads\/2021\/05\/dsc_0144.jpg 800w\" sizes=\"(max-width: 300px) 100vw, 300px\" \/><\/a>\n\t\t\t<\/div><\/figure><figure class='gallery-item'>\n\t\t\t<div class='gallery-icon landscape'>\n\t\t\t\t<a data-elementor-open-lightbox=\"yes\" data-elementor-lightbox-slideshow=\"88b7d44\" data-elementor-lightbox-title=\"dsc_0403\" data-e-action-hash=\"#elementor-action%3Aaction%3Dlightbox%26settings%3DeyJpZCI6MTA0MSwidXJsIjoiaHR0cHM6XC9cL21hZ2lrbGFuZC5wdFwvd3AtY29udGVudFwvdXBsb2Fkc1wvMjAyMVwvMDVcL2RzY18wNDAzLmpwZyIsInNsaWRlc2hvdyI6Ijg4YjdkNDQifQ%3D%3D\" href='https:\/\/magikland.pt\/wp-content\/uploads\/2021\/05\/dsc_0403.jpg'><img decoding=\"async\" width=\"300\" height=\"200\" src=\"https:\/\/magikland.pt\/wp-content\/uploads\/2021\/05\/dsc_0403-300x200.jpg\" class=\"attachment-medium size-medium\" alt=\"\" srcset=\"https:\/\/magikland.pt\/wp-content\/uploads\/2021\/05\/dsc_0403-300x200.jpg 300w, https:\/\/magikland.pt\/wp-content\/uploads\/2021\/05\/dsc_0403-768x512.jpg 768w, https:\/\/magikland.pt\/wp-content\/uploads\/2021\/05\/dsc_0403.jpg 800w\" sizes=\"(max-width: 300px) 100vw, 300px\" \/><\/a>\n\t\t\t<\/div><\/figure><figure class='gallery-item'>\n\t\t\t<div class='gallery-icon landscape'>\n\t\t\t\t<a data-elementor-open-lightbox=\"yes\" data-elementor-lightbox-slideshow=\"88b7d44\" data-elementor-lightbox-title=\"dsc_0609\" data-e-action-hash=\"#elementor-action%3Aaction%3Dlightbox%26settings%3DeyJpZCI6MTA0MiwidXJsIjoiaHR0cHM6XC9cL21hZ2lrbGFuZC5wdFwvd3AtY29udGVudFwvdXBsb2Fkc1wvMjAyMVwvMDVcL2RzY18wNjA5LmpwZyIsInNsaWRlc2hvdyI6Ijg4YjdkNDQifQ%3D%3D\" href='https:\/\/magikland.pt\/wp-content\/uploads\/2021\/05\/dsc_0609.jpg'><img loading=\"lazy\" decoding=\"async\" width=\"300\" height=\"200\" src=\"https:\/\/magikland.pt\/wp-content\/uploads\/2021\/05\/dsc_0609-300x200.jpg\" class=\"attachment-medium size-medium\" alt=\"\" srcset=\"https:\/\/magikland.pt\/wp-content\/uploads\/2021\/05\/dsc_0609-300x200.jpg 300w, https:\/\/magikland.pt\/wp-content\/uploads\/2021\/05\/dsc_0609-768x512.jpg 768w, https:\/\/magikland.pt\/wp-content\/uploads\/2021\/05\/dsc_0609.jpg 800w\" sizes=\"(max-width: 300px) 100vw, 300px\" \/><\/a>\n\t\t\t<\/div><\/figure><figure class='gallery-item'>\n\t\t\t<div class='gallery-icon landscape'>\n\t\t\t\t<a data-elementor-open-lightbox=\"yes\" data-elementor-lightbox-slideshow=\"88b7d44\" data-elementor-lightbox-title=\"dsc_0747\" data-e-action-hash=\"#elementor-action%3Aaction%3Dlightbox%26settings%3DeyJpZCI6MTA0MywidXJsIjoiaHR0cHM6XC9cL21hZ2lrbGFuZC5wdFwvd3AtY29udGVudFwvdXBsb2Fkc1wvMjAyMVwvMDVcL2RzY18wNzQ3LmpwZyIsInNsaWRlc2hvdyI6Ijg4YjdkNDQifQ%3D%3D\" href='https:\/\/magikland.pt\/wp-content\/uploads\/2021\/05\/dsc_0747.jpg'><img loading=\"lazy\" decoding=\"async\" width=\"300\" height=\"200\" src=\"https:\/\/magikland.pt\/wp-content\/uploads\/2021\/05\/dsc_0747-300x200.jpg\" class=\"attachment-medium size-medium\" alt=\"\" srcset=\"https:\/\/magikland.pt\/wp-content\/uploads\/2021\/05\/dsc_0747-300x200.jpg 300w, https:\/\/magikland.pt\/wp-content\/uploads\/2021\/05\/dsc_0747-768x512.jpg 768w, https:\/\/magikland.pt\/wp-content\/uploads\/2021\/05\/dsc_0747.jpg 800w\" sizes=\"(max-width: 300px) 100vw, 300px\" \/><\/a>\n\t\t\t<\/div><\/figure><figure class='gallery-item'>\n\t\t\t<div class='gallery-icon landscape'>\n\t\t\t\t<a data-elementor-open-lightbox=\"yes\" data-elementor-lightbox-slideshow=\"88b7d44\" data-elementor-lightbox-title=\"dsc_0921\" data-e-action-hash=\"#elementor-action%3Aaction%3Dlightbox%26settings%3DeyJpZCI6MTA0NCwidXJsIjoiaHR0cHM6XC9cL21hZ2lrbGFuZC5wdFwvd3AtY29udGVudFwvdXBsb2Fkc1wvMjAyMVwvMDVcL2RzY18wOTIxLmpwZyIsInNsaWRlc2hvdyI6Ijg4YjdkNDQifQ%3D%3D\" href='https:\/\/magikland.pt\/wp-content\/uploads\/2021\/05\/dsc_0921.jpg'><img loading=\"lazy\" decoding=\"async\" width=\"300\" height=\"200\" src=\"https:\/\/magikland.pt\/wp-content\/uploads\/2021\/05\/dsc_0921-300x200.jpg\" class=\"attachment-medium size-medium\" alt=\"\" srcset=\"https:\/\/magikland.pt\/wp-content\/uploads\/2021\/05\/dsc_0921-300x200.jpg 300w, https:\/\/magikland.pt\/wp-content\/uploads\/2021\/05\/dsc_0921-768x512.jpg 768w, https:\/\/magikland.pt\/wp-content\/uploads\/2021\/05\/dsc_0921.jpg 800w\" sizes=\"(max-width: 300px) 100vw, 300px\" \/><\/a>\n\t\t\t<\/div><\/figure><figure class='gallery-item'>\n\t\t\t<div class='gallery-icon landscape'>\n\t\t\t\t<a data-elementor-open-lightbox=\"yes\" data-elementor-lightbox-slideshow=\"88b7d44\" data-elementor-lightbox-title=\"dsc_0934\" data-e-action-hash=\"#elementor-action%3Aaction%3Dlightbox%26settings%3DeyJpZCI6MTA0NSwidXJsIjoiaHR0cHM6XC9cL21hZ2lrbGFuZC5wdFwvd3AtY29udGVudFwvdXBsb2Fkc1wvMjAyMVwvMDVcL2RzY18wOTM0LmpwZyIsInNsaWRlc2hvdyI6Ijg4YjdkNDQifQ%3D%3D\" href='https:\/\/magikland.pt\/wp-content\/uploads\/2021\/05\/dsc_0934.jpg'><img loading=\"lazy\" decoding=\"async\" width=\"300\" height=\"200\" src=\"https:\/\/magikland.pt\/wp-content\/uploads\/2021\/05\/dsc_0934-300x200.jpg\" class=\"attachment-medium size-medium\" alt=\"\" srcset=\"https:\/\/magikland.pt\/wp-content\/uploads\/2021\/05\/dsc_0934-300x200.jpg 300w, https:\/\/magikland.pt\/wp-content\/uploads\/2021\/05\/dsc_0934-768x512.jpg 768w, https:\/\/magikland.pt\/wp-content\/uploads\/2021\/05\/dsc_0934.jpg 800w\" sizes=\"(max-width: 300px) 100vw, 300px\" \/><\/a>\n\t\t\t<\/div><\/figure>\n\t\t<\/div>\n\t\t<\/div>\n\t\t\t\t\t\t<\/div>\n\t\t\t\t<\/div>\n\t\t\t\t\t<\/div>\n\t\t<\/div>\n\t\t\t\t\t<\/div>\n\t\t<\/section>\n\t\t\t\t<section class=\"elementor-section elementor-top-section elementor-element elementor-element-87970ec elementor-section-boxed elementor-section-height-default elementor-section-height-default\" data-id=\"87970ec\" data-element_type=\"section\" data-e-type=\"section\" data-settings=\"{&quot;background_background&quot;:&quot;classic&quot;}\">\n\t\t\t\t\t\t<div class=\"elementor-container elementor-column-gap-default\">\n\t\t\t\t\t<div class=\"elementor-column elementor-col-100 elementor-top-column elementor-element elementor-element-f4cb745\" data-id=\"f4cb745\" data-element_type=\"column\" data-e-type=\"column\">\n\t\t\t<div class=\"elementor-widget-wrap\">\n\t\t\t\t\t\t\t<\/div>\n\t\t<\/div>\n\t\t\t\t\t<\/div>\n\t\t<\/section>\n\t\t\t\t<\/div>","protected":false},"excerpt":{"rendered":"<p>BAR EL\u00c9TRICO No Mundo da Confus\u00e3o, uma esplanada proporciona-lhe uma vista \u00fanica para uns elefantes voadores\u2026 Desfrute do nosso servi\u00e7o de cafetaria e refei\u00e7\u00f5es r\u00e1pidas\u2026 \u2022 Baguetes Variadas \u2022 Cachorros \u2022 Pizzas \u2022 Lasanhas \u2022 Hamb\u00fargueres \u2022 Pastelaria Variada<\/p>","protected":false},"author":1,"featured_media":0,"parent":0,"menu_order":0,"comment_status":"closed","ping_status":"closed","template":"","meta":{"site-sidebar-layout":"no-sidebar","site-content-layout":"page-builder","ast-site-content-layout":"default","site-content-style":"default","site-sidebar-style":"default","ast-global-header-display":"","ast-banner-title-visibility":"","ast-main-header-display":"","ast-hfb-above-header-display":"","ast-hfb-below-header-display":"","ast-hfb-mobile-header-display":"","site-post-title":"disabled","ast-breadcrumbs-content":"","ast-featured-img":"disabled","footer-sml-layout":"","ast-disable-related-posts":"","theme-transparent-header-meta":"default","adv-header-id-meta":"","stick-header-meta":"","header-above-stick-meta":"","header-main-stick-meta":"","header-below-stick-meta":"","astra-migrate-meta-layouts":"default","ast-page-background-enabled":"default","ast-page-background-meta":{"desktop":{"background-color":"","background-image":"","background-repeat":"repeat","background-position":"center center","background-size":"auto","background-attachment":"scroll","background-type":"","background-media":"","overlay-type":"","overlay-color":"","overlay-opacity":"","overlay-gradient":""},"tablet":{"background-color":"","background-image":"","background-repeat":"repeat","background-position":"center center","background-size":"auto","background-attachment":"scroll","background-type":"","background-media":"","overlay-type":"","overlay-color":"","overlay-opacity":"","overlay-gradient":""},"mobile":{"background-color":"","background-image":"","background-repeat":"repeat","background-position":"center center","background-size":"auto","background-attachment":"scroll","background-type":"","background-media":"","overlay-type":"","overlay-color":"","overlay-opacity":"","overlay-gradient":""}},"ast-content-background-meta":{"desktop":{"background-color":"var(--ast-global-color-5)","background-image":"","background-repeat":"repeat","background-position":"center center","background-size":"auto","background-attachment":"scroll","background-type":"","background-media":"","overlay-type":"","overlay-color":"","overlay-opacity":"","overlay-gradient":""},"tablet":{"background-color":"var(--ast-global-color-5)","background-image":"","background-repeat":"repeat","background-position":"center center","background-size":"auto","background-attachment":"scroll","background-type":"","background-media":"","overlay-type":"","overlay-color":"","overlay-opacity":"","overlay-gradient":""},"mobile":{"background-color":"var(--ast-global-color-5)","background-image":"","background-repeat":"repeat","background-position":"center center","background-size":"auto","background-attachment":"scroll","background-type":"","background-media":"","overlay-type":"","overlay-color":"","overlay-opacity":"","overlay-gradient":""}},"footnotes":""},"class_list":["post-1037","page","type-page","status-publish","hentry"],"_links":{"self":[{"href":"https:\/\/magikland.pt\/es\/wp-json\/wp\/v2\/pages\/1037","targetHints":{"allow":["GET"]}}],"collection":[{"href":"https:\/\/magikland.pt\/es\/wp-json\/wp\/v2\/pages"}],"about":[{"href":"https:\/\/magikland.pt\/es\/wp-json\/wp\/v2\/types\/page"}],"author":[{"embeddable":true,"href":"https:\/\/magikland.pt\/es\/wp-json\/wp\/v2\/users\/1"}],"replies":[{"embeddable":true,"href":"https:\/\/magikland.pt\/es\/wp-json\/wp\/v2\/comments?post=1037"}],"version-history":[{"count":0,"href":"https:\/\/magikland.pt\/es\/wp-json\/wp\/v2\/pages\/1037\/revisions"}],"wp:attachment":[{"href":"https:\/\/magikland.pt\/es\/wp-json\/wp\/v2\/media?parent=1037"}],"curies":[{"name":"wp","href":"https:\/\/api.w.org\/{rel}","templated":true}]}}