{"id":1026,"date":"2021-05-21T15:38:30","date_gmt":"2021-05-21T15:38:30","guid":{"rendered":"https:\/\/magikland.pt\/?page_id=1026"},"modified":"2023-02-02T11:32:30","modified_gmt":"2023-02-02T11:32:30","slug":"kimbo-bar","status":"publish","type":"page","link":"https:\/\/magikland.pt\/es\/kimbo-bar\/","title":{"rendered":"Kimbo Bar"},"content":{"rendered":"<div data-elementor-type=\"wp-page\" data-elementor-id=\"1026\" class=\"elementor elementor-1026\">\n\t\t\t\t\t\t<section class=\"elementor-section elementor-top-section elementor-element elementor-element-e643a34 elementor-section-boxed elementor-section-height-default elementor-section-height-default\" data-id=\"e643a34\" data-element_type=\"section\" data-e-type=\"section\">\n\t\t\t\t\t\t<div class=\"elementor-container elementor-column-gap-default\">\n\t\t\t\t\t<div class=\"elementor-column elementor-col-100 elementor-top-column elementor-element elementor-element-0903ed3\" data-id=\"0903ed3\" data-element_type=\"column\" data-e-type=\"column\">\n\t\t\t<div class=\"elementor-widget-wrap elementor-element-populated\">\n\t\t\t\t\t\t<div class=\"elementor-element elementor-element-6b6d250 elementor-widget elementor-widget-spacer\" data-id=\"6b6d250\" data-element_type=\"widget\" data-e-type=\"widget\" data-widget_type=\"spacer.default\">\n\t\t\t\t<div class=\"elementor-widget-container\">\n\t\t\t\t\t\t\t<div class=\"elementor-spacer\">\n\t\t\t<div class=\"elementor-spacer-inner\"><\/div>\n\t\t<\/div>\n\t\t\t\t\t\t<\/div>\n\t\t\t\t<\/div>\n\t\t\t\t\t<\/div>\n\t\t<\/div>\n\t\t\t\t\t<\/div>\n\t\t<\/section>\n\t\t\t\t<section class=\"elementor-section elementor-top-section elementor-element elementor-element-1a656676 elementor-section-content-middle elementor-reverse-mobile elementor-section-boxed elementor-section-height-default elementor-section-height-default\" data-id=\"1a656676\" data-element_type=\"section\" data-e-type=\"section\">\n\t\t\t\t\t\t<div class=\"elementor-container elementor-column-gap-no\">\n\t\t\t\t\t<div class=\"elementor-column elementor-col-33 elementor-top-column elementor-element elementor-element-5ce657c1\" data-id=\"5ce657c1\" data-element_type=\"column\" data-e-type=\"column\">\n\t\t\t<div class=\"elementor-widget-wrap elementor-element-populated\">\n\t\t\t\t\t\t<div class=\"elementor-element elementor-element-41434132 elementor-widget elementor-widget-heading\" data-id=\"41434132\" data-element_type=\"widget\" data-e-type=\"widget\" data-widget_type=\"heading.default\">\n\t\t\t\t<div class=\"elementor-widget-container\">\n\t\t\t\t\t<h4 class=\"elementor-heading-title elementor-size-default\">KIMBO BAR<\/h4>\t\t\t\t<\/div>\n\t\t\t\t<\/div>\n\t\t\t\t<div class=\"elementor-element elementor-element-5948fb86 elementor-widget elementor-widget-text-editor\" data-id=\"5948fb86\" data-element_type=\"widget\" data-e-type=\"widget\" data-widget_type=\"text-editor.default\">\n\t\t\t\t<div class=\"elementor-widget-container\">\n\t\t\t\t\t\t\t\t\t<p>Em plena \u00c1frica desfrute de uma vista \u00fanica do topo dos nossos fabulosos escorregas, explore o caminho do Dakar e relaxe na nossa magn\u00edfica esplanada com o nosso\u00a0 servi\u00e7o de cafetaria e refei\u00e7\u00f5es r\u00e1pidas\u2026<\/p>\t\t\t\t\t\t\t\t<\/div>\n\t\t\t\t<\/div>\n\t\t\t\t\t<\/div>\n\t\t<\/div>\n\t\t\t\t<div class=\"elementor-column elementor-col-66 elementor-top-column elementor-element elementor-element-3cb64a62\" data-id=\"3cb64a62\" data-element_type=\"column\" data-e-type=\"column\">\n\t\t\t<div class=\"elementor-widget-wrap elementor-element-populated\">\n\t\t\t\t\t\t<div class=\"elementor-element elementor-element-63459dcc elementor-widget elementor-widget-image\" data-id=\"63459dcc\" data-element_type=\"widget\" data-e-type=\"widget\" data-widget_type=\"image.default\">\n\t\t\t\t<div class=\"elementor-widget-container\">\n\t\t\t\t\t\t\t\t\t\t\t\t\t\t\t<img fetchpriority=\"high\" decoding=\"async\" width=\"1024\" height=\"1024\" src=\"https:\/\/magikland.pt\/wp-content\/uploads\/2021\/05\/KIMBO-1024x1024.png\" class=\"attachment-large size-large wp-image-570\" alt=\"\" srcset=\"https:\/\/magikland.pt\/wp-content\/uploads\/2021\/05\/KIMBO-1024x1024.png 1024w, https:\/\/magikland.pt\/wp-content\/uploads\/2021\/05\/KIMBO-300x300.png 300w, https:\/\/magikland.pt\/wp-content\/uploads\/2021\/05\/KIMBO-150x150.png 150w, https:\/\/magikland.pt\/wp-content\/uploads\/2021\/05\/KIMBO-768x769.png 768w, https:\/\/magikland.pt\/wp-content\/uploads\/2021\/05\/KIMBO.png 1153w\" sizes=\"(max-width: 1024px) 100vw, 1024px\" \/>\t\t\t\t\t\t\t\t\t\t\t\t\t\t\t<\/div>\n\t\t\t\t<\/div>\n\t\t\t\t\t<\/div>\n\t\t<\/div>\n\t\t\t\t\t<\/div>\n\t\t<\/section>\n\t\t\t\t<section class=\"elementor-section elementor-top-section elementor-element elementor-element-f5be1a4 elementor-section-boxed elementor-section-height-default elementor-section-height-default\" data-id=\"f5be1a4\" data-element_type=\"section\" data-e-type=\"section\">\n\t\t\t\t\t\t<div class=\"elementor-container elementor-column-gap-default\">\n\t\t\t\t\t<div class=\"elementor-column elementor-col-33 elementor-top-column elementor-element elementor-element-bb7ccf8\" data-id=\"bb7ccf8\" data-element_type=\"column\" data-e-type=\"column\">\n\t\t\t<div class=\"elementor-widget-wrap elementor-element-populated\">\n\t\t\t\t\t\t<div class=\"elementor-element elementor-element-b7508f4 elementor-widget elementor-widget-text-editor\" data-id=\"b7508f4\" data-element_type=\"widget\" data-e-type=\"widget\" data-widget_type=\"text-editor.default\">\n\t\t\t\t<div class=\"elementor-widget-container\">\n\t\t\t\t\t\t\t\t\t<p id=\"u17416-6\">\u2022 Baguettes variadas<br \/>\u2022 Hot-Dog<br \/>\u2022 Pizzas<br \/>\u2022 Lasa\u00f1as<br \/>\u2022 Hamburguesas<br \/>\u2022 Pasteler\u00eda variada<\/p>\t\t\t\t\t\t\t\t<\/div>\n\t\t\t\t<\/div>\n\t\t\t\t\t<\/div>\n\t\t<\/div>\n\t\t\t\t<div class=\"elementor-column elementor-col-66 elementor-top-column elementor-element elementor-element-07f80c9\" data-id=\"07f80c9\" data-element_type=\"column\" data-e-type=\"column\">\n\t\t\t<div class=\"elementor-widget-wrap elementor-element-populated\">\n\t\t\t\t\t\t<div class=\"elementor-element elementor-element-88b7d44 elementor-widget elementor-widget-image-gallery\" data-id=\"88b7d44\" data-element_type=\"widget\" data-e-type=\"widget\" data-widget_type=\"image-gallery.default\">\n\t\t\t\t<div class=\"elementor-widget-container\">\n\t\t\t\t\t\t\t<div class=\"elementor-image-gallery\">\n\t\t\t<div id='gallery-1' class='gallery galleryid-1026 gallery-columns-2 gallery-size-medium'><figure class='gallery-item'>\n\t\t\t<div class='gallery-icon landscape'>\n\t\t\t\t<a data-elementor-open-lightbox=\"yes\" data-elementor-lightbox-slideshow=\"88b7d44\" data-elementor-lightbox-title=\"dsc_0353\" data-e-action-hash=\"#elementor-action%3Aaction%3Dlightbox%26settings%3DeyJpZCI6MTAyOCwidXJsIjoiaHR0cHM6XC9cL21hZ2lrbGFuZC5wdFwvd3AtY29udGVudFwvdXBsb2Fkc1wvMjAyMVwvMDVcL2RzY18wMzUzLmpwZyIsInNsaWRlc2hvdyI6Ijg4YjdkNDQifQ%3D%3D\" href='https:\/\/magikland.pt\/wp-content\/uploads\/2021\/05\/dsc_0353.jpg'><img decoding=\"async\" width=\"300\" height=\"200\" src=\"https:\/\/magikland.pt\/wp-content\/uploads\/2021\/05\/dsc_0353-300x200.jpg\" class=\"attachment-medium size-medium\" alt=\"\" srcset=\"https:\/\/magikland.pt\/wp-content\/uploads\/2021\/05\/dsc_0353-300x200.jpg 300w, https:\/\/magikland.pt\/wp-content\/uploads\/2021\/05\/dsc_0353-768x512.jpg 768w, https:\/\/magikland.pt\/wp-content\/uploads\/2021\/05\/dsc_0353.jpg 800w\" sizes=\"(max-width: 300px) 100vw, 300px\" \/><\/a>\n\t\t\t<\/div><\/figure><figure class='gallery-item'>\n\t\t\t<div class='gallery-icon landscape'>\n\t\t\t\t<a data-elementor-open-lightbox=\"yes\" data-elementor-lightbox-slideshow=\"88b7d44\" data-elementor-lightbox-title=\"dsc_0358\" data-e-action-hash=\"#elementor-action%3Aaction%3Dlightbox%26settings%3DeyJpZCI6MTAyOSwidXJsIjoiaHR0cHM6XC9cL21hZ2lrbGFuZC5wdFwvd3AtY29udGVudFwvdXBsb2Fkc1wvMjAyMVwvMDVcL2RzY18wMzU4LmpwZyIsInNsaWRlc2hvdyI6Ijg4YjdkNDQifQ%3D%3D\" href='https:\/\/magikland.pt\/wp-content\/uploads\/2021\/05\/dsc_0358.jpg'><img decoding=\"async\" width=\"300\" height=\"200\" src=\"https:\/\/magikland.pt\/wp-content\/uploads\/2021\/05\/dsc_0358-300x200.jpg\" class=\"attachment-medium size-medium\" alt=\"\" srcset=\"https:\/\/magikland.pt\/wp-content\/uploads\/2021\/05\/dsc_0358-300x200.jpg 300w, https:\/\/magikland.pt\/wp-content\/uploads\/2021\/05\/dsc_0358-768x512.jpg 768w, https:\/\/magikland.pt\/wp-content\/uploads\/2021\/05\/dsc_0358.jpg 800w\" sizes=\"(max-width: 300px) 100vw, 300px\" \/><\/a>\n\t\t\t<\/div><\/figure><figure class='gallery-item'>\n\t\t\t<div class='gallery-icon landscape'>\n\t\t\t\t<a data-elementor-open-lightbox=\"yes\" data-elementor-lightbox-slideshow=\"88b7d44\" data-elementor-lightbox-title=\"dsc_0379\" data-e-action-hash=\"#elementor-action%3Aaction%3Dlightbox%26settings%3DeyJpZCI6MTAzMCwidXJsIjoiaHR0cHM6XC9cL21hZ2lrbGFuZC5wdFwvd3AtY29udGVudFwvdXBsb2Fkc1wvMjAyMVwvMDVcL2RzY18wMzc5LmpwZyIsInNsaWRlc2hvdyI6Ijg4YjdkNDQifQ%3D%3D\" href='https:\/\/magikland.pt\/wp-content\/uploads\/2021\/05\/dsc_0379.jpg'><img loading=\"lazy\" decoding=\"async\" width=\"300\" height=\"200\" src=\"https:\/\/magikland.pt\/wp-content\/uploads\/2021\/05\/dsc_0379-300x200.jpg\" class=\"attachment-medium size-medium\" alt=\"\" srcset=\"https:\/\/magikland.pt\/wp-content\/uploads\/2021\/05\/dsc_0379-300x200.jpg 300w, https:\/\/magikland.pt\/wp-content\/uploads\/2021\/05\/dsc_0379-768x512.jpg 768w, https:\/\/magikland.pt\/wp-content\/uploads\/2021\/05\/dsc_0379.jpg 800w\" sizes=\"(max-width: 300px) 100vw, 300px\" \/><\/a>\n\t\t\t<\/div><\/figure><figure class='gallery-item'>\n\t\t\t<div class='gallery-icon landscape'>\n\t\t\t\t<a data-elementor-open-lightbox=\"yes\" data-elementor-lightbox-slideshow=\"88b7d44\" data-elementor-lightbox-title=\"dsc_0382\" data-e-action-hash=\"#elementor-action%3Aaction%3Dlightbox%26settings%3DeyJpZCI6MTAzMSwidXJsIjoiaHR0cHM6XC9cL21hZ2lrbGFuZC5wdFwvd3AtY29udGVudFwvdXBsb2Fkc1wvMjAyMVwvMDVcL2RzY18wMzgyLmpwZyIsInNsaWRlc2hvdyI6Ijg4YjdkNDQifQ%3D%3D\" href='https:\/\/magikland.pt\/wp-content\/uploads\/2021\/05\/dsc_0382.jpg'><img loading=\"lazy\" decoding=\"async\" width=\"300\" height=\"200\" src=\"https:\/\/magikland.pt\/wp-content\/uploads\/2021\/05\/dsc_0382-300x200.jpg\" class=\"attachment-medium size-medium\" alt=\"\" srcset=\"https:\/\/magikland.pt\/wp-content\/uploads\/2021\/05\/dsc_0382-300x200.jpg 300w, https:\/\/magikland.pt\/wp-content\/uploads\/2021\/05\/dsc_0382-768x512.jpg 768w, https:\/\/magikland.pt\/wp-content\/uploads\/2021\/05\/dsc_0382.jpg 800w\" sizes=\"(max-width: 300px) 100vw, 300px\" \/><\/a>\n\t\t\t<\/div><\/figure><figure class='gallery-item'>\n\t\t\t<div class='gallery-icon landscape'>\n\t\t\t\t<a data-elementor-open-lightbox=\"yes\" data-elementor-lightbox-slideshow=\"88b7d44\" data-elementor-lightbox-title=\"dsc_0761\" data-e-action-hash=\"#elementor-action%3Aaction%3Dlightbox%26settings%3DeyJpZCI6MTAzMiwidXJsIjoiaHR0cHM6XC9cL21hZ2lrbGFuZC5wdFwvd3AtY29udGVudFwvdXBsb2Fkc1wvMjAyMVwvMDVcL2RzY18wNzYxLmpwZyIsInNsaWRlc2hvdyI6Ijg4YjdkNDQifQ%3D%3D\" href='https:\/\/magikland.pt\/wp-content\/uploads\/2021\/05\/dsc_0761.jpg'><img loading=\"lazy\" decoding=\"async\" width=\"300\" height=\"200\" src=\"https:\/\/magikland.pt\/wp-content\/uploads\/2021\/05\/dsc_0761-300x200.jpg\" class=\"attachment-medium size-medium\" alt=\"\" srcset=\"https:\/\/magikland.pt\/wp-content\/uploads\/2021\/05\/dsc_0761-300x200.jpg 300w, https:\/\/magikland.pt\/wp-content\/uploads\/2021\/05\/dsc_0761-768x512.jpg 768w, https:\/\/magikland.pt\/wp-content\/uploads\/2021\/05\/dsc_0761.jpg 800w\" sizes=\"(max-width: 300px) 100vw, 300px\" \/><\/a>\n\t\t\t<\/div><\/figure><figure class='gallery-item'>\n\t\t\t<div class='gallery-icon landscape'>\n\t\t\t\t<a data-elementor-open-lightbox=\"yes\" data-elementor-lightbox-slideshow=\"88b7d44\" data-elementor-lightbox-title=\"dsc_0873\" data-e-action-hash=\"#elementor-action%3Aaction%3Dlightbox%26settings%3DeyJpZCI6MTAzMywidXJsIjoiaHR0cHM6XC9cL21hZ2lrbGFuZC5wdFwvd3AtY29udGVudFwvdXBsb2Fkc1wvMjAyMVwvMDVcL2RzY18wODczLmpwZyIsInNsaWRlc2hvdyI6Ijg4YjdkNDQifQ%3D%3D\" href='https:\/\/magikland.pt\/wp-content\/uploads\/2021\/05\/dsc_0873.jpg'><img loading=\"lazy\" decoding=\"async\" width=\"300\" height=\"200\" src=\"https:\/\/magikland.pt\/wp-content\/uploads\/2021\/05\/dsc_0873-300x200.jpg\" class=\"attachment-medium size-medium\" alt=\"\" srcset=\"https:\/\/magikland.pt\/wp-content\/uploads\/2021\/05\/dsc_0873-300x200.jpg 300w, https:\/\/magikland.pt\/wp-content\/uploads\/2021\/05\/dsc_0873-768x512.jpg 768w, https:\/\/magikland.pt\/wp-content\/uploads\/2021\/05\/dsc_0873.jpg 800w\" sizes=\"(max-width: 300px) 100vw, 300px\" \/><\/a>\n\t\t\t<\/div><\/figure>\n\t\t<\/div>\n\t\t<\/div>\n\t\t\t\t\t\t<\/div>\n\t\t\t\t<\/div>\n\t\t\t\t\t<\/div>\n\t\t<\/div>\n\t\t\t\t\t<\/div>\n\t\t<\/section>\n\t\t\t\t<section class=\"elementor-section elementor-top-section elementor-element elementor-element-87970ec elementor-section-boxed elementor-section-height-default elementor-section-height-default\" data-id=\"87970ec\" data-element_type=\"section\" data-e-type=\"section\" data-settings=\"{&quot;background_background&quot;:&quot;classic&quot;}\">\n\t\t\t\t\t\t<div class=\"elementor-container elementor-column-gap-default\">\n\t\t\t\t\t<div class=\"elementor-column elementor-col-100 elementor-top-column elementor-element elementor-element-f4cb745\" data-id=\"f4cb745\" data-element_type=\"column\" data-e-type=\"column\">\n\t\t\t<div class=\"elementor-widget-wrap\">\n\t\t\t\t\t\t\t<\/div>\n\t\t<\/div>\n\t\t\t\t\t<\/div>\n\t\t<\/section>\n\t\t\t\t<\/div>","protected":false},"excerpt":{"rendered":"<p>KIMBO BAR Em plena \u00c1frica desfrute de uma vista \u00fanica do topo dos nossos fabulosos escorregas, explore o caminho do Dakar e relaxe na nossa magn\u00edfica esplanada com o nosso\u00a0 servi\u00e7o de cafetaria e refei\u00e7\u00f5es r\u00e1pidas\u2026 \u2022 Baguetes Variadas\u2022 Cachorros\u2022 Pizzas\u2022 Lasanhas\u2022 Hamb\u00fargueres\u2022 Pastelaria Variada<\/p>","protected":false},"author":1,"featured_media":0,"parent":0,"menu_order":0,"comment_status":"closed","ping_status":"closed","template":"","meta":{"site-sidebar-layout":"no-sidebar","site-content-layout":"page-builder","ast-site-content-layout":"default","site-content-style":"default","site-sidebar-style":"default","ast-global-header-display":"","ast-banner-title-visibility":"","ast-main-header-display":"","ast-hfb-above-header-display":"","ast-hfb-below-header-display":"","ast-hfb-mobile-header-display":"","site-post-title":"disabled","ast-breadcrumbs-content":"","ast-featured-img":"disabled","footer-sml-layout":"","ast-disable-related-posts":"","theme-transparent-header-meta":"default","adv-header-id-meta":"","stick-header-meta":"","header-above-stick-meta":"","header-main-stick-meta":"","header-below-stick-meta":"","astra-migrate-meta-layouts":"default","ast-page-background-enabled":"default","ast-page-background-meta":{"desktop":{"background-color":"","background-image":"","background-repeat":"repeat","background-position":"center center","background-size":"auto","background-attachment":"scroll","background-type":"","background-media":"","overlay-type":"","overlay-color":"","overlay-opacity":"","overlay-gradient":""},"tablet":{"background-color":"","background-image":"","background-repeat":"repeat","background-position":"center center","background-size":"auto","background-attachment":"scroll","background-type":"","background-media":"","overlay-type":"","overlay-color":"","overlay-opacity":"","overlay-gradient":""},"mobile":{"background-color":"","background-image":"","background-repeat":"repeat","background-position":"center center","background-size":"auto","background-attachment":"scroll","background-type":"","background-media":"","overlay-type":"","overlay-color":"","overlay-opacity":"","overlay-gradient":""}},"ast-content-background-meta":{"desktop":{"background-color":"var(--ast-global-color-5)","background-image":"","background-repeat":"repeat","background-position":"center center","background-size":"auto","background-attachment":"scroll","background-type":"","background-media":"","overlay-type":"","overlay-color":"","overlay-opacity":"","overlay-gradient":""},"tablet":{"background-color":"var(--ast-global-color-5)","background-image":"","background-repeat":"repeat","background-position":"center center","background-size":"auto","background-attachment":"scroll","background-type":"","background-media":"","overlay-type":"","overlay-color":"","overlay-opacity":"","overlay-gradient":""},"mobile":{"background-color":"var(--ast-global-color-5)","background-image":"","background-repeat":"repeat","background-position":"center center","background-size":"auto","background-attachment":"scroll","background-type":"","background-media":"","overlay-type":"","overlay-color":"","overlay-opacity":"","overlay-gradient":""}},"footnotes":""},"class_list":["post-1026","page","type-page","status-publish","hentry"],"_links":{"self":[{"href":"https:\/\/magikland.pt\/es\/wp-json\/wp\/v2\/pages\/1026","targetHints":{"allow":["GET"]}}],"collection":[{"href":"https:\/\/magikland.pt\/es\/wp-json\/wp\/v2\/pages"}],"about":[{"href":"https:\/\/magikland.pt\/es\/wp-json\/wp\/v2\/types\/page"}],"author":[{"embeddable":true,"href":"https:\/\/magikland.pt\/es\/wp-json\/wp\/v2\/users\/1"}],"replies":[{"embeddable":true,"href":"https:\/\/magikland.pt\/es\/wp-json\/wp\/v2\/comments?post=1026"}],"version-history":[{"count":0,"href":"https:\/\/magikland.pt\/es\/wp-json\/wp\/v2\/pages\/1026\/revisions"}],"wp:attachment":[{"href":"https:\/\/magikland.pt\/es\/wp-json\/wp\/v2\/media?parent=1026"}],"curies":[{"name":"wp","href":"https:\/\/api.w.org\/{rel}","templated":true}]}}